{"id":255602,"date":"2017-03-13T15:29:15","date_gmt":"2017-03-13T14:29:15","guid":{"rendered":"https:\/\/timberstoves.eu\/kundenbetreuung\/"},"modified":"2023-11-14T17:02:09","modified_gmt":"2023-11-14T16:02:09","slug":"kundenbetreuung","status":"publish","type":"page","link":"https:\/\/timberstoves.eu\/de\/kundenbetreuung\/","title":{"rendered":"Kundenbetreuung"},"content":{"rendered":"<p>[et_pb_section fb_built=&#8221;1&#8243; _builder_version=&#8221;4.16&#8243; global_colors_info=&#8221;{}&#8221;][et_pb_row _builder_version=&#8221;4.16&#8243; background_size=&#8221;initial&#8221; background_position=&#8221;top_left&#8221; background_repeat=&#8221;repeat&#8221; global_colors_info=&#8221;{}&#8221;][et_pb_column type=&#8221;4_4&#8243; _builder_version=&#8221;4.16&#8243; custom_padding=&#8221;|||&#8221; global_colors_info=&#8221;{}&#8221; custom_padding__hover=&#8221;|||&#8221;][et_pb_text _builder_version=&#8221;4.16&#8243; background_size=&#8221;initial&#8221; background_position=&#8221;top_left&#8221; background_repeat=&#8221;repeat&#8221; global_colors_info=&#8221;{}&#8221;]<\/p>\n<h2>R\u00fcckgabebedingungen:<\/h2>\n<p>Wir akzeptieren nur R\u00fccksendungen von Artikeln, die direkt bei WPP per Telefon, \u00fcber eine gesponserte Veranstaltung oder \u00fcber unsere Website woodpelletproducts.com gekauft wurden. Sie k\u00f6nnen Ihr(e) Produkt(e) bis zu 45 Tage nach dem urspr\u00fcnglichen Versanddatum zur\u00fcckgeben. Alle Waren m\u00fcssen unbenutzt und unmontiert sein und in der Originalverpackung zur\u00fcckgeschickt werden. Bitte f\u00fcgen Sie eine Kopie des Original-Kaufbelegs bei.<br \/>Eine vollst\u00e4ndige R\u00fcckerstattung des Warenpreises wird automatisch innerhalb von 10 Werktagen nach Erhalt des zur\u00fcckgegebenen Produkts auf Ihre Kredit- oder Debitkarte gebucht. Wenn Ihr urspr\u00fcngliches Zahlungsmittel nicht mehr aktiv ist, senden wir Ihnen innerhalb von 30 Tagen einen Scheck. Original- und R\u00fccksendekosten sind nicht erstattungsf\u00e4hig. Alle Sendungen m\u00fcssen innerhalb von 45 Tagen nach dem urspr\u00fcnglichen Versanddatum abgestempelt werden.<br \/>F\u00fcr Waren, die nach Ablauf von 45 Tagen nach dem urspr\u00fcnglichen Versanddatum zur\u00fcckgegeben werden, wird keine R\u00fcckerstattung gew\u00e4hrt. Dieses R\u00fcckgaberecht gilt nur f\u00fcr Produkte, die direkt von WPP per Telefon, \u00fcber eine gesponserte Veranstaltung oder \u00fcber die Website erworben wurden. Wenn Sie Ihren Kauf \u00fcber einen autorisierten WPP-H\u00e4ndler get\u00e4tigt haben, wenden Sie sich bitte direkt an den H\u00e4ndler, um Informationen \u00fcber dessen R\u00fcckgabebedingungen zu erhalten.<\/p>\n<h2>Garantie:<\/h2>\n<p>3 JAHRE GARANTIE<br \/>Wood Pellet Products LLC garantiert f\u00fcr einen Zeitraum von drei (3) Jahren ab dem Datum des Originalkaufs, dass die Heizger\u00e4te bei normalem Gebrauch und normaler Wartung keine Material- und Verarbeitungsfehler aufweisen. Dies gilt nicht f\u00fcr das Finish des Produkts. WPP wird ein Ersatzteil f\u00fcr einen defekten Anschluss liefern. Originalteile, die von der Ersatzteilabteilung von WPP zur R\u00fcckgabe freigegeben wurden, m\u00fcssen frankiert zur\u00fcckgeschickt werden. Diese Garantie umfasst nicht die Arbeitskosten, die mit der Bestimmung oder dem Austausch defekter Teile verbunden sind, oder die Frachtkosten f\u00fcr den Versand dieser Teile. WPP haftet weder unter dieser noch unter einer stillschweigenden Garantie f\u00fcr beil\u00e4ufig entstandene Sch\u00e4den oder Folgesch\u00e4den. Diese Garantie verleiht dem Einzelhandelskunden bestimmte Rechte, und der Kunde kann weitere Rechte haben, die von Staat zu Staat unterschiedlich sind.<\/p>\n<p>Diese Garantie erlischt, wenn das Ger\u00e4t nicht in \u00dcbereinstimmung mit der mitgelieferten Bedienungsanleitung zusammengebaut oder betrieben wird, wenn das Ger\u00e4t an einen anderen Besitzer weiterverkauft oder getauscht wird, wenn Komponenten, Zubeh\u00f6r oder Brennstoffe verwendet werden, die nicht mit dem Ger\u00e4t kompatibel sind, wenn das Ger\u00e4t im gewerblichen Bereich oder in der Gastronomie eingesetzt wird oder wenn der Benutzer das Ger\u00e4t missbraucht oder anderweitig nicht gewartet hat.<br \/>Um einen Garantieanspruch zu bearbeiten, ben\u00f6tigt WPP m\u00f6glicherweise einen Nachweis \u00fcber das Kaufdatum. Sie sollten den Kaufbeleg oder die Rechnung zusammen mit dieser Bescheinigung bei Ihren wertvollen Unterlagen aufbewahren.<\/p>\n<p>Wenn Sie Hilfe bei der Montage oder Installation, bei der Ersatzteilbeschaffung oder beim Kundendienst ben\u00f6tigen, senden Sie uns eine E-Mail oder schreiben Sie uns an:<\/p>\n<p>KUNDENDIENST F\u00dcR HOLZPELLETPRODUKTE<\/p>\n<p>Postfach 761<br \/>Mt. Angel, OR 97362<br \/>E-Mail: <a href=\"mailto:ttraeger@vh2006rsbmj-3.hosting-space.nl\">ttraeger@vh2006rsbmj-3.hosting-space.nl<\/a><\/p>\n<p>&nbsp;<\/p>\n<h2>Cookies-Richtlinie:<\/h2>\n<p>Zuletzt aktualisiert: September 21, 2021<\/p>\n<p>Diese Cookie-Richtlinie erkl\u00e4rt, was Cookies sind und wie wir sie verwenden. Sie sollten diese Richtlinie lesen, damit Sie verstehen, welche Art von Cookies wir verwenden oder welche Informationen wir mit Cookies sammeln und wie diese Informationen verwendet werden.<\/p>\n<p>Cookies enthalten in der Regel keine Informationen, die einen Benutzer pers\u00f6nlich identifizieren, aber pers\u00f6nliche Informationen, die wir \u00fcber Sie speichern, k\u00f6nnen mit den in Cookies gespeicherten und von ihnen erhaltenen Informationen verkn\u00fcpft werden. Weitere Informationen dar\u00fcber, wie wir Ihre pers\u00f6nlichen Daten verwenden, speichern und sicher aufbewahren, finden Sie in unserer Datenschutzrichtlinie.<\/p>\n<p>Wir speichern keine sensiblen pers\u00f6nlichen Daten, wie Postadressen, Kontopassw\u00f6rter usw. in den von uns verwendeten Cookies.<\/p>\n<h1>Auslegung und Definitionen<\/h1>\n<h2>Auslegung<\/h2>\n<p>Die W\u00f6rter, deren Anfangsbuchstaben gro\u00df geschrieben werden, haben die unter den folgenden Bedingungen definierten Bedeutungen. Die folgenden Definitionen haben dieselbe Bedeutung, unabh\u00e4ngig davon, ob sie im Singular oder im Plural stehen.<\/p>\n<h2>Definitionen<\/h2>\n<p>F\u00fcr die Zwecke dieser Cookie-Richtlinie:<\/p>\n<ul>\n<li>Das <strong>Unternehmen<\/strong><span> <\/span>(in dieser Cookie-Richtlinie entweder als &#8220;das Unternehmen&#8221;, &#8220;wir&#8221;, &#8220;uns&#8221; oder &#8220;unser&#8221; bezeichnet) bezieht sich auf Wood Pellet Products , 190 S Main St.<\/li>\n<li><strong>Cookies<\/strong><span> <\/span>sind kleine Dateien, die von einer Website auf Ihrem Computer, Ihrem Mobilger\u00e4t oder einem anderen Ger\u00e4t abgelegt werden und unter anderem Angaben zu Ihrem Surfverhalten auf dieser Website enthalten.<\/li>\n<li>Die <strong>Website<\/strong><span> <\/span>bezieht sich auf Holzpelletprodukte, die \u00fcber<span> <\/span><a href=\"https:\/\/timberstoves.eu\/de\/\" rel=\"external nofollow noopener\" target=\"_blank\">https:\/\/timberstoves.eu<\/a> zug\u00e4nglich sind.<\/li>\n<li><strong>Sie<\/strong><span> <\/span>bezeichnet die nat\u00fcrliche Person, die auf die Website zugreift oder sie nutzt, oder ein Unternehmen oder eine juristische Person, in deren Namen eine solche nat\u00fcrliche Person auf die Website zugreift oder sie nutzt, je nachdem.<\/li>\n<\/ul>\n<h1>Die Verwendung von Cookies<\/h1>\n<h2>Art der von uns verwendeten Cookies<\/h2>\n<p>Cookies k\u00f6nnen &#8220;dauerhafte&#8221; oder &#8220;Sitzungs&#8221;-Cookies sein. Dauerhafte Cookies verbleiben auf Ihrem Computer oder Mobilger\u00e4t, wenn Sie offline gehen, w\u00e4hrend Sitzungscookies gel\u00f6scht werden, sobald Sie Ihren Webbrowser schlie\u00dfen.<\/p>\n<p>Wir verwenden sowohl Sitzungscookies als auch dauerhafte Cookies f\u00fcr die unten genannten Zwecke:<\/p>\n<ul>\n<li>\n<p><strong>Notwendige \/ essentielle Cookies<\/strong><\/p>\n<p>Typ: Session-Cookies<\/p>\n<p>Verwaltet von: Us<\/p>\n<p>Zweck: Diese Cookies sind unerl\u00e4sslich, um Ihnen die \u00fcber die Website verf\u00fcgbaren Dienste zur Verf\u00fcgung zu stellen und Ihnen die Nutzung einiger ihrer Funktionen zu erm\u00f6glichen. Sie helfen bei der Authentifizierung von Benutzern und verhindern die betr\u00fcgerische Nutzung von Benutzerkonten. Ohne diese Cookies k\u00f6nnen die von Ihnen angeforderten Dienste nicht erbracht werden, und wir verwenden diese Cookies nur, um Ihnen diese Dienste zur Verf\u00fcgung zu stellen.<\/p>\n<\/li>\n<li>\n<p><strong>Funktionalit\u00e4t Cookies<\/strong><\/p>\n<p>Typ: Dauerhafte Cookies<\/p>\n<p>Verwaltet von: Us<\/p>\n<p>Zweck: Diese Cookies erm\u00f6glichen es uns, die von Ihnen bei der Nutzung der Website getroffenen Entscheidungen zu speichern, z. B. Ihre Anmeldedaten oder die von Ihnen bevorzugte Sprache. Der Zweck dieser Cookies ist es, Ihnen eine pers\u00f6nlichere Erfahrung zu bieten und zu vermeiden, dass Sie Ihre Pr\u00e4ferenzen jedes Mal neu eingeben m\u00fcssen, wenn Sie die Website nutzen.<\/p>\n<\/li>\n<li>\n<p><strong>Tracking- und Leistungs-Cookies<\/strong><\/p>\n<p>Typ: Dauerhafte Cookies<\/p>\n<p>Verwaltet von: Drittparteien<\/p>\n<p>Zweck: Diese Cookies werden verwendet, um Informationen \u00fcber den Verkehr auf der Website und die Nutzung der Website durch die Benutzer zu erfassen. Die \u00fcber diese Cookies gesammelten Informationen k\u00f6nnen Sie direkt oder indirekt als individuellen Besucher identifizieren. Dies liegt daran, dass die gesammelten Informationen in der Regel mit einer pseudonymen Kennung verkn\u00fcpft werden, die mit dem Ger\u00e4t verbunden ist, das Sie f\u00fcr den Zugriff auf die Website verwenden. Wir k\u00f6nnen diese Cookies auch verwenden, um neue Seiten, Features oder neue Funktionen der Website zu testen, um zu sehen, wie unsere Nutzer darauf reagieren.<\/p>\n<\/li>\n<li>\n<p><strong>Targeting- und Werbe-Cookies<\/strong><\/p>\n<p>Typ: Dauerhafte Cookies<\/p>\n<p>Verwaltet von: Drittparteien<\/p>\n<p>Zweck: Diese Cookies verfolgen Ihre Surfgewohnheiten, um uns in die Lage zu versetzen, Ihnen Werbung zu zeigen, die f\u00fcr Sie wahrscheinlich von Interesse ist. Diese Cookies verwenden Informationen \u00fcber Ihren Browserverlauf, um Sie mit anderen Nutzern zusammenzubringen, die \u00e4hnliche Interessen haben. Auf der Grundlage dieser Informationen und mit unserer Erlaubnis k\u00f6nnen Drittanbieter Cookies platzieren, die es ihnen erm\u00f6glichen, Werbung zu zeigen, von der wir glauben, dass sie f\u00fcr Ihre Interessen relevant ist, w\u00e4hrend Sie sich auf Websites von Drittanbietern befinden.<\/p>\n<\/li>\n<\/ul>\n<h2>Ihre Wahlm\u00f6glichkeiten in Bezug auf Cookies<\/h2>\n<p>Wenn Sie die Verwendung von Cookies auf der Website vermeiden m\u00f6chten, m\u00fcssen Sie zun\u00e4chst die Verwendung von Cookies in Ihrem Browser deaktivieren und dann die in Ihrem Browser gespeicherten Cookies im Zusammenhang mit dieser Website l\u00f6schen. Sie k\u00f6nnen diese Option jederzeit nutzen, um die Verwendung von Cookies zu verhindern.<\/p>\n<p>Wenn Sie unsere Cookies nicht akzeptieren, kann es zu Unannehmlichkeiten bei der Nutzung der Website kommen, und einige Funktionen funktionieren m\u00f6glicherweise nicht richtig.<\/p>\n<p>Wenn Sie Cookies l\u00f6schen oder Ihren Webbrowser anweisen m\u00f6chten, Cookies zu l\u00f6schen oder abzulehnen, besuchen Sie bitte die Hilfeseiten Ihres Webbrowsers.<\/p>\n<ul>\n<li>\n<p>F\u00fcr den Webbrowser Chrome besuchen Sie bitte diese Seite von Google:<span> <\/span><a href=\"https:\/\/support.google.com\/accounts\/answer\/32050\" rel=\"external nofollow noopener\" target=\"_blank\">https:\/\/support.google.com\/accounts\/answer\/32050<\/a><\/p>\n<\/li>\n<li>\n<p>F\u00fcr den Webbrowser Internet Explorer besuchen Sie bitte diese Seite von Microsoft:<span> <\/span><a href=\"http:\/\/support.microsoft.com\/kb\/278835\" rel=\"external nofollow noopener\" target=\"_blank\">http:\/\/support.microsoft.com\/kb\/278835<\/a><\/p>\n<\/li>\n<li>\n<p>F\u00fcr den Firefox-Webbrowser besuchen Sie bitte diese Seite von Mozilla:<span> <\/span><a href=\"https:\/\/support.mozilla.org\/en-US\/kb\/delete-cookies-remove-info-websites-stored\" rel=\"external nofollow noopener\" target=\"_blank\">https:\/\/support.mozilla.org\/en-US\/kb\/delete-cookies-remove-info-websites-stored<\/a><\/p>\n<\/li>\n<li>\n<p>F\u00fcr den Safari-Webbrowser besuchen Sie bitte diese Seite von Apple:<span> <\/span><a href=\"https:\/\/support.apple.com\/guide\/safari\/manage-cookies-and-website-data-sfri11471\/mac\" rel=\"external nofollow noopener\" target=\"_blank\">https:\/\/support.apple.com\/guide\/safari\/manage-cookies-and-website-data-sfri11471\/mac<\/a><\/p>\n<\/li>\n<\/ul>\n<p>F\u00fcr alle anderen Webbrowser besuchen Sie bitte die offiziellen Webseiten Ihres Webbrowsers.<\/p>\n<h2>Weitere Informationen \u00fcber Cookies<\/h2>\n<p>Sie k\u00f6nnen hier mehr \u00fcber Cookies erfahren:<span> <\/span><a href=\"https:\/\/www.termsfeed.com\/blog\/cookies\/\" target=\"_blank\" rel=\"noopener\">All About Cookies by TermsFeed<\/a>.<\/p>\n<h2>Kontakt<\/h2>\n<p>Wenn Sie Fragen zu dieser Cookie-Politik haben, k\u00f6nnen Sie uns kontaktieren:<\/p>\n<ul>\n<li>Per E-Mail:<span> <\/span>ttraeger@vh2006rsbmj-3.hosting-space.nl<\/li>\n<\/ul>\n<h2><\/h2>\n<p>&nbsp;<\/p>\n<p>[\/et_pb_text][\/et_pb_column][\/et_pb_row][\/et_pb_section]<\/p>\n","protected":false},"excerpt":{"rendered":"<p>R\u00fcckgabebedingungen: Wir akzeptieren nur R\u00fccksendungen von Artikeln, die direkt bei WPP per Telefon, \u00fcber eine gesponserte Veranstaltung oder \u00fcber unsere Website woodpelletproducts.com gekauft wurden. Sie k\u00f6nnen Ihr(e) Produkt(e) bis zu 45 Tage nach dem urspr\u00fcnglichen Versanddatum zur\u00fcckgeben. Alle Waren m\u00fcssen unbenutzt und unmontiert sein und in der Originalverpackung zur\u00fcckgeschickt werden. Bitte f\u00fcgen Sie eine Kopie [&hellip;]<\/p>\n","protected":false},"author":2238,"featured_media":0,"parent":0,"menu_order":0,"comment_status":"closed","ping_status":"closed","template":"","meta":{"_et_pb_use_builder":"on","_et_pb_old_content":"","_et_gb_content_width":"","footnotes":""},"class_list":["post-255602","page","type-page","status-publish","hentry"],"yoast_head":"<!-- This site is optimized with the Yoast SEO plugin v27.5 - https:\/\/yoast.com\/product\/yoast-seo-wordpress\/ -->\n<title>Kundenbetreuung - Timber Stoves Europe B.V. | Wood Pellet Fired Patio Heaters |<\/title>\n<meta name=\"description\" content=\"Informationen zum R\u00fcckgaberecht und zur Produktgarantie f\u00fcr Holzpelletprodukte\" \/>\n<meta name=\"robots\" content=\"index, follow, max-snippet:-1, max-image-preview:large, max-video-preview:-1\" \/>\n<link rel=\"canonical\" href=\"https:\/\/timberstoves.eu\/de\/kundenbetreuung\/\" \/>\n<meta property=\"og:locale\" content=\"de_DE\" \/>\n<meta property=\"og:type\" content=\"article\" \/>\n<meta property=\"og:title\" content=\"Kundenbetreuung - Timber Stoves Europe B.V. | Wood Pellet Fired Patio Heaters |\" \/>\n<meta property=\"og:description\" content=\"Informationen zum R\u00fcckgaberecht und zur Produktgarantie f\u00fcr Holzpelletprodukte\" \/>\n<meta property=\"og:url\" content=\"https:\/\/timberstoves.eu\/de\/kundenbetreuung\/\" \/>\n<meta property=\"og:site_name\" content=\"Timber Stoves Europe B.V. | Wood Pellet Fired Patio Heaters |\" \/>\n<meta property=\"article:publisher\" content=\"https:\/\/www.facebook.com\/Timberstoves\/\" \/>\n<meta property=\"article:modified_time\" content=\"2023-11-14T16:02:09+00:00\" \/>\n<meta name=\"twitter:card\" content=\"summary_large_image\" \/>\n<meta name=\"twitter:site\" content=\"@TimberstovesEU\" \/>\n<meta name=\"twitter:label1\" content=\"Gesch\u00e4tzte Lesezeit\" \/>\n\t<meta name=\"twitter:data1\" content=\"7\u00a0Minuten\" \/>\n<script type=\"application\/ld+json\" class=\"yoast-schema-graph\">{\"@context\":\"https:\\\/\\\/schema.org\",\"@graph\":[{\"@type\":\"WebPage\",\"@id\":\"https:\\\/\\\/timberstoves.eu\\\/de\\\/kundenbetreuung\\\/\",\"url\":\"https:\\\/\\\/timberstoves.eu\\\/de\\\/kundenbetreuung\\\/\",\"name\":\"Kundenbetreuung - Timber Stoves Europe B.V. | Wood Pellet Fired Patio Heaters |\",\"isPartOf\":{\"@id\":\"https:\\\/\\\/timberstoves.eu\\\/de\\\/#website\"},\"datePublished\":\"2017-03-13T14:29:15+00:00\",\"dateModified\":\"2023-11-14T16:02:09+00:00\",\"description\":\"Informationen zum R\u00fcckgaberecht und zur Produktgarantie f\u00fcr Holzpelletprodukte\",\"breadcrumb\":{\"@id\":\"https:\\\/\\\/timberstoves.eu\\\/de\\\/kundenbetreuung\\\/#breadcrumb\"},\"inLanguage\":\"de\",\"potentialAction\":[{\"@type\":\"ReadAction\",\"target\":[\"https:\\\/\\\/timberstoves.eu\\\/de\\\/kundenbetreuung\\\/\"]}]},{\"@type\":\"BreadcrumbList\",\"@id\":\"https:\\\/\\\/timberstoves.eu\\\/de\\\/kundenbetreuung\\\/#breadcrumb\",\"itemListElement\":[{\"@type\":\"ListItem\",\"position\":1,\"name\":\"Home\",\"item\":\"https:\\\/\\\/timberstoves.eu\\\/de\\\/\"},{\"@type\":\"ListItem\",\"position\":2,\"name\":\"Kundenbetreuung\"}]},{\"@type\":\"WebSite\",\"@id\":\"https:\\\/\\\/timberstoves.eu\\\/de\\\/#website\",\"url\":\"https:\\\/\\\/timberstoves.eu\\\/de\\\/\",\"name\":\"Timber Stoves Europe B.V. | Wood Pellet Fired Patio Heaters |\",\"description\":\"Wood Pellet Patio Heaters.\",\"publisher\":{\"@id\":\"https:\\\/\\\/timberstoves.eu\\\/de\\\/#organization\"},\"potentialAction\":[{\"@type\":\"SearchAction\",\"target\":{\"@type\":\"EntryPoint\",\"urlTemplate\":\"https:\\\/\\\/timberstoves.eu\\\/de\\\/?s={search_term_string}\"},\"query-input\":{\"@type\":\"PropertyValueSpecification\",\"valueRequired\":true,\"valueName\":\"search_term_string\"}}],\"inLanguage\":\"de\"},{\"@type\":\"Organization\",\"@id\":\"https:\\\/\\\/timberstoves.eu\\\/de\\\/#organization\",\"name\":\"Timber Stoves Europe B.V.\",\"url\":\"https:\\\/\\\/timberstoves.eu\\\/de\\\/\",\"logo\":{\"@type\":\"ImageObject\",\"inLanguage\":\"de\",\"@id\":\"https:\\\/\\\/timberstoves.eu\\\/de\\\/#\\\/schema\\\/logo\\\/image\\\/\",\"url\":\"https:\\\/\\\/timberstoves.eu\\\/wp-content\\\/uploads\\\/2023\\\/10\\\/TIMBER2.jpg\",\"contentUrl\":\"https:\\\/\\\/timberstoves.eu\\\/wp-content\\\/uploads\\\/2023\\\/10\\\/TIMBER2.jpg\",\"width\":300,\"height\":268,\"caption\":\"Timber Stoves Europe B.V.\"},\"image\":{\"@id\":\"https:\\\/\\\/timberstoves.eu\\\/de\\\/#\\\/schema\\\/logo\\\/image\\\/\"},\"sameAs\":[\"https:\\\/\\\/www.facebook.com\\\/Timberstoves\\\/\",\"https:\\\/\\\/x.com\\\/TimberstovesEU\",\"https:\\\/\\\/www.instagram.com\\\/timberstoves_europe\\\/\"]}]}<\/script>\n<!-- \/ Yoast SEO plugin. -->","yoast_head_json":{"title":"Kundenbetreuung - Timber Stoves Europe B.V. | Wood Pellet Fired Patio Heaters |","description":"Informationen zum R\u00fcckgaberecht und zur Produktgarantie f\u00fcr Holzpelletprodukte","robots":{"index":"index","follow":"follow","max-snippet":"max-snippet:-1","max-image-preview":"max-image-preview:large","max-video-preview":"max-video-preview:-1"},"canonical":"https:\/\/timberstoves.eu\/de\/kundenbetreuung\/","og_locale":"de_DE","og_type":"article","og_title":"Kundenbetreuung - Timber Stoves Europe B.V. | Wood Pellet Fired Patio Heaters |","og_description":"Informationen zum R\u00fcckgaberecht und zur Produktgarantie f\u00fcr Holzpelletprodukte","og_url":"https:\/\/timberstoves.eu\/de\/kundenbetreuung\/","og_site_name":"Timber Stoves Europe B.V. | Wood Pellet Fired Patio Heaters |","article_publisher":"https:\/\/www.facebook.com\/Timberstoves\/","article_modified_time":"2023-11-14T16:02:09+00:00","twitter_card":"summary_large_image","twitter_site":"@TimberstovesEU","twitter_misc":{"Gesch\u00e4tzte Lesezeit":"7\u00a0Minuten"},"schema":{"@context":"https:\/\/schema.org","@graph":[{"@type":"WebPage","@id":"https:\/\/timberstoves.eu\/de\/kundenbetreuung\/","url":"https:\/\/timberstoves.eu\/de\/kundenbetreuung\/","name":"Kundenbetreuung - Timber Stoves Europe B.V. | Wood Pellet Fired Patio Heaters |","isPartOf":{"@id":"https:\/\/timberstoves.eu\/de\/#website"},"datePublished":"2017-03-13T14:29:15+00:00","dateModified":"2023-11-14T16:02:09+00:00","description":"Informationen zum R\u00fcckgaberecht und zur Produktgarantie f\u00fcr Holzpelletprodukte","breadcrumb":{"@id":"https:\/\/timberstoves.eu\/de\/kundenbetreuung\/#breadcrumb"},"inLanguage":"de","potentialAction":[{"@type":"ReadAction","target":["https:\/\/timberstoves.eu\/de\/kundenbetreuung\/"]}]},{"@type":"BreadcrumbList","@id":"https:\/\/timberstoves.eu\/de\/kundenbetreuung\/#breadcrumb","itemListElement":[{"@type":"ListItem","position":1,"name":"Home","item":"https:\/\/timberstoves.eu\/de\/"},{"@type":"ListItem","position":2,"name":"Kundenbetreuung"}]},{"@type":"WebSite","@id":"https:\/\/timberstoves.eu\/de\/#website","url":"https:\/\/timberstoves.eu\/de\/","name":"Timber Stoves Europe B.V. | Wood Pellet Fired Patio Heaters |","description":"Wood Pellet Patio Heaters.","publisher":{"@id":"https:\/\/timberstoves.eu\/de\/#organization"},"potentialAction":[{"@type":"SearchAction","target":{"@type":"EntryPoint","urlTemplate":"https:\/\/timberstoves.eu\/de\/?s={search_term_string}"},"query-input":{"@type":"PropertyValueSpecification","valueRequired":true,"valueName":"search_term_string"}}],"inLanguage":"de"},{"@type":"Organization","@id":"https:\/\/timberstoves.eu\/de\/#organization","name":"Timber Stoves Europe B.V.","url":"https:\/\/timberstoves.eu\/de\/","logo":{"@type":"ImageObject","inLanguage":"de","@id":"https:\/\/timberstoves.eu\/de\/#\/schema\/logo\/image\/","url":"https:\/\/timberstoves.eu\/wp-content\/uploads\/2023\/10\/TIMBER2.jpg","contentUrl":"https:\/\/timberstoves.eu\/wp-content\/uploads\/2023\/10\/TIMBER2.jpg","width":300,"height":268,"caption":"Timber Stoves Europe B.V."},"image":{"@id":"https:\/\/timberstoves.eu\/de\/#\/schema\/logo\/image\/"},"sameAs":["https:\/\/www.facebook.com\/Timberstoves\/","https:\/\/x.com\/TimberstovesEU","https:\/\/www.instagram.com\/timberstoves_europe\/"]}]}},"_links":{"self":[{"href":"https:\/\/timberstoves.eu\/de\/wp-json\/wp\/v2\/pages\/255602","targetHints":{"allow":["GET"]}}],"collection":[{"href":"https:\/\/timberstoves.eu\/de\/wp-json\/wp\/v2\/pages"}],"about":[{"href":"https:\/\/timberstoves.eu\/de\/wp-json\/wp\/v2\/types\/page"}],"author":[{"embeddable":true,"href":"https:\/\/timberstoves.eu\/de\/wp-json\/wp\/v2\/users\/2238"}],"replies":[{"embeddable":true,"href":"https:\/\/timberstoves.eu\/de\/wp-json\/wp\/v2\/comments?post=255602"}],"version-history":[{"count":0,"href":"https:\/\/timberstoves.eu\/de\/wp-json\/wp\/v2\/pages\/255602\/revisions"}],"wp:attachment":[{"href":"https:\/\/timberstoves.eu\/de\/wp-json\/wp\/v2\/media?parent=255602"}],"curies":[{"name":"wp","href":"https:\/\/api.w.org\/{rel}","templated":true}]}}