{"id":255628,"date":"2020-10-01T09:21:59","date_gmt":"2020-10-01T07:21:59","guid":{"rendered":"https:\/\/timberstoves.eu\/allgemeine-fragen\/"},"modified":"2025-12-08T15:44:13","modified_gmt":"2025-12-08T14:44:13","slug":"allgemeine-fragen","status":"publish","type":"page","link":"https:\/\/timberstoves.eu\/de\/allgemeine-fragen\/","title":{"rendered":"Allgemeine Fragen"},"content":{"rendered":"<p>[et_pb_section fb_built=&#8221;1&#8243; admin_label=&#8221;section&#8221; _builder_version=&#8221;4.27.5&#8243; background_color=&#8221;#000000&#8243; background_image=&#8221;https:\/\/timberstoves.eu\/wp-content\/uploads\/2022\/06\/081224wpp051.jpg&#8221; global_colors_info=&#8221;{}&#8221;][et_pb_row admin_label=&#8221;Zeile&#8221; _builder_version=&#8221;4.27.5&#8243; background_size=&#8221;initial&#8221; background_position=&#8221;top_left&#8221; background_repeat=&#8221;repeat&#8221; global_colors_info=&#8221;{}&#8221;][et_pb_column type=&#8221;4_4&#8243; _builder_version=&#8221;4.16&#8243; custom_padding=&#8221;|||&#8221; global_colors_info=&#8221;{}&#8221; custom_padding__hover=&#8221;|||&#8221;][et_pb_text _builder_version=&#8221;4.16&#8243; _module_preset=&#8221;default&#8221; header_font=&#8221;GOTHAM BOLD||||||||&#8221; header_text_color=&#8221;#ffffff&#8221; header_font_size=&#8221;43px&#8221; header_text_shadow_style=&#8221;preset3&#8243; global_colors_info=&#8221;{}&#8221;]<\/p>\n<h1 style=\"text-align: center;\">Allgemeine Fragen<\/h1>\n<p>[\/et_pb_text][\/et_pb_column][\/et_pb_row][\/et_pb_section][et_pb_section fb_built=&#8221;1&#8243; admin_label=&#8221;section&#8221; _builder_version=&#8221;4.16&#8243; global_colors_info=&#8221;{}&#8221;][et_pb_row admin_label=&#8221;Zeile&#8221; _builder_version=&#8221;4.27.5&#8243; background_size=&#8221;initial&#8221; background_position=&#8221;top_left&#8221; background_repeat=&#8221;repeat&#8221; hover_enabled=&#8221;0&#8243; global_colors_info=&#8221;{}&#8221; disabled_on=&#8221;on|on|on&#8221; disabled=&#8221;on&#8221; sticky_enabled=&#8221;0&#8243;][et_pb_column type=&#8221;4_4&#8243; _builder_version=&#8221;4.16&#8243; custom_padding=&#8221;|||&#8221; global_colors_info=&#8221;{}&#8221; custom_padding__hover=&#8221;|||&#8221;][et_pb_text admin_label=&#8221;Text&#8221; _builder_version=&#8221;4.21.0&#8243; _module_preset=&#8221;default&#8221; global_colors_info=&#8221;{}&#8221;]<\/p>\n<p><strong>F: Kann ich normales Holz in meinem Ofen verwenden?<\/strong><\/p>\n<p>A: Nein. Er ist nur f\u00fcr die Verbrennung von Holzpellets ausgelegt.<\/p>\n<p>&nbsp;<\/p>\n<p><strong>F: Kann der Ofen auf einer Holz- oder Trex-Terrasse verwendet werden?<\/strong><\/p>\n<p>A: Ja, Timber-Kocher k\u00f6nnen auf Holz- oder Trex-Terrassen verwendet werden, m\u00fcssen aber auf einer Grillmatte oder Heizmatte stehen. <\/p>\n<p>&nbsp;<\/p>\n<p><strong>F: Kann ich es in meinem abgeschlossenen Hof, verwenden<\/strong><\/p>\n<p>A: Ja, Ausschlie\u00dflich im Freien, solange Sie f\u00fcr eine gute Bel\u00fcftung sorgen und einen Abstand von 3 Fu\u00df zu brennbaren Gegenst\u00e4nden \u00fcber dem oberen Reflektor einhalten. Das Ofenrohr kann auch angepasst werden, um geringere Dachabst\u00e4nde (Ausschlie\u00dflich im Freien) zu erm\u00f6glichen. Eine Verkleinerung des Ofenrohrs wird den Wirkungsgrad leicht beeintr\u00e4chtigen. F\u00fcr jeden herausgenommenen 30 cm wird die W\u00e4rme um ca. 37 Grad Celcius reduziert. Beachten Sie, dass der Kaminofen zwar keine nennenswerte Rauchentwicklung verursacht, aber dennoch Ru\u00df \u00fcber dem Ofen entsteht.<\/p>\n<p>&nbsp;<\/p>\n<p><strong>F: Wie kann ich die Pellets zum Brennen bringen?<\/strong><\/p>\n<p>A: Eine gute Wahl f\u00fcr Feuerstarter w\u00e4re Feuergel oder Holzkohlefeuerzeugfl\u00fcssigkeit. Geben Sie 1-2 Essl\u00f6ffel \u00fcber die Pellets im Ofen, nachdem Sie den Abschaltschl\u00fcssel aus dem Vorratsbeh\u00e4lter entfernt haben. Mit einem langen Streichholz oder Grillanz\u00fcnder anz\u00fcnden.<\/p>\n<p>&nbsp;<\/p>\n<p><strong>F: Wie schalte ich den Herd aus?<\/strong><\/p>\n<p>A: Stecken Sie den Abschaltschl\u00fcssel in den horizontalen Schlitz an der Unterseite des Trichters. \u00d6ffnen Sie die Klappe ganz und das Feuer erlischt von selbst, wenn der Brennstoff im Ofen vollst\u00e4ndig verbrannt ist.<\/p>\n<p>&nbsp;<\/p>\n<p><strong>F: Wie reinige ich es?<\/strong><\/p>\n<p>A: Wischen Sie das Glas mit einem feuchten Lappen ab, wenn der Ofen abgek\u00fchlt ist. Kratzen Sie zwischen den St\u00e4ben des Feuertopfes, wenn der Spalt zwischen den St\u00e4ben verstopft ist und die Luft nicht mehr ungehindert durchstr\u00f6men kann. Sie m\u00fcssen den Aschekasten nur einmal alle 4-5 Benutzungen leeren. Leeren Sie den Aschekasten nur bei ausgeschaltetem Herd und Umgebungstemperatur. Entsorgen Sie die Asche an einem sicheren Ort, fern von brennbaren Gegenst\u00e4nden.<\/p>\n<p>&nbsp;<\/p>\n<p><strong>F: Wie viel wiegt es?<\/strong><\/p>\n<p>A: Revere &#8211; 31 kg.<\/p>\n<p>Big Timber &#8211; 30 kg.<\/p>\n<p>Lil Timber &#8211; 27 kg.<\/p>\n<p>&nbsp;<\/p>\n<p><strong>F: Wie hei\u00df wird es?<\/strong><\/p>\n<p>A: Wir beobachten eine Leistung von 90.000 BTUs f\u00fcr die Big Timber und Revere Heizger\u00e4te und 72.000 BTUs f\u00fcr das Lil Timber Heizger\u00e4t. Die tats\u00e4chliche Leistung h\u00e4ngt von der Qualit\u00e4t der Pellets ab, die Sie kaufen. F\u00fcr eine optimale Funktion und Heizleistung empfehlen wir Weichholzpellets mit einem Wert von 8.000 BTU\/lb oder h\u00f6her.<\/p>\n<p>&nbsp;<\/p>\n<p><strong>F: Muss ich sie zusammenbauen?<\/strong><\/p>\n<p>A: Ja, eine Teilmontage ist erforderlich. Es gibt ein Montagevideo auf unserem Youtube-Kanal &#8211; Wood Pellet Products<\/p>\n<p>&nbsp;<\/p>\n<p><strong>F: Wie lange h\u00e4lt ein Sack mit Pellets?<\/strong><\/p>\n<p>A: Ein 18-Kg-Sack hochwertiger Pellets sollte etwa 5 Stunden lang brennen. Die ungef\u00e4hre Brenndauer f\u00fcr einen vollen Trichter betr\u00e4gt 2,5 Stunden f\u00fcr den Revere, 2 Stunden f\u00fcr den Big Timber und 1,5 Stunden f\u00fcr den Lil Timber. Die Verl\u00e4ngerung des Trichters bringt zus\u00e4tzlich 1,5 Stunden pro Verl\u00e4ngerung.<\/p>\n<p>&nbsp;<\/p>\n<p><strong>F: Kann ich mehr als eine Trichterverl\u00e4ngerung verwenden?<\/strong><\/p>\n<p>A: Ja, aber wir empfehlen Ihnen, eine unserer Stabilisierungsplatte zu verwenden, wenn mehr als 1 Verl\u00e4ngerung verwendet wird.<\/p>\n<p>&nbsp;<\/p>\n<p><strong>F: Meine Heizung wird nicht hei\u00df. Was kann ich tun, um das zu beheben?<\/strong><\/p>\n<p>A: Wenn Sie Probleme mit der Heizleistung haben, liegt das h\u00f6chstwahrscheinlich am Brennstoff. Kaufen Sie die Pellets mit den h\u00f6chsten BTU-Werten, die auf den S\u00e4cken angegeben sein sollten. Wir empfehlen einen Wert von mindestens 8.000 BTU\/lb. Achten Sie auf Pellets, die aus Tannenholz hergestellt werden.<\/p>\n<p>Eine regelm\u00e4\u00dfige Wartung Ihres Terrassenheizers sorgt f\u00fcr eine optimale Leistung. Dazu geh\u00f6rt das Reinigen des Feuertopfs durch Kratzen zwischen den St\u00e4ben, das Entleeren des Aschebeh\u00e4lters und das Sicherstellen, dass das Funkenschutzgitter frei von Verunreinigungen ist, damit der Ofen atmen kann. Wir haben ein Wartungsvideo auf unserem YouTube-Kanal f\u00fcr Holzpelletprodukte.<\/p>\n<p>[\/et_pb_text][\/et_pb_column][\/et_pb_row][et_pb_row _builder_version=&#8221;4.27.5&#8243; _module_preset=&#8221;default&#8221;][et_pb_column _builder_version=&#8221;4.27.5&#8243; _module_preset=&#8221;default&#8221; type=&#8221;4_4&#8243;][et_pb_accordion _builder_version=&#8221;4.27.5&#8243; _module_preset=&#8221;default&#8221; hover_enabled=&#8221;0&#8243; sticky_enabled=&#8221;0&#8243; global_colors_info=&#8221;{%22gcid-primary-color%22:%91%22toggle_text_color%22%93}&#8221; toggle_text_color=&#8221;gcid-primary-color&#8221; border_radii=&#8221;on|3px|3px|3px|3px&#8221;][et_pb_accordion_item title=&#8221;Kann ich normales Holz in meinem Ofen verwenden?&#8221; _builder_version=&#8221;4.27.5&#8243; _module_preset=&#8221;default&#8221; open=&#8221;on&#8221;]<\/p>\n<p>Nein. Er ist nur f\u00fcr die Verbrennung von Holzpellets ausgelegt.<\/p>\n<p>[\/et_pb_accordion_item][et_pb_accordion_item title=&#8221;Kann der Ofen auf einer Holz- oder Trex-Terrasse verwendet werden?&#8221; _builder_version=&#8221;4.27.5&#8243; _module_preset=&#8221;default&#8221; open=&#8221;off&#8221; hover_enabled=&#8221;0&#8243; sticky_enabled=&#8221;0&#8243;]<\/p>\n<p>Ja, Timber-Kocher k\u00f6nnen auf Holz- oder Trex-Terrassen verwendet werden, m\u00fcssen aber auf einer Grillmatte oder Heizmatte stehen.<\/p>\n<p>[\/et_pb_accordion_item][et_pb_accordion_item title=&#8221;Kann ich es in meinem abgeschlossenen Hof, verwenden&#8221; _builder_version=&#8221;4.27.5&#8243; _module_preset=&#8221;default&#8221; hover_enabled=&#8221;0&#8243; sticky_enabled=&#8221;0&#8243;]<\/p>\n<p>Ja, Ausschlie\u00dflich im Freien, solange Sie f\u00fcr eine gute Bel\u00fcftung sorgen und einen Abstand von 3 Fu\u00df zu brennbaren Gegenst\u00e4nden \u00fcber dem oberen Reflektor einhalten. Das Ofenrohr kann auch angepasst werden, um geringere Dachabst\u00e4nde (Ausschlie\u00dflich im Freien) zu erm\u00f6glichen. Eine Verkleinerung des Ofenrohrs wird den Wirkungsgrad leicht beeintr\u00e4chtigen. F\u00fcr jeden herausgenommenen 30 cm wird die W\u00e4rme um ca. 37 Grad Celcius reduziert. Beachten Sie, dass der Kaminofen zwar keine nennenswerte Rauchentwicklung verursacht, aber dennoch Ru\u00df \u00fcber dem Ofen entsteht.<\/p>\n<p>[\/et_pb_accordion_item][et_pb_accordion_item title=&#8221;Wie kann ich die Pellets zum Brennen bringen?&#8221; _builder_version=&#8221;4.27.5&#8243; _module_preset=&#8221;default&#8221; hover_enabled=&#8221;0&#8243; sticky_enabled=&#8221;0&#8243;]<\/p>\n<p>Eine gute Wahl f\u00fcr Feuerstarter w\u00e4re Feuergel oder Holzkohlefeuerzeugfl\u00fcssigkeit. Geben Sie 1-2 Essl\u00f6ffel \u00fcber die Pellets im Ofen, nachdem Sie den Abschaltschl\u00fcssel aus dem Vorratsbeh\u00e4lter entfernt haben. Mit einem langen Streichholz oder Grillanz\u00fcnder anz\u00fcnden.<\/p>\n<p>[\/et_pb_accordion_item][et_pb_accordion_item title=&#8221;Wie schalte ich den Herd aus?&#8221; _builder_version=&#8221;4.27.5&#8243; _module_preset=&#8221;default&#8221; hover_enabled=&#8221;0&#8243; sticky_enabled=&#8221;0&#8243;]<\/p>\n<p>Stecken Sie den Abschaltschl\u00fcssel in den horizontalen Schlitz an der Unterseite des Trichters. \u00d6ffnen Sie die Klappe ganz und das Feuer erlischt von selbst, wenn der Brennstoff im Ofen vollst\u00e4ndig verbrannt ist.<\/p>\n<p>[\/et_pb_accordion_item][et_pb_accordion_item title=&#8221;Wie reinige ich es?&#8221; _builder_version=&#8221;4.27.5&#8243; _module_preset=&#8221;default&#8221; hover_enabled=&#8221;0&#8243; sticky_enabled=&#8221;0&#8243;]<\/p>\n<p>Wischen Sie das Glas mit einem feuchten Lappen ab, wenn der Ofen abgek\u00fchlt ist. Kratzen Sie zwischen den St\u00e4ben des Feuertopfes, wenn der Spalt zwischen den St\u00e4ben verstopft ist und die Luft nicht mehr ungehindert durchstr\u00f6men kann. Sie m\u00fcssen den Aschekasten nur einmal alle 4-5 Benutzungen leeren. Leeren Sie den Aschekasten nur bei ausgeschaltetem Herd und Umgebungstemperatur. Entsorgen Sie die Asche an einem sicheren Ort, fern von brennbaren Gegenst\u00e4nden.<\/p>\n<p>[\/et_pb_accordion_item][et_pb_accordion_item title=&#8221;Wie viel wiegt es?&#8221; _builder_version=&#8221;4.27.5&#8243; _module_preset=&#8221;default&#8221; hover_enabled=&#8221;0&#8243; sticky_enabled=&#8221;0&#8243;]<\/p>\n<p>Revere \u00a0 \u00a0 \u00a0 \u00a0 &#8211; 31 kg.<\/p>\n<p>Big Timber &#8211; 30 kg.<\/p>\n<p>Lil Timber &#8211; 27 kg.<\/p>\n<p>[\/et_pb_accordion_item][et_pb_accordion_item title=&#8221;Wie hei\u00df wird es?&#8221; _builder_version=&#8221;4.27.5&#8243; _module_preset=&#8221;default&#8221; hover_enabled=&#8221;0&#8243; sticky_enabled=&#8221;0&#8243;]<\/p>\n<p>Wir beobachten eine Leistung von 90.000 BTUs f\u00fcr die Big Timber und Revere Heizger\u00e4te und 72.000 BTUs f\u00fcr das Lil Timber Heizger\u00e4t. Die tats\u00e4chliche Leistung h\u00e4ngt von der Qualit\u00e4t der Pellets ab, die Sie kaufen. F\u00fcr eine optimale Funktion und Heizleistung empfehlen wir Weichholzpellets mit einem Wert von 8.000 BTU\/lb oder h\u00f6her.<\/p>\n<p>[\/et_pb_accordion_item][et_pb_accordion_item title=&#8221;Muss ich sie zusammenbauen?&#8221; _builder_version=&#8221;4.27.5&#8243; _module_preset=&#8221;default&#8221; hover_enabled=&#8221;0&#8243; sticky_enabled=&#8221;0&#8243;]<\/p>\n<p>Ja, eine Teilmontage ist erforderlich. Es gibt ein Montagevideo auf unserem Youtube-Kanal &#8211; Wood Pellet Products<\/p>\n<p>[\/et_pb_accordion_item][et_pb_accordion_item title=&#8221;Wie lange h\u00e4lt ein Sack mit Pellets?&#8221; _builder_version=&#8221;4.27.5&#8243; _module_preset=&#8221;default&#8221; hover_enabled=&#8221;0&#8243; sticky_enabled=&#8221;0&#8243;]<\/p>\n<p>Ein 16-Kg-Sack hochwertiger Pellets sollte etwa 5 Stunden lang brennen. Die ungef\u00e4hre Brenndauer f\u00fcr einen vollen Trichter betr\u00e4gt 2,5 Stunden f\u00fcr den Revere, 2 Stunden f\u00fcr den Big Timber und 1,5 Stunden f\u00fcr den Lil Timber. Die Verl\u00e4ngerung des Trichters bringt zus\u00e4tzlich 1,5 Stunden pro Verl\u00e4ngerung.<\/p>\n<p>[\/et_pb_accordion_item][et_pb_accordion_item title=&#8221;Kann ich mehr als eine Trichterverl\u00e4ngerung verwenden?&#8221; _builder_version=&#8221;4.27.5&#8243; _module_preset=&#8221;default&#8221; hover_enabled=&#8221;0&#8243; sticky_enabled=&#8221;0&#8243;]<\/p>\n<p>Ja, aber wir empfehlen Ihnen, eine unserer Stabilisierungsplatte zu verwenden, wenn mehr als 1 Verl\u00e4ngerung verwendet wird.<\/p>\n<p>[\/et_pb_accordion_item][et_pb_accordion_item title=&#8221;Meine Heizung wird nicht hei\u00df. Was kann ich tun, um das zu beheben?&#8221; _builder_version=&#8221;4.27.5&#8243; _module_preset=&#8221;default&#8221; hover_enabled=&#8221;0&#8243; sticky_enabled=&#8221;0&#8243;]<\/p>\n<p>Wenn Sie Probleme mit der Heizleistung haben, liegt das h\u00f6chstwahrscheinlich am Brennstoff. Kaufen Sie die Pellets mit den h\u00f6chsten BTU-Werten, die auf den S\u00e4cken angegeben sein sollten. Wir empfehlen einen Wert von mindestens 8.000 BTU\/lb. Achten Sie auf Pellets, die aus Tannenholz hergestellt werden.<\/p>\n<p>Eine regelm\u00e4\u00dfige Wartung Ihres Terrassenheizers sorgt f\u00fcr eine optimale Leistung. Dazu geh\u00f6rt das Reinigen des Feuertopfs durch Kratzen zwischen den St\u00e4ben, das Entleeren des Aschebeh\u00e4lters und das Sicherstellen, dass das Funkenschutzgitter frei von Verunreinigungen ist, damit der Ofen atmen kann. Wir haben ein Wartungsvideo auf unserem YouTube-Kanal f\u00fcr Holzpelletprodukte.<\/p>\n<p>[\/et_pb_accordion_item][\/et_pb_accordion][\/et_pb_column][\/et_pb_row][\/et_pb_section]<\/p>\n","protected":false},"excerpt":{"rendered":"<p>Allgemeine FragenF: Kann ich normales Holz in meinem Ofen verwenden? A: Nein. Er ist nur f\u00fcr die Verbrennung von Holzpellets ausgelegt. &nbsp; F: Kann der Ofen auf einer Holz- oder Trex-Terrasse verwendet werden? A: Ja, Timber-Kocher k\u00f6nnen auf Holz- oder Trex-Terrassen verwendet werden, m\u00fcssen aber auf einer Grillmatte oder Heizmatte stehen. &nbsp; F: Kann ich [&hellip;]<\/p>\n","protected":false},"author":2238,"featured_media":0,"parent":0,"menu_order":0,"comment_status":"closed","ping_status":"closed","template":"","meta":{"_et_pb_use_builder":"on","_et_pb_old_content":"","_et_gb_content_width":"","footnotes":""},"class_list":["post-255628","page","type-page","status-publish","hentry"],"yoast_head":"<!-- This site is optimized with the Yoast SEO plugin v27.4 - https:\/\/yoast.com\/product\/yoast-seo-wordpress\/ -->\n<title>Allgemeine Fragen | Holzpellet-Terrassenheizungen<\/title>\n<meta name=\"description\" content=\"Fragen und Antworten zu Terrassenheizungen mit Holzpellets. Finden Sie heraus, warum Timberstoves Heizger\u00e4te die besten Au\u00dfenheizger\u00e4te auf dem Markt sind.\" \/>\n<meta name=\"robots\" content=\"index, follow, max-snippet:-1, max-image-preview:large, max-video-preview:-1\" \/>\n<link rel=\"canonical\" href=\"https:\/\/timberstoves.eu\/de\/allgemeine-fragen\/\" \/>\n<meta property=\"og:locale\" content=\"de_DE\" \/>\n<meta property=\"og:type\" content=\"article\" \/>\n<meta property=\"og:title\" content=\"Allgemeine Fragen | Holzpellet-Terrassenheizungen\" \/>\n<meta property=\"og:description\" content=\"Fragen und Antworten zu Terrassenheizungen mit Holzpellets. Finden Sie heraus, warum Timberstoves Heizger\u00e4te die besten Au\u00dfenheizger\u00e4te auf dem Markt sind.\" \/>\n<meta property=\"og:url\" content=\"https:\/\/timberstoves.eu\/de\/allgemeine-fragen\/\" \/>\n<meta property=\"og:site_name\" content=\"Timber Stoves Europe B.V. | Wood Pellet Fired Patio Heaters |\" \/>\n<meta property=\"article:publisher\" content=\"https:\/\/www.facebook.com\/Timberstoves\/\" \/>\n<meta property=\"article:modified_time\" content=\"2025-12-08T14:44:13+00:00\" \/>\n<meta name=\"twitter:card\" content=\"summary_large_image\" \/>\n<meta name=\"twitter:site\" content=\"@TimberstovesEU\" \/>\n<meta name=\"twitter:label1\" content=\"Gesch\u00e4tzte Lesezeit\" \/>\n\t<meta name=\"twitter:data1\" content=\"3\u00a0Minuten\" \/>\n<script type=\"application\/ld+json\" class=\"yoast-schema-graph\">{\"@context\":\"https:\\\/\\\/schema.org\",\"@graph\":[{\"@type\":\"WebPage\",\"@id\":\"https:\\\/\\\/timberstoves.eu\\\/de\\\/allgemeine-fragen\\\/\",\"url\":\"https:\\\/\\\/timberstoves.eu\\\/de\\\/allgemeine-fragen\\\/\",\"name\":\"Allgemeine Fragen | Holzpellet-Terrassenheizungen\",\"isPartOf\":{\"@id\":\"https:\\\/\\\/timberstoves.eu\\\/de\\\/#website\"},\"datePublished\":\"2020-10-01T07:21:59+00:00\",\"dateModified\":\"2025-12-08T14:44:13+00:00\",\"description\":\"Fragen und Antworten zu Terrassenheizungen mit Holzpellets. Finden Sie heraus, warum Timberstoves Heizger\u00e4te die besten Au\u00dfenheizger\u00e4te auf dem Markt sind.\",\"breadcrumb\":{\"@id\":\"https:\\\/\\\/timberstoves.eu\\\/de\\\/allgemeine-fragen\\\/#breadcrumb\"},\"inLanguage\":\"de\",\"potentialAction\":[{\"@type\":\"ReadAction\",\"target\":[\"https:\\\/\\\/timberstoves.eu\\\/de\\\/allgemeine-fragen\\\/\"]}]},{\"@type\":\"BreadcrumbList\",\"@id\":\"https:\\\/\\\/timberstoves.eu\\\/de\\\/allgemeine-fragen\\\/#breadcrumb\",\"itemListElement\":[{\"@type\":\"ListItem\",\"position\":1,\"name\":\"Home\",\"item\":\"https:\\\/\\\/timberstoves.eu\\\/de\\\/\"},{\"@type\":\"ListItem\",\"position\":2,\"name\":\"Allgemeine Fragen\"}]},{\"@type\":\"WebSite\",\"@id\":\"https:\\\/\\\/timberstoves.eu\\\/de\\\/#website\",\"url\":\"https:\\\/\\\/timberstoves.eu\\\/de\\\/\",\"name\":\"Timber Stoves Europe B.V. | Wood Pellet Fired Patio Heaters |\",\"description\":\"Wood Pellet Patio Heaters.\",\"publisher\":{\"@id\":\"https:\\\/\\\/timberstoves.eu\\\/de\\\/#organization\"},\"potentialAction\":[{\"@type\":\"SearchAction\",\"target\":{\"@type\":\"EntryPoint\",\"urlTemplate\":\"https:\\\/\\\/timberstoves.eu\\\/de\\\/?s={search_term_string}\"},\"query-input\":{\"@type\":\"PropertyValueSpecification\",\"valueRequired\":true,\"valueName\":\"search_term_string\"}}],\"inLanguage\":\"de\"},{\"@type\":\"Organization\",\"@id\":\"https:\\\/\\\/timberstoves.eu\\\/de\\\/#organization\",\"name\":\"Timber Stoves Europe B.V.\",\"url\":\"https:\\\/\\\/timberstoves.eu\\\/de\\\/\",\"logo\":{\"@type\":\"ImageObject\",\"inLanguage\":\"de\",\"@id\":\"https:\\\/\\\/timberstoves.eu\\\/de\\\/#\\\/schema\\\/logo\\\/image\\\/\",\"url\":\"https:\\\/\\\/timberstoves.eu\\\/wp-content\\\/uploads\\\/2023\\\/10\\\/TIMBER2.jpg\",\"contentUrl\":\"https:\\\/\\\/timberstoves.eu\\\/wp-content\\\/uploads\\\/2023\\\/10\\\/TIMBER2.jpg\",\"width\":300,\"height\":268,\"caption\":\"Timber Stoves Europe B.V.\"},\"image\":{\"@id\":\"https:\\\/\\\/timberstoves.eu\\\/de\\\/#\\\/schema\\\/logo\\\/image\\\/\"},\"sameAs\":[\"https:\\\/\\\/www.facebook.com\\\/Timberstoves\\\/\",\"https:\\\/\\\/x.com\\\/TimberstovesEU\",\"https:\\\/\\\/www.instagram.com\\\/timberstoves_europe\\\/\"]}]}<\/script>\n<!-- \/ Yoast SEO plugin. -->","yoast_head_json":{"title":"Allgemeine Fragen | Holzpellet-Terrassenheizungen","description":"Fragen und Antworten zu Terrassenheizungen mit Holzpellets. Finden Sie heraus, warum Timberstoves Heizger\u00e4te die besten Au\u00dfenheizger\u00e4te auf dem Markt sind.","robots":{"index":"index","follow":"follow","max-snippet":"max-snippet:-1","max-image-preview":"max-image-preview:large","max-video-preview":"max-video-preview:-1"},"canonical":"https:\/\/timberstoves.eu\/de\/allgemeine-fragen\/","og_locale":"de_DE","og_type":"article","og_title":"Allgemeine Fragen | Holzpellet-Terrassenheizungen","og_description":"Fragen und Antworten zu Terrassenheizungen mit Holzpellets. Finden Sie heraus, warum Timberstoves Heizger\u00e4te die besten Au\u00dfenheizger\u00e4te auf dem Markt sind.","og_url":"https:\/\/timberstoves.eu\/de\/allgemeine-fragen\/","og_site_name":"Timber Stoves Europe B.V. | Wood Pellet Fired Patio Heaters |","article_publisher":"https:\/\/www.facebook.com\/Timberstoves\/","article_modified_time":"2025-12-08T14:44:13+00:00","twitter_card":"summary_large_image","twitter_site":"@TimberstovesEU","twitter_misc":{"Gesch\u00e4tzte Lesezeit":"3\u00a0Minuten"},"schema":{"@context":"https:\/\/schema.org","@graph":[{"@type":"WebPage","@id":"https:\/\/timberstoves.eu\/de\/allgemeine-fragen\/","url":"https:\/\/timberstoves.eu\/de\/allgemeine-fragen\/","name":"Allgemeine Fragen | Holzpellet-Terrassenheizungen","isPartOf":{"@id":"https:\/\/timberstoves.eu\/de\/#website"},"datePublished":"2020-10-01T07:21:59+00:00","dateModified":"2025-12-08T14:44:13+00:00","description":"Fragen und Antworten zu Terrassenheizungen mit Holzpellets. Finden Sie heraus, warum Timberstoves Heizger\u00e4te die besten Au\u00dfenheizger\u00e4te auf dem Markt sind.","breadcrumb":{"@id":"https:\/\/timberstoves.eu\/de\/allgemeine-fragen\/#breadcrumb"},"inLanguage":"de","potentialAction":[{"@type":"ReadAction","target":["https:\/\/timberstoves.eu\/de\/allgemeine-fragen\/"]}]},{"@type":"BreadcrumbList","@id":"https:\/\/timberstoves.eu\/de\/allgemeine-fragen\/#breadcrumb","itemListElement":[{"@type":"ListItem","position":1,"name":"Home","item":"https:\/\/timberstoves.eu\/de\/"},{"@type":"ListItem","position":2,"name":"Allgemeine Fragen"}]},{"@type":"WebSite","@id":"https:\/\/timberstoves.eu\/de\/#website","url":"https:\/\/timberstoves.eu\/de\/","name":"Timber Stoves Europe B.V. | Wood Pellet Fired Patio Heaters |","description":"Wood Pellet Patio Heaters.","publisher":{"@id":"https:\/\/timberstoves.eu\/de\/#organization"},"potentialAction":[{"@type":"SearchAction","target":{"@type":"EntryPoint","urlTemplate":"https:\/\/timberstoves.eu\/de\/?s={search_term_string}"},"query-input":{"@type":"PropertyValueSpecification","valueRequired":true,"valueName":"search_term_string"}}],"inLanguage":"de"},{"@type":"Organization","@id":"https:\/\/timberstoves.eu\/de\/#organization","name":"Timber Stoves Europe B.V.","url":"https:\/\/timberstoves.eu\/de\/","logo":{"@type":"ImageObject","inLanguage":"de","@id":"https:\/\/timberstoves.eu\/de\/#\/schema\/logo\/image\/","url":"https:\/\/timberstoves.eu\/wp-content\/uploads\/2023\/10\/TIMBER2.jpg","contentUrl":"https:\/\/timberstoves.eu\/wp-content\/uploads\/2023\/10\/TIMBER2.jpg","width":300,"height":268,"caption":"Timber Stoves Europe B.V."},"image":{"@id":"https:\/\/timberstoves.eu\/de\/#\/schema\/logo\/image\/"},"sameAs":["https:\/\/www.facebook.com\/Timberstoves\/","https:\/\/x.com\/TimberstovesEU","https:\/\/www.instagram.com\/timberstoves_europe\/"]}]}},"_links":{"self":[{"href":"https:\/\/timberstoves.eu\/de\/wp-json\/wp\/v2\/pages\/255628","targetHints":{"allow":["GET"]}}],"collection":[{"href":"https:\/\/timberstoves.eu\/de\/wp-json\/wp\/v2\/pages"}],"about":[{"href":"https:\/\/timberstoves.eu\/de\/wp-json\/wp\/v2\/types\/page"}],"author":[{"embeddable":true,"href":"https:\/\/timberstoves.eu\/de\/wp-json\/wp\/v2\/users\/2238"}],"replies":[{"embeddable":true,"href":"https:\/\/timberstoves.eu\/de\/wp-json\/wp\/v2\/comments?post=255628"}],"version-history":[{"count":0,"href":"https:\/\/timberstoves.eu\/de\/wp-json\/wp\/v2\/pages\/255628\/revisions"}],"wp:attachment":[{"href":"https:\/\/timberstoves.eu\/de\/wp-json\/wp\/v2\/media?parent=255628"}],"curies":[{"name":"wp","href":"https:\/\/api.w.org\/{rel}","templated":true}]}}