{"id":255707,"date":"2019-04-09T11:34:50","date_gmt":"2019-04-09T09:34:50","guid":{"rendered":"https:\/\/timberstoves.eu\/product\/gewichtete-platte\/"},"modified":"2024-10-23T10:48:05","modified_gmt":"2024-10-23T08:48:05","slug":"gewichtete-platte","status":"publish","type":"product","link":"https:\/\/timberstoves.eu\/de\/produkt\/gewichtete-platte\/","title":{"rendered":"Gewichtete Platte"},"content":{"rendered":"<p>[et_pb_section fb_built=&#8221;1&#8243; _builder_version=&#8221;4.19.4&#8243; custom_padding=&#8221;|20px||20px|false|false&#8221; global_colors_info=&#8221;{}&#8221;][et_pb_row _builder_version=&#8221;4.16&#8243; background_size=&#8221;initial&#8221; background_position=&#8221;top_left&#8221; background_repeat=&#8221;repeat&#8221; width=&#8221;100%&#8221; custom_padding=&#8221;0px||0px||false|false&#8221; global_colors_info=&#8221;{}&#8221;][et_pb_column type=&#8221;4_4&#8243; _builder_version=&#8221;4.16&#8243; custom_padding=&#8221;|||&#8221; global_colors_info=&#8221;{}&#8221; custom_padding__hover=&#8221;|||&#8221;][et_pb_wc_breadcrumb _builder_version=&#8221;4.16&#8243; global_colors_info=&#8221;{}&#8221;][\/et_pb_wc_breadcrumb][et_pb_wc_cart_notice _builder_version=&#8221;4.16&#8243; global_colors_info=&#8221;{}&#8221;][\/et_pb_wc_cart_notice][\/et_pb_column][\/et_pb_row][et_pb_row column_structure=&#8221;1_2,1_2&#8243; _builder_version=&#8221;4.16&#8243; background_size=&#8221;initial&#8221; background_position=&#8221;top_left&#8221; background_repeat=&#8221;repeat&#8221; width=&#8221;100%&#8221; custom_padding=&#8221;0px||||false|false&#8221; global_colors_info=&#8221;{}&#8221;][et_pb_column type=&#8221;1_2&#8243; _builder_version=&#8221;4.16&#8243; custom_padding=&#8221;|||&#8221; global_colors_info=&#8221;{}&#8221; custom_padding__hover=&#8221;|||&#8221;][et_pb_wc_images _builder_version=&#8221;4.16&#8243; global_colors_info=&#8221;{}&#8221;][\/et_pb_wc_images][\/et_pb_column][et_pb_column type=&#8221;1_2&#8243; _builder_version=&#8221;4.16&#8243; custom_padding=&#8221;|||&#8221; global_colors_info=&#8221;{}&#8221; custom_padding__hover=&#8221;|||&#8221;][et_pb_wc_title _builder_version=&#8221;4.16&#8243; global_colors_info=&#8221;{}&#8221;][\/et_pb_wc_title][et_pb_wc_rating _builder_version=&#8221;4.16&#8243; global_colors_info=&#8221;{}&#8221;][\/et_pb_wc_rating][et_pb_wc_price _builder_version=&#8221;4.16&#8243; global_colors_info=&#8221;{}&#8221;][\/et_pb_wc_price][et_pb_wc_description description_type=&#8221;description&#8221; _builder_version=&#8221;4.20.4&#8243; global_colors_info=&#8221;{}&#8221;][\/et_pb_wc_description][et_pb_wc_add_to_cart _builder_version=&#8221;4.16&#8243; global_colors_info=&#8221;{}&#8221;][\/et_pb_wc_add_to_cart][et_pb_wc_meta _builder_version=&#8221;4.16&#8243; global_colors_info=&#8221;{}&#8221;][\/et_pb_wc_meta][\/et_pb_column][\/et_pb_row][et_pb_row _builder_version=&#8221;4.16&#8243; background_size=&#8221;initial&#8221; background_position=&#8221;top_left&#8221; background_repeat=&#8221;repeat&#8221; width=&#8221;100%&#8221; global_colors_info=&#8221;{}&#8221;][et_pb_column type=&#8221;4_4&#8243; _builder_version=&#8221;4.16&#8243; custom_padding=&#8221;|||&#8221; global_colors_info=&#8221;{}&#8221; custom_padding__hover=&#8221;|||&#8221;][et_pb_wc_tabs _builder_version=&#8221;4.16&#8243; global_colors_info=&#8221;{}&#8221;] [\/et_pb_wc_tabs][et_pb_wc_upsells _builder_version=&#8221;4.16&#8243; global_colors_info=&#8221;{}&#8221;][\/et_pb_wc_upsells][et_pb_wc_related_products _builder_version=&#8221;4.16&#8243; global_colors_info=&#8221;{}&#8221;][\/et_pb_wc_related_products][\/et_pb_column][\/et_pb_row][\/et_pb_section]<\/p>\n","protected":false},"excerpt":{"rendered":"","protected":false},"featured_media":255477,"comment_status":"open","ping_status":"closed","template":"","meta":{"_et_pb_use_builder":"on","_et_pb_old_content":"Unsere beschwerte Platte wird an der Unterseite des Sockels f\u00fcr jedes unserer Heizungsmodelle befestigt und sorgt f\u00fcr zus\u00e4tzliche Stabilit\u00e4t bei Wind. Die Platte belastet den Herd mit zus\u00e4tzlichen 14 kg.\r\n<ul>\r\n \t<li>Kann mit Rollen verwendet werden.<\/li>\r\n<\/ul>\r\n<em><span class=\"Y2IQFc\" lang=\"de\">Die Preise k\u00f6nnen je nach Land unterschiedlich sein.<\/span><\/em>\r\n\r\n<strong>Lieferung 3 bis 5 Werktage<\/strong>","_et_gb_content_width":""},"product_brand":[],"product_cat":[104,108],"product_tag":[],"class_list":{"0":"post-255707","1":"product","2":"type-product","3":"status-publish","4":"has-post-thumbnail","6":"product_cat-zubehor","7":"product_cat-zubehor-de","9":"first","10":"instock","11":"taxable","12":"shipping-taxable","13":"purchasable","14":"product-type-simple"},"yoast_head":"<!-- This site is optimized with the Yoast SEO plugin v27.5 - https:\/\/yoast.com\/product\/yoast-seo-wordpress\/ -->\n<title>Gewichtete Platte | Timber Stoves Zubeh\u00f6r<\/title>\n<meta name=\"description\" content=\"Gewichtete Platte f\u00fcr Timber Stoves Bietet zus\u00e4tzliche Stabilit\u00e4t f\u00fcr Kunden, die in Gebieten mit starkem Wind leben.\" \/>\n<meta name=\"robots\" content=\"index, follow, max-snippet:-1, max-image-preview:large, max-video-preview:-1\" \/>\n<link rel=\"canonical\" href=\"https:\/\/timberstoves.eu\/de\/produkt\/gewichtete-platte\/\" \/>\n<meta property=\"og:locale\" content=\"de_DE\" \/>\n<meta property=\"og:type\" content=\"article\" \/>\n<meta property=\"og:title\" content=\"Gewichtete Platte | Timber Stoves Zubeh\u00f6r\" \/>\n<meta property=\"og:description\" content=\"Gewichtete Platte f\u00fcr Timber Stoves Bietet zus\u00e4tzliche Stabilit\u00e4t f\u00fcr Kunden, die in Gebieten mit starkem Wind leben.\" \/>\n<meta property=\"og:url\" content=\"https:\/\/timberstoves.eu\/de\/produkt\/gewichtete-platte\/\" \/>\n<meta property=\"og:site_name\" content=\"Timber Stoves Europe B.V. | Wood Pellet Fired Patio Heaters |\" \/>\n<meta property=\"article:publisher\" content=\"https:\/\/www.facebook.com\/Timberstoves\/\" \/>\n<meta property=\"article:modified_time\" content=\"2024-10-23T08:48:05+00:00\" \/>\n<meta property=\"og:image\" content=\"https:\/\/timberstoves.eu\/wp-content\/uploads\/2022\/12\/weighted-plate.jpg\" \/>\n\t<meta property=\"og:image:width\" content=\"1200\" \/>\n\t<meta property=\"og:image:height\" content=\"1200\" \/>\n\t<meta property=\"og:image:type\" content=\"image\/jpeg\" \/>\n<meta name=\"twitter:card\" content=\"summary_large_image\" \/>\n<meta name=\"twitter:site\" content=\"@TimberstovesEU\" \/>\n<meta name=\"twitter:label1\" content=\"Gesch\u00e4tzte Lesezeit\" \/>\n\t<meta name=\"twitter:data1\" content=\"1\u00a0Minute\" \/>\n<script type=\"application\/ld+json\" class=\"yoast-schema-graph\">{\"@context\":\"https:\\\/\\\/schema.org\",\"@graph\":[{\"@type\":\"WebPage\",\"@id\":\"https:\\\/\\\/timberstoves.eu\\\/de\\\/produkt\\\/gewichtete-platte\\\/\",\"url\":\"https:\\\/\\\/timberstoves.eu\\\/de\\\/produkt\\\/gewichtete-platte\\\/\",\"name\":\"Gewichtete Platte | Timber Stoves Zubeh\u00f6r\",\"isPartOf\":{\"@id\":\"https:\\\/\\\/timberstoves.eu\\\/de\\\/#website\"},\"primaryImageOfPage\":{\"@id\":\"https:\\\/\\\/timberstoves.eu\\\/de\\\/produkt\\\/gewichtete-platte\\\/#primaryimage\"},\"image\":{\"@id\":\"https:\\\/\\\/timberstoves.eu\\\/de\\\/produkt\\\/gewichtete-platte\\\/#primaryimage\"},\"thumbnailUrl\":\"https:\\\/\\\/timberstoves.eu\\\/wp-content\\\/uploads\\\/2022\\\/12\\\/weighted-plate.jpg\",\"datePublished\":\"2019-04-09T09:34:50+00:00\",\"dateModified\":\"2024-10-23T08:48:05+00:00\",\"description\":\"Gewichtete Platte f\u00fcr Timber Stoves Bietet zus\u00e4tzliche Stabilit\u00e4t f\u00fcr Kunden, die in Gebieten mit starkem Wind leben.\",\"breadcrumb\":{\"@id\":\"https:\\\/\\\/timberstoves.eu\\\/de\\\/produkt\\\/gewichtete-platte\\\/#breadcrumb\"},\"inLanguage\":\"de\",\"potentialAction\":[{\"@type\":\"ReadAction\",\"target\":[\"https:\\\/\\\/timberstoves.eu\\\/de\\\/produkt\\\/gewichtete-platte\\\/\"]}]},{\"@type\":\"ImageObject\",\"inLanguage\":\"de\",\"@id\":\"https:\\\/\\\/timberstoves.eu\\\/de\\\/produkt\\\/gewichtete-platte\\\/#primaryimage\",\"url\":\"https:\\\/\\\/timberstoves.eu\\\/wp-content\\\/uploads\\\/2022\\\/12\\\/weighted-plate.jpg\",\"contentUrl\":\"https:\\\/\\\/timberstoves.eu\\\/wp-content\\\/uploads\\\/2022\\\/12\\\/weighted-plate.jpg\",\"width\":1200,\"height\":1200},{\"@type\":\"BreadcrumbList\",\"@id\":\"https:\\\/\\\/timberstoves.eu\\\/de\\\/produkt\\\/gewichtete-platte\\\/#breadcrumb\",\"itemListElement\":[{\"@type\":\"ListItem\",\"position\":1,\"name\":\"Home\",\"item\":\"https:\\\/\\\/timberstoves.eu\\\/de\\\/\"},{\"@type\":\"ListItem\",\"position\":2,\"name\":\"Shop\",\"item\":\"https:\\\/\\\/timberstoves.eu\\\/de\\\/shop-2\\\/\"},{\"@type\":\"ListItem\",\"position\":3,\"name\":\"Gewichtete Platte\"}]},{\"@type\":\"WebSite\",\"@id\":\"https:\\\/\\\/timberstoves.eu\\\/de\\\/#website\",\"url\":\"https:\\\/\\\/timberstoves.eu\\\/de\\\/\",\"name\":\"Timber Stoves Europe B.V. | Wood Pellet Fired Patio Heaters |\",\"description\":\"Wood Pellet Patio Heaters.\",\"publisher\":{\"@id\":\"https:\\\/\\\/timberstoves.eu\\\/de\\\/#organization\"},\"potentialAction\":[{\"@type\":\"SearchAction\",\"target\":{\"@type\":\"EntryPoint\",\"urlTemplate\":\"https:\\\/\\\/timberstoves.eu\\\/de\\\/?s={search_term_string}\"},\"query-input\":{\"@type\":\"PropertyValueSpecification\",\"valueRequired\":true,\"valueName\":\"search_term_string\"}}],\"inLanguage\":\"de\"},{\"@type\":\"Organization\",\"@id\":\"https:\\\/\\\/timberstoves.eu\\\/de\\\/#organization\",\"name\":\"Timber Stoves Europe B.V.\",\"url\":\"https:\\\/\\\/timberstoves.eu\\\/de\\\/\",\"logo\":{\"@type\":\"ImageObject\",\"inLanguage\":\"de\",\"@id\":\"https:\\\/\\\/timberstoves.eu\\\/de\\\/#\\\/schema\\\/logo\\\/image\\\/\",\"url\":\"https:\\\/\\\/timberstoves.eu\\\/wp-content\\\/uploads\\\/2023\\\/10\\\/TIMBER2.jpg\",\"contentUrl\":\"https:\\\/\\\/timberstoves.eu\\\/wp-content\\\/uploads\\\/2023\\\/10\\\/TIMBER2.jpg\",\"width\":300,\"height\":268,\"caption\":\"Timber Stoves Europe B.V.\"},\"image\":{\"@id\":\"https:\\\/\\\/timberstoves.eu\\\/de\\\/#\\\/schema\\\/logo\\\/image\\\/\"},\"sameAs\":[\"https:\\\/\\\/www.facebook.com\\\/Timberstoves\\\/\",\"https:\\\/\\\/x.com\\\/TimberstovesEU\",\"https:\\\/\\\/www.instagram.com\\\/timberstoves_europe\\\/\"]}]}<\/script>\n<!-- \/ Yoast SEO plugin. -->","yoast_head_json":{"title":"Gewichtete Platte | Timber Stoves Zubeh\u00f6r","description":"Gewichtete Platte f\u00fcr Timber Stoves Bietet zus\u00e4tzliche Stabilit\u00e4t f\u00fcr Kunden, die in Gebieten mit starkem Wind leben.","robots":{"index":"index","follow":"follow","max-snippet":"max-snippet:-1","max-image-preview":"max-image-preview:large","max-video-preview":"max-video-preview:-1"},"canonical":"https:\/\/timberstoves.eu\/de\/produkt\/gewichtete-platte\/","og_locale":"de_DE","og_type":"article","og_title":"Gewichtete Platte | Timber Stoves Zubeh\u00f6r","og_description":"Gewichtete Platte f\u00fcr Timber Stoves Bietet zus\u00e4tzliche Stabilit\u00e4t f\u00fcr Kunden, die in Gebieten mit starkem Wind leben.","og_url":"https:\/\/timberstoves.eu\/de\/produkt\/gewichtete-platte\/","og_site_name":"Timber Stoves Europe B.V. | Wood Pellet Fired Patio Heaters |","article_publisher":"https:\/\/www.facebook.com\/Timberstoves\/","article_modified_time":"2024-10-23T08:48:05+00:00","og_image":[{"width":1200,"height":1200,"url":"https:\/\/timberstoves.eu\/wp-content\/uploads\/2022\/12\/weighted-plate.jpg","type":"image\/jpeg"}],"twitter_card":"summary_large_image","twitter_site":"@TimberstovesEU","twitter_misc":{"Gesch\u00e4tzte Lesezeit":"1\u00a0Minute"},"schema":{"@context":"https:\/\/schema.org","@graph":[{"@type":"WebPage","@id":"https:\/\/timberstoves.eu\/de\/produkt\/gewichtete-platte\/","url":"https:\/\/timberstoves.eu\/de\/produkt\/gewichtete-platte\/","name":"Gewichtete Platte | Timber Stoves Zubeh\u00f6r","isPartOf":{"@id":"https:\/\/timberstoves.eu\/de\/#website"},"primaryImageOfPage":{"@id":"https:\/\/timberstoves.eu\/de\/produkt\/gewichtete-platte\/#primaryimage"},"image":{"@id":"https:\/\/timberstoves.eu\/de\/produkt\/gewichtete-platte\/#primaryimage"},"thumbnailUrl":"https:\/\/timberstoves.eu\/wp-content\/uploads\/2022\/12\/weighted-plate.jpg","datePublished":"2019-04-09T09:34:50+00:00","dateModified":"2024-10-23T08:48:05+00:00","description":"Gewichtete Platte f\u00fcr Timber Stoves Bietet zus\u00e4tzliche Stabilit\u00e4t f\u00fcr Kunden, die in Gebieten mit starkem Wind leben.","breadcrumb":{"@id":"https:\/\/timberstoves.eu\/de\/produkt\/gewichtete-platte\/#breadcrumb"},"inLanguage":"de","potentialAction":[{"@type":"ReadAction","target":["https:\/\/timberstoves.eu\/de\/produkt\/gewichtete-platte\/"]}]},{"@type":"ImageObject","inLanguage":"de","@id":"https:\/\/timberstoves.eu\/de\/produkt\/gewichtete-platte\/#primaryimage","url":"https:\/\/timberstoves.eu\/wp-content\/uploads\/2022\/12\/weighted-plate.jpg","contentUrl":"https:\/\/timberstoves.eu\/wp-content\/uploads\/2022\/12\/weighted-plate.jpg","width":1200,"height":1200},{"@type":"BreadcrumbList","@id":"https:\/\/timberstoves.eu\/de\/produkt\/gewichtete-platte\/#breadcrumb","itemListElement":[{"@type":"ListItem","position":1,"name":"Home","item":"https:\/\/timberstoves.eu\/de\/"},{"@type":"ListItem","position":2,"name":"Shop","item":"https:\/\/timberstoves.eu\/de\/shop-2\/"},{"@type":"ListItem","position":3,"name":"Gewichtete Platte"}]},{"@type":"WebSite","@id":"https:\/\/timberstoves.eu\/de\/#website","url":"https:\/\/timberstoves.eu\/de\/","name":"Timber Stoves Europe B.V. | Wood Pellet Fired Patio Heaters |","description":"Wood Pellet Patio Heaters.","publisher":{"@id":"https:\/\/timberstoves.eu\/de\/#organization"},"potentialAction":[{"@type":"SearchAction","target":{"@type":"EntryPoint","urlTemplate":"https:\/\/timberstoves.eu\/de\/?s={search_term_string}"},"query-input":{"@type":"PropertyValueSpecification","valueRequired":true,"valueName":"search_term_string"}}],"inLanguage":"de"},{"@type":"Organization","@id":"https:\/\/timberstoves.eu\/de\/#organization","name":"Timber Stoves Europe B.V.","url":"https:\/\/timberstoves.eu\/de\/","logo":{"@type":"ImageObject","inLanguage":"de","@id":"https:\/\/timberstoves.eu\/de\/#\/schema\/logo\/image\/","url":"https:\/\/timberstoves.eu\/wp-content\/uploads\/2023\/10\/TIMBER2.jpg","contentUrl":"https:\/\/timberstoves.eu\/wp-content\/uploads\/2023\/10\/TIMBER2.jpg","width":300,"height":268,"caption":"Timber Stoves Europe B.V."},"image":{"@id":"https:\/\/timberstoves.eu\/de\/#\/schema\/logo\/image\/"},"sameAs":["https:\/\/www.facebook.com\/Timberstoves\/","https:\/\/x.com\/TimberstovesEU","https:\/\/www.instagram.com\/timberstoves_europe\/"]}]}},"_links":{"self":[{"href":"https:\/\/timberstoves.eu\/de\/wp-json\/wp\/v2\/product\/255707","targetHints":{"allow":["GET"]}}],"collection":[{"href":"https:\/\/timberstoves.eu\/de\/wp-json\/wp\/v2\/product"}],"about":[{"href":"https:\/\/timberstoves.eu\/de\/wp-json\/wp\/v2\/types\/product"}],"replies":[{"embeddable":true,"href":"https:\/\/timberstoves.eu\/de\/wp-json\/wp\/v2\/comments?post=255707"}],"wp:featuredmedia":[{"embeddable":true,"href":"https:\/\/timberstoves.eu\/de\/wp-json\/wp\/v2\/media\/255477"}],"wp:attachment":[{"href":"https:\/\/timberstoves.eu\/de\/wp-json\/wp\/v2\/media?parent=255707"}],"wp:term":[{"taxonomy":"product_brand","embeddable":true,"href":"https:\/\/timberstoves.eu\/de\/wp-json\/wp\/v2\/product_brand?post=255707"},{"taxonomy":"product_cat","embeddable":true,"href":"https:\/\/timberstoves.eu\/de\/wp-json\/wp\/v2\/product_cat?post=255707"},{"taxonomy":"product_tag","embeddable":true,"href":"https:\/\/timberstoves.eu\/de\/wp-json\/wp\/v2\/product_tag?post=255707"}],"curies":[{"name":"wp","href":"https:\/\/api.w.org\/{rel}","templated":true}]}}