{"id":257353,"date":"2023-04-12T10:06:56","date_gmt":"2023-04-12T17:06:56","guid":{"rendered":"https:\/\/timberstoves.eu\/product\/300-serie-edelstahl-feuertopf\/"},"modified":"2026-04-03T10:34:59","modified_gmt":"2026-04-03T08:34:59","slug":"300-serie-edelstahl-feuertopf","status":"publish","type":"product","link":"https:\/\/timberstoves.eu\/de\/produkt\/300-serie-edelstahl-feuertopf\/","title":{"rendered":"300 Serie Edelstahl Feuertopf"},"content":{"rendered":"<p>Der neue Feuertopf aus Edelstahl h\u00e4lt etwa doppelt so lange wie der urspr\u00fcngliche Feuertopf aus Weichstahl. Die Seitenw\u00e4nde und der Stab sind aus einer speziellen Hochtemperatur-Edelstahllegierung gefertigt, die Temperaturen von bis zu 1150\u00b0C standh\u00e4lt. Der Feuertopf kann 1000 Stunden lang benutzt werden, bevor er ausgetauscht werden muss.  <\/p>\n","protected":false},"excerpt":{"rendered":"<p>Der neue Feuertopf aus Edelstahl h\u00e4lt etwa doppelt so lange wie der urspr\u00fcngliche Feuertopf aus Weichstahl. Die Seitenw\u00e4nde und der Stab sind aus einer speziellen Hochtemperatur-Edelstahllegierung gefertigt, die Temperaturen von bis zu 1150\u00b0C standh\u00e4lt. Der Feuertopf kann 1000 Stunden lang benutzt werden, bevor er ausgetauscht werden muss.<\/p>\n","protected":false},"featured_media":255476,"comment_status":"closed","ping_status":"closed","template":"","meta":{"_et_pb_use_builder":"","_et_pb_old_content":"","_et_gb_content_width":""},"product_brand":[],"product_cat":[171],"product_tag":[],"class_list":{"0":"post-257353","1":"product","2":"type-product","3":"status-publish","4":"has-post-thumbnail","6":"product_cat-uncategorized-de","7":"product_shipping_class-accessories-de","9":"first","10":"instock","11":"taxable","12":"shipping-taxable","13":"purchasable","14":"product-type-simple"},"yoast_head":"<!-- This site is optimized with the Yoast SEO plugin v27.4 - https:\/\/yoast.com\/product\/yoast-seo-wordpress\/ -->\n<title>300 Serie Edelstahl Feuertopf - Holz\u00f6fen<\/title>\n<meta name=\"robots\" content=\"index, follow, max-snippet:-1, max-image-preview:large, max-video-preview:-1\" \/>\n<link rel=\"canonical\" href=\"https:\/\/timberstoves.eu\/de\/produkt\/300-serie-edelstahl-feuertopf\/\" \/>\n<meta property=\"og:locale\" content=\"de_DE\" \/>\n<meta property=\"og:type\" content=\"article\" \/>\n<meta property=\"og:title\" content=\"300 Serie Edelstahl Feuertopf - Holz\u00f6fen\" \/>\n<meta property=\"og:description\" content=\"Der neue Feuertopf aus Edelstahl h\u00e4lt etwa doppelt so lange wie der urspr\u00fcngliche Feuertopf aus Weichstahl. Die Seitenw\u00e4nde und der Stab sind aus einer speziellen Hochtemperatur-Edelstahllegierung gefertigt, die Temperaturen von bis zu 1150\u00b0C standh\u00e4lt. Der Feuertopf kann 1000 Stunden lang benutzt werden, bevor er ausgetauscht werden muss.\" \/>\n<meta property=\"og:url\" content=\"https:\/\/timberstoves.eu\/de\/produkt\/300-serie-edelstahl-feuertopf\/\" \/>\n<meta property=\"og:site_name\" content=\"Timber Stoves Europe B.V. | Wood Pellet Fired Patio Heaters |\" \/>\n<meta property=\"article:publisher\" content=\"https:\/\/www.facebook.com\/Timberstoves\/\" \/>\n<meta property=\"article:modified_time\" content=\"2026-04-03T08:34:59+00:00\" \/>\n<meta property=\"og:image\" content=\"https:\/\/timberstoves.eu\/wp-content\/uploads\/2023\/04\/300-series-firepot.jpg\" \/>\n\t<meta property=\"og:image:width\" content=\"1500\" \/>\n\t<meta property=\"og:image:height\" content=\"1500\" \/>\n\t<meta property=\"og:image:type\" content=\"image\/jpeg\" \/>\n<meta name=\"twitter:card\" content=\"summary_large_image\" \/>\n<meta name=\"twitter:site\" content=\"@TimberstovesEU\" \/>\n<script type=\"application\/ld+json\" class=\"yoast-schema-graph\">{\"@context\":\"https:\\\/\\\/schema.org\",\"@graph\":[{\"@type\":\"WebPage\",\"@id\":\"https:\\\/\\\/timberstoves.eu\\\/de\\\/produkt\\\/300-serie-edelstahl-feuertopf\\\/\",\"url\":\"https:\\\/\\\/timberstoves.eu\\\/de\\\/produkt\\\/300-serie-edelstahl-feuertopf\\\/\",\"name\":\"300 Serie Edelstahl Feuertopf - Holz\u00f6fen\",\"isPartOf\":{\"@id\":\"https:\\\/\\\/timberstoves.eu\\\/de\\\/#website\"},\"primaryImageOfPage\":{\"@id\":\"https:\\\/\\\/timberstoves.eu\\\/de\\\/produkt\\\/300-serie-edelstahl-feuertopf\\\/#primaryimage\"},\"image\":{\"@id\":\"https:\\\/\\\/timberstoves.eu\\\/de\\\/produkt\\\/300-serie-edelstahl-feuertopf\\\/#primaryimage\"},\"thumbnailUrl\":\"https:\\\/\\\/timberstoves.eu\\\/wp-content\\\/uploads\\\/2023\\\/04\\\/300-series-firepot.jpg\",\"datePublished\":\"2023-04-12T17:06:56+00:00\",\"dateModified\":\"2026-04-03T08:34:59+00:00\",\"breadcrumb\":{\"@id\":\"https:\\\/\\\/timberstoves.eu\\\/de\\\/produkt\\\/300-serie-edelstahl-feuertopf\\\/#breadcrumb\"},\"inLanguage\":\"de\",\"potentialAction\":[{\"@type\":\"ReadAction\",\"target\":[\"https:\\\/\\\/timberstoves.eu\\\/de\\\/produkt\\\/300-serie-edelstahl-feuertopf\\\/\"]}]},{\"@type\":\"ImageObject\",\"inLanguage\":\"de\",\"@id\":\"https:\\\/\\\/timberstoves.eu\\\/de\\\/produkt\\\/300-serie-edelstahl-feuertopf\\\/#primaryimage\",\"url\":\"https:\\\/\\\/timberstoves.eu\\\/wp-content\\\/uploads\\\/2023\\\/04\\\/300-series-firepot.jpg\",\"contentUrl\":\"https:\\\/\\\/timberstoves.eu\\\/wp-content\\\/uploads\\\/2023\\\/04\\\/300-series-firepot.jpg\",\"width\":1500,\"height\":1500},{\"@type\":\"BreadcrumbList\",\"@id\":\"https:\\\/\\\/timberstoves.eu\\\/de\\\/produkt\\\/300-serie-edelstahl-feuertopf\\\/#breadcrumb\",\"itemListElement\":[{\"@type\":\"ListItem\",\"position\":1,\"name\":\"Home\",\"item\":\"https:\\\/\\\/timberstoves.eu\\\/de\\\/\"},{\"@type\":\"ListItem\",\"position\":2,\"name\":\"Shop\",\"item\":\"https:\\\/\\\/timberstoves.eu\\\/de\\\/shop-2\\\/\"},{\"@type\":\"ListItem\",\"position\":3,\"name\":\"300 Serie Edelstahl Feuertopf\"}]},{\"@type\":\"WebSite\",\"@id\":\"https:\\\/\\\/timberstoves.eu\\\/de\\\/#website\",\"url\":\"https:\\\/\\\/timberstoves.eu\\\/de\\\/\",\"name\":\"Timber Stoves Europe B.V. | Wood Pellet Fired Patio Heaters |\",\"description\":\"Wood Pellet Patio Heaters.\",\"publisher\":{\"@id\":\"https:\\\/\\\/timberstoves.eu\\\/de\\\/#organization\"},\"potentialAction\":[{\"@type\":\"SearchAction\",\"target\":{\"@type\":\"EntryPoint\",\"urlTemplate\":\"https:\\\/\\\/timberstoves.eu\\\/de\\\/?s={search_term_string}\"},\"query-input\":{\"@type\":\"PropertyValueSpecification\",\"valueRequired\":true,\"valueName\":\"search_term_string\"}}],\"inLanguage\":\"de\"},{\"@type\":\"Organization\",\"@id\":\"https:\\\/\\\/timberstoves.eu\\\/de\\\/#organization\",\"name\":\"Timber Stoves Europe B.V.\",\"url\":\"https:\\\/\\\/timberstoves.eu\\\/de\\\/\",\"logo\":{\"@type\":\"ImageObject\",\"inLanguage\":\"de\",\"@id\":\"https:\\\/\\\/timberstoves.eu\\\/de\\\/#\\\/schema\\\/logo\\\/image\\\/\",\"url\":\"https:\\\/\\\/timberstoves.eu\\\/wp-content\\\/uploads\\\/2023\\\/10\\\/TIMBER2.jpg\",\"contentUrl\":\"https:\\\/\\\/timberstoves.eu\\\/wp-content\\\/uploads\\\/2023\\\/10\\\/TIMBER2.jpg\",\"width\":300,\"height\":268,\"caption\":\"Timber Stoves Europe B.V.\"},\"image\":{\"@id\":\"https:\\\/\\\/timberstoves.eu\\\/de\\\/#\\\/schema\\\/logo\\\/image\\\/\"},\"sameAs\":[\"https:\\\/\\\/www.facebook.com\\\/Timberstoves\\\/\",\"https:\\\/\\\/x.com\\\/TimberstovesEU\",\"https:\\\/\\\/www.instagram.com\\\/timberstoves_europe\\\/\"]}]}<\/script>\n<!-- \/ Yoast SEO plugin. -->","yoast_head_json":{"title":"300 Serie Edelstahl Feuertopf - Holz\u00f6fen","robots":{"index":"index","follow":"follow","max-snippet":"max-snippet:-1","max-image-preview":"max-image-preview:large","max-video-preview":"max-video-preview:-1"},"canonical":"https:\/\/timberstoves.eu\/de\/produkt\/300-serie-edelstahl-feuertopf\/","og_locale":"de_DE","og_type":"article","og_title":"300 Serie Edelstahl Feuertopf - Holz\u00f6fen","og_description":"Der neue Feuertopf aus Edelstahl h\u00e4lt etwa doppelt so lange wie der urspr\u00fcngliche Feuertopf aus Weichstahl. Die Seitenw\u00e4nde und der Stab sind aus einer speziellen Hochtemperatur-Edelstahllegierung gefertigt, die Temperaturen von bis zu 1150\u00b0C standh\u00e4lt. Der Feuertopf kann 1000 Stunden lang benutzt werden, bevor er ausgetauscht werden muss.","og_url":"https:\/\/timberstoves.eu\/de\/produkt\/300-serie-edelstahl-feuertopf\/","og_site_name":"Timber Stoves Europe B.V. | Wood Pellet Fired Patio Heaters |","article_publisher":"https:\/\/www.facebook.com\/Timberstoves\/","article_modified_time":"2026-04-03T08:34:59+00:00","og_image":[{"width":1500,"height":1500,"url":"https:\/\/timberstoves.eu\/wp-content\/uploads\/2023\/04\/300-series-firepot.jpg","type":"image\/jpeg"}],"twitter_card":"summary_large_image","twitter_site":"@TimberstovesEU","schema":{"@context":"https:\/\/schema.org","@graph":[{"@type":"WebPage","@id":"https:\/\/timberstoves.eu\/de\/produkt\/300-serie-edelstahl-feuertopf\/","url":"https:\/\/timberstoves.eu\/de\/produkt\/300-serie-edelstahl-feuertopf\/","name":"300 Serie Edelstahl Feuertopf - Holz\u00f6fen","isPartOf":{"@id":"https:\/\/timberstoves.eu\/de\/#website"},"primaryImageOfPage":{"@id":"https:\/\/timberstoves.eu\/de\/produkt\/300-serie-edelstahl-feuertopf\/#primaryimage"},"image":{"@id":"https:\/\/timberstoves.eu\/de\/produkt\/300-serie-edelstahl-feuertopf\/#primaryimage"},"thumbnailUrl":"https:\/\/timberstoves.eu\/wp-content\/uploads\/2023\/04\/300-series-firepot.jpg","datePublished":"2023-04-12T17:06:56+00:00","dateModified":"2026-04-03T08:34:59+00:00","breadcrumb":{"@id":"https:\/\/timberstoves.eu\/de\/produkt\/300-serie-edelstahl-feuertopf\/#breadcrumb"},"inLanguage":"de","potentialAction":[{"@type":"ReadAction","target":["https:\/\/timberstoves.eu\/de\/produkt\/300-serie-edelstahl-feuertopf\/"]}]},{"@type":"ImageObject","inLanguage":"de","@id":"https:\/\/timberstoves.eu\/de\/produkt\/300-serie-edelstahl-feuertopf\/#primaryimage","url":"https:\/\/timberstoves.eu\/wp-content\/uploads\/2023\/04\/300-series-firepot.jpg","contentUrl":"https:\/\/timberstoves.eu\/wp-content\/uploads\/2023\/04\/300-series-firepot.jpg","width":1500,"height":1500},{"@type":"BreadcrumbList","@id":"https:\/\/timberstoves.eu\/de\/produkt\/300-serie-edelstahl-feuertopf\/#breadcrumb","itemListElement":[{"@type":"ListItem","position":1,"name":"Home","item":"https:\/\/timberstoves.eu\/de\/"},{"@type":"ListItem","position":2,"name":"Shop","item":"https:\/\/timberstoves.eu\/de\/shop-2\/"},{"@type":"ListItem","position":3,"name":"300 Serie Edelstahl Feuertopf"}]},{"@type":"WebSite","@id":"https:\/\/timberstoves.eu\/de\/#website","url":"https:\/\/timberstoves.eu\/de\/","name":"Timber Stoves Europe B.V. | Wood Pellet Fired Patio Heaters |","description":"Wood Pellet Patio Heaters.","publisher":{"@id":"https:\/\/timberstoves.eu\/de\/#organization"},"potentialAction":[{"@type":"SearchAction","target":{"@type":"EntryPoint","urlTemplate":"https:\/\/timberstoves.eu\/de\/?s={search_term_string}"},"query-input":{"@type":"PropertyValueSpecification","valueRequired":true,"valueName":"search_term_string"}}],"inLanguage":"de"},{"@type":"Organization","@id":"https:\/\/timberstoves.eu\/de\/#organization","name":"Timber Stoves Europe B.V.","url":"https:\/\/timberstoves.eu\/de\/","logo":{"@type":"ImageObject","inLanguage":"de","@id":"https:\/\/timberstoves.eu\/de\/#\/schema\/logo\/image\/","url":"https:\/\/timberstoves.eu\/wp-content\/uploads\/2023\/10\/TIMBER2.jpg","contentUrl":"https:\/\/timberstoves.eu\/wp-content\/uploads\/2023\/10\/TIMBER2.jpg","width":300,"height":268,"caption":"Timber Stoves Europe B.V."},"image":{"@id":"https:\/\/timberstoves.eu\/de\/#\/schema\/logo\/image\/"},"sameAs":["https:\/\/www.facebook.com\/Timberstoves\/","https:\/\/x.com\/TimberstovesEU","https:\/\/www.instagram.com\/timberstoves_europe\/"]}]}},"_links":{"self":[{"href":"https:\/\/timberstoves.eu\/de\/wp-json\/wp\/v2\/product\/257353","targetHints":{"allow":["GET"]}}],"collection":[{"href":"https:\/\/timberstoves.eu\/de\/wp-json\/wp\/v2\/product"}],"about":[{"href":"https:\/\/timberstoves.eu\/de\/wp-json\/wp\/v2\/types\/product"}],"replies":[{"embeddable":true,"href":"https:\/\/timberstoves.eu\/de\/wp-json\/wp\/v2\/comments?post=257353"}],"wp:featuredmedia":[{"embeddable":true,"href":"https:\/\/timberstoves.eu\/de\/wp-json\/wp\/v2\/media\/255476"}],"wp:attachment":[{"href":"https:\/\/timberstoves.eu\/de\/wp-json\/wp\/v2\/media?parent=257353"}],"wp:term":[{"taxonomy":"product_brand","embeddable":true,"href":"https:\/\/timberstoves.eu\/de\/wp-json\/wp\/v2\/product_brand?post=257353"},{"taxonomy":"product_cat","embeddable":true,"href":"https:\/\/timberstoves.eu\/de\/wp-json\/wp\/v2\/product_cat?post=257353"},{"taxonomy":"product_tag","embeddable":true,"href":"https:\/\/timberstoves.eu\/de\/wp-json\/wp\/v2\/product_tag?post=257353"}],"curies":[{"name":"wp","href":"https:\/\/api.w.org\/{rel}","templated":true}]}}