{"id":257357,"date":"2016-10-07T18:44:39","date_gmt":"2016-10-07T16:44:39","guid":{"rendered":"https:\/\/timberstoves.eu\/product\/ersatz-feuertopf\/"},"modified":"2024-12-20T16:45:42","modified_gmt":"2024-12-20T15:45:42","slug":"ersatz-feuertopf","status":"publish","type":"product","link":"https:\/\/timberstoves.eu\/de\/produkt\/ersatz-feuertopf\/","title":{"rendered":"Ersatz-Feuertopf"},"content":{"rendered":"<p class=\"p1\">Unser Feuertopf verf\u00fcgt \u00fcber eine hochmoderne Technologie f\u00fcr Schwerkraft-Pelletsysteme, die den Luftstrom f\u00fcr zwei Verbrennungszonen optimiert. Dieses Design maximiert die Verbrennungseffizienz, reduziert die Asche und vereinfacht die Wartung. Der einziehbare Boden, der durch eine externe Zugstange gesteuert wird, erm\u00f6glicht eine schnelle Entnahme der Asche in den Aschekasten, den Sie nach Belieben in einen sicheren Beh\u00e4lter entleeren k\u00f6nnen.<\/p>\n<p>&nbsp;<\/p>\n<p>&nbsp;<\/p>\n","protected":false},"excerpt":{"rendered":"<p>Unser Feuertopf verf\u00fcgt \u00fcber eine hochmoderne Technologie f\u00fcr Schwerkraft-Pelletsysteme, die den Luftstrom f\u00fcr zwei Verbrennungszonen optimiert. Dieses Design maximiert die Verbrennungseffizienz, reduziert die Asche und vereinfacht die Wartung. Der einziehbare Boden, der durch eine externe Zugstange gesteuert wird, erm\u00f6glicht eine schnelle Entnahme der Asche in den Aschekasten, den Sie nach Belieben in einen sicheren Beh\u00e4lter [&hellip;]<\/p>\n","protected":false},"featured_media":255558,"comment_status":"open","ping_status":"closed","template":"","meta":{"_et_pb_use_builder":"","_et_pb_old_content":"","_et_gb_content_width":""},"product_brand":[],"product_cat":[171],"product_tag":[],"class_list":{"0":"post-257357","1":"product","2":"type-product","3":"status-publish","4":"has-post-thumbnail","6":"product_cat-uncategorized-de","7":"product_shipping_class-accessories-de","9":"first","10":"instock","11":"taxable","12":"shipping-taxable","13":"purchasable","14":"product-type-simple"},"yoast_head":"<!-- This site is optimized with the Yoast SEO plugin v27.6 - https:\/\/yoast.com\/product\/yoast-seo-wordpress\/ -->\n<title>Ersatz-Feuertopf - Timber Stoves Europe B.V. | Wood Pellet Fired Patio Heaters |<\/title>\n<meta name=\"robots\" content=\"index, follow, max-snippet:-1, max-image-preview:large, max-video-preview:-1\" \/>\n<link rel=\"canonical\" href=\"https:\/\/timberstoves.eu\/de\/produkt\/ersatz-feuertopf\/\" \/>\n<meta property=\"og:locale\" content=\"de_DE\" \/>\n<meta property=\"og:type\" content=\"article\" \/>\n<meta property=\"og:title\" content=\"Ersatz-Feuertopf - Timber Stoves Europe B.V. | Wood Pellet Fired Patio Heaters |\" \/>\n<meta property=\"og:description\" content=\"Unser Feuertopf verf\u00fcgt \u00fcber eine hochmoderne Technologie f\u00fcr Schwerkraft-Pelletsysteme, die den Luftstrom f\u00fcr zwei Verbrennungszonen optimiert. Dieses Design maximiert die Verbrennungseffizienz, reduziert die Asche und vereinfacht die Wartung. Der einziehbare Boden, der durch eine externe Zugstange gesteuert wird, erm\u00f6glicht eine schnelle Entnahme der Asche in den Aschekasten, den Sie nach Belieben in einen sicheren Beh\u00e4lter [&hellip;]\" \/>\n<meta property=\"og:url\" content=\"https:\/\/timberstoves.eu\/de\/produkt\/ersatz-feuertopf\/\" \/>\n<meta property=\"og:site_name\" content=\"Timber Stoves Europe B.V. | Wood Pellet Fired Patio Heaters |\" \/>\n<meta property=\"article:publisher\" content=\"https:\/\/www.facebook.com\/Timberstoves\/\" \/>\n<meta property=\"article:modified_time\" content=\"2024-12-20T15:45:42+00:00\" \/>\n<meta property=\"og:image\" content=\"https:\/\/timberstoves.eu\/wp-content\/uploads\/2016\/10\/replacement-firepot.jpg\" \/>\n\t<meta property=\"og:image:width\" content=\"1500\" \/>\n\t<meta property=\"og:image:height\" content=\"1500\" \/>\n\t<meta property=\"og:image:type\" content=\"image\/jpeg\" \/>\n<meta name=\"twitter:card\" content=\"summary_large_image\" \/>\n<meta name=\"twitter:site\" content=\"@TimberstovesEU\" \/>\n<script type=\"application\/ld+json\" class=\"yoast-schema-graph\">{\"@context\":\"https:\\\/\\\/schema.org\",\"@graph\":[{\"@type\":\"WebPage\",\"@id\":\"https:\\\/\\\/timberstoves.eu\\\/de\\\/produkt\\\/ersatz-feuertopf\\\/\",\"url\":\"https:\\\/\\\/timberstoves.eu\\\/de\\\/produkt\\\/ersatz-feuertopf\\\/\",\"name\":\"Ersatz-Feuertopf - Timber Stoves Europe B.V. | Wood Pellet Fired Patio Heaters |\",\"isPartOf\":{\"@id\":\"https:\\\/\\\/timberstoves.eu\\\/de\\\/#website\"},\"primaryImageOfPage\":{\"@id\":\"https:\\\/\\\/timberstoves.eu\\\/de\\\/produkt\\\/ersatz-feuertopf\\\/#primaryimage\"},\"image\":{\"@id\":\"https:\\\/\\\/timberstoves.eu\\\/de\\\/produkt\\\/ersatz-feuertopf\\\/#primaryimage\"},\"thumbnailUrl\":\"https:\\\/\\\/timberstoves.eu\\\/wp-content\\\/uploads\\\/2016\\\/10\\\/replacement-firepot.jpg\",\"datePublished\":\"2016-10-07T16:44:39+00:00\",\"dateModified\":\"2024-12-20T15:45:42+00:00\",\"breadcrumb\":{\"@id\":\"https:\\\/\\\/timberstoves.eu\\\/de\\\/produkt\\\/ersatz-feuertopf\\\/#breadcrumb\"},\"inLanguage\":\"de\",\"potentialAction\":[{\"@type\":\"ReadAction\",\"target\":[\"https:\\\/\\\/timberstoves.eu\\\/de\\\/produkt\\\/ersatz-feuertopf\\\/\"]}]},{\"@type\":\"ImageObject\",\"inLanguage\":\"de\",\"@id\":\"https:\\\/\\\/timberstoves.eu\\\/de\\\/produkt\\\/ersatz-feuertopf\\\/#primaryimage\",\"url\":\"https:\\\/\\\/timberstoves.eu\\\/wp-content\\\/uploads\\\/2016\\\/10\\\/replacement-firepot.jpg\",\"contentUrl\":\"https:\\\/\\\/timberstoves.eu\\\/wp-content\\\/uploads\\\/2016\\\/10\\\/replacement-firepot.jpg\",\"width\":1500,\"height\":1500},{\"@type\":\"BreadcrumbList\",\"@id\":\"https:\\\/\\\/timberstoves.eu\\\/de\\\/produkt\\\/ersatz-feuertopf\\\/#breadcrumb\",\"itemListElement\":[{\"@type\":\"ListItem\",\"position\":1,\"name\":\"Home\",\"item\":\"https:\\\/\\\/timberstoves.eu\\\/de\\\/\"},{\"@type\":\"ListItem\",\"position\":2,\"name\":\"Shop\",\"item\":\"https:\\\/\\\/timberstoves.eu\\\/de\\\/shop-2\\\/\"},{\"@type\":\"ListItem\",\"position\":3,\"name\":\"Ersatz-Feuertopf\"}]},{\"@type\":\"WebSite\",\"@id\":\"https:\\\/\\\/timberstoves.eu\\\/de\\\/#website\",\"url\":\"https:\\\/\\\/timberstoves.eu\\\/de\\\/\",\"name\":\"Timber Stoves Europe B.V. | Wood Pellet Fired Patio Heaters |\",\"description\":\"Wood Pellet Patio Heaters.\",\"publisher\":{\"@id\":\"https:\\\/\\\/timberstoves.eu\\\/de\\\/#organization\"},\"potentialAction\":[{\"@type\":\"SearchAction\",\"target\":{\"@type\":\"EntryPoint\",\"urlTemplate\":\"https:\\\/\\\/timberstoves.eu\\\/de\\\/?s={search_term_string}\"},\"query-input\":{\"@type\":\"PropertyValueSpecification\",\"valueRequired\":true,\"valueName\":\"search_term_string\"}}],\"inLanguage\":\"de\"},{\"@type\":\"Organization\",\"@id\":\"https:\\\/\\\/timberstoves.eu\\\/de\\\/#organization\",\"name\":\"Timber Stoves Europe B.V.\",\"url\":\"https:\\\/\\\/timberstoves.eu\\\/de\\\/\",\"logo\":{\"@type\":\"ImageObject\",\"inLanguage\":\"de\",\"@id\":\"https:\\\/\\\/timberstoves.eu\\\/de\\\/#\\\/schema\\\/logo\\\/image\\\/\",\"url\":\"https:\\\/\\\/timberstoves.eu\\\/wp-content\\\/uploads\\\/2023\\\/10\\\/TIMBER2.jpg\",\"contentUrl\":\"https:\\\/\\\/timberstoves.eu\\\/wp-content\\\/uploads\\\/2023\\\/10\\\/TIMBER2.jpg\",\"width\":300,\"height\":268,\"caption\":\"Timber Stoves Europe B.V.\"},\"image\":{\"@id\":\"https:\\\/\\\/timberstoves.eu\\\/de\\\/#\\\/schema\\\/logo\\\/image\\\/\"},\"sameAs\":[\"https:\\\/\\\/www.facebook.com\\\/Timberstoves\\\/\",\"https:\\\/\\\/x.com\\\/TimberstovesEU\",\"https:\\\/\\\/www.instagram.com\\\/timberstoves_europe\\\/\"]}]}<\/script>\n<!-- \/ Yoast SEO plugin. -->","yoast_head_json":{"title":"Ersatz-Feuertopf - Timber Stoves Europe B.V. | Wood Pellet Fired Patio Heaters |","robots":{"index":"index","follow":"follow","max-snippet":"max-snippet:-1","max-image-preview":"max-image-preview:large","max-video-preview":"max-video-preview:-1"},"canonical":"https:\/\/timberstoves.eu\/de\/produkt\/ersatz-feuertopf\/","og_locale":"de_DE","og_type":"article","og_title":"Ersatz-Feuertopf - Timber Stoves Europe B.V. | Wood Pellet Fired Patio Heaters |","og_description":"Unser Feuertopf verf\u00fcgt \u00fcber eine hochmoderne Technologie f\u00fcr Schwerkraft-Pelletsysteme, die den Luftstrom f\u00fcr zwei Verbrennungszonen optimiert. Dieses Design maximiert die Verbrennungseffizienz, reduziert die Asche und vereinfacht die Wartung. Der einziehbare Boden, der durch eine externe Zugstange gesteuert wird, erm\u00f6glicht eine schnelle Entnahme der Asche in den Aschekasten, den Sie nach Belieben in einen sicheren Beh\u00e4lter [&hellip;]","og_url":"https:\/\/timberstoves.eu\/de\/produkt\/ersatz-feuertopf\/","og_site_name":"Timber Stoves Europe B.V. | Wood Pellet Fired Patio Heaters |","article_publisher":"https:\/\/www.facebook.com\/Timberstoves\/","article_modified_time":"2024-12-20T15:45:42+00:00","og_image":[{"width":1500,"height":1500,"url":"https:\/\/timberstoves.eu\/wp-content\/uploads\/2016\/10\/replacement-firepot.jpg","type":"image\/jpeg"}],"twitter_card":"summary_large_image","twitter_site":"@TimberstovesEU","schema":{"@context":"https:\/\/schema.org","@graph":[{"@type":"WebPage","@id":"https:\/\/timberstoves.eu\/de\/produkt\/ersatz-feuertopf\/","url":"https:\/\/timberstoves.eu\/de\/produkt\/ersatz-feuertopf\/","name":"Ersatz-Feuertopf - Timber Stoves Europe B.V. | Wood Pellet Fired Patio Heaters |","isPartOf":{"@id":"https:\/\/timberstoves.eu\/de\/#website"},"primaryImageOfPage":{"@id":"https:\/\/timberstoves.eu\/de\/produkt\/ersatz-feuertopf\/#primaryimage"},"image":{"@id":"https:\/\/timberstoves.eu\/de\/produkt\/ersatz-feuertopf\/#primaryimage"},"thumbnailUrl":"https:\/\/timberstoves.eu\/wp-content\/uploads\/2016\/10\/replacement-firepot.jpg","datePublished":"2016-10-07T16:44:39+00:00","dateModified":"2024-12-20T15:45:42+00:00","breadcrumb":{"@id":"https:\/\/timberstoves.eu\/de\/produkt\/ersatz-feuertopf\/#breadcrumb"},"inLanguage":"de","potentialAction":[{"@type":"ReadAction","target":["https:\/\/timberstoves.eu\/de\/produkt\/ersatz-feuertopf\/"]}]},{"@type":"ImageObject","inLanguage":"de","@id":"https:\/\/timberstoves.eu\/de\/produkt\/ersatz-feuertopf\/#primaryimage","url":"https:\/\/timberstoves.eu\/wp-content\/uploads\/2016\/10\/replacement-firepot.jpg","contentUrl":"https:\/\/timberstoves.eu\/wp-content\/uploads\/2016\/10\/replacement-firepot.jpg","width":1500,"height":1500},{"@type":"BreadcrumbList","@id":"https:\/\/timberstoves.eu\/de\/produkt\/ersatz-feuertopf\/#breadcrumb","itemListElement":[{"@type":"ListItem","position":1,"name":"Home","item":"https:\/\/timberstoves.eu\/de\/"},{"@type":"ListItem","position":2,"name":"Shop","item":"https:\/\/timberstoves.eu\/de\/shop-2\/"},{"@type":"ListItem","position":3,"name":"Ersatz-Feuertopf"}]},{"@type":"WebSite","@id":"https:\/\/timberstoves.eu\/de\/#website","url":"https:\/\/timberstoves.eu\/de\/","name":"Timber Stoves Europe B.V. | Wood Pellet Fired Patio Heaters |","description":"Wood Pellet Patio Heaters.","publisher":{"@id":"https:\/\/timberstoves.eu\/de\/#organization"},"potentialAction":[{"@type":"SearchAction","target":{"@type":"EntryPoint","urlTemplate":"https:\/\/timberstoves.eu\/de\/?s={search_term_string}"},"query-input":{"@type":"PropertyValueSpecification","valueRequired":true,"valueName":"search_term_string"}}],"inLanguage":"de"},{"@type":"Organization","@id":"https:\/\/timberstoves.eu\/de\/#organization","name":"Timber Stoves Europe B.V.","url":"https:\/\/timberstoves.eu\/de\/","logo":{"@type":"ImageObject","inLanguage":"de","@id":"https:\/\/timberstoves.eu\/de\/#\/schema\/logo\/image\/","url":"https:\/\/timberstoves.eu\/wp-content\/uploads\/2023\/10\/TIMBER2.jpg","contentUrl":"https:\/\/timberstoves.eu\/wp-content\/uploads\/2023\/10\/TIMBER2.jpg","width":300,"height":268,"caption":"Timber Stoves Europe B.V."},"image":{"@id":"https:\/\/timberstoves.eu\/de\/#\/schema\/logo\/image\/"},"sameAs":["https:\/\/www.facebook.com\/Timberstoves\/","https:\/\/x.com\/TimberstovesEU","https:\/\/www.instagram.com\/timberstoves_europe\/"]}]}},"_links":{"self":[{"href":"https:\/\/timberstoves.eu\/de\/wp-json\/wp\/v2\/product\/257357","targetHints":{"allow":["GET"]}}],"collection":[{"href":"https:\/\/timberstoves.eu\/de\/wp-json\/wp\/v2\/product"}],"about":[{"href":"https:\/\/timberstoves.eu\/de\/wp-json\/wp\/v2\/types\/product"}],"replies":[{"embeddable":true,"href":"https:\/\/timberstoves.eu\/de\/wp-json\/wp\/v2\/comments?post=257357"}],"wp:featuredmedia":[{"embeddable":true,"href":"https:\/\/timberstoves.eu\/de\/wp-json\/wp\/v2\/media\/255558"}],"wp:attachment":[{"href":"https:\/\/timberstoves.eu\/de\/wp-json\/wp\/v2\/media?parent=257357"}],"wp:term":[{"taxonomy":"product_brand","embeddable":true,"href":"https:\/\/timberstoves.eu\/de\/wp-json\/wp\/v2\/product_brand?post=257357"},{"taxonomy":"product_cat","embeddable":true,"href":"https:\/\/timberstoves.eu\/de\/wp-json\/wp\/v2\/product_cat?post=257357"},{"taxonomy":"product_tag","embeddable":true,"href":"https:\/\/timberstoves.eu\/de\/wp-json\/wp\/v2\/product_tag?post=257357"}],"curies":[{"name":"wp","href":"https:\/\/api.w.org\/{rel}","templated":true}]}}