{"id":259113,"date":"2024-09-13T13:34:05","date_gmt":"2024-09-13T11:34:05","guid":{"rendered":"https:\/\/timberstoves.eu\/tournee-des-poeles-a-bois\/"},"modified":"2026-05-13T13:54:46","modified_gmt":"2026-05-13T11:54:46","slug":"tournee-des-poeles-a-bois","status":"publish","type":"page","link":"https:\/\/timberstoves.eu\/fr\/tournee-des-poeles-a-bois\/","title":{"rendered":"Tourn\u00e9e des po\u00eales \u00e0 bois"},"content":{"rendered":"<p>[et_pb_section fb_built=&#8221;1&#8243; _builder_version=&#8221;4.27.4&#8243; background_image=&#8221;https:\/\/timberstoves.eu\/wp-content\/uploads\/2025\/01\/20241215_154910-scaled.jpg&#8221; global_colors_info=&#8221;{}&#8221;][et_pb_row _builder_version=&#8221;4.27.0&#8243; _module_preset=&#8221;default&#8221; global_colors_info=&#8221;{}&#8221;][et_pb_column type=&#8221;4_4&#8243; _builder_version=&#8221;4.27.0&#8243; _module_preset=&#8221;default&#8221; global_colors_info=&#8221;{}&#8221;][et_pb_heading title=&#8221;Tourn\u00e9e des po\u00eales \u00e0 bois&#8221; _builder_version=&#8221;4.27.0&#8243; _module_preset=&#8221;default&#8221; title_text_align=&#8221;center&#8221; title_text_color=&#8221;#FFFFFF&#8221; title_font_size=&#8221;65px&#8221; text_shadow_style=&#8221;preset3&#8243; text_shadow_blur_strength=&#8221;0.04em&#8221; global_colors_info=&#8221;{}&#8221;][\/et_pb_heading][\/et_pb_column][\/et_pb_row][\/et_pb_section][et_pb_section fb_built=&#8221;1&#8243; _builder_version=&#8221;4.27.0&#8243; _module_preset=&#8221;default&#8221; custom_padding=&#8221;||3px|||&#8221; global_colors_info=&#8221;{}&#8221;][et_pb_row _builder_version=&#8221;4.27.0&#8243; _module_preset=&#8221;default&#8221; global_colors_info=&#8221;{}&#8221;][et_pb_column type=&#8221;4_4&#8243; _builder_version=&#8221;4.27.0&#8243; _module_preset=&#8221;default&#8221; global_colors_info=&#8221;{}&#8221;][et_pb_heading title=&#8221;Venez sentir la chaleur !&#8221; _builder_version=&#8221;4.27.0&#8243; _module_preset=&#8221;default&#8221; title_text_align=&#8221;center&#8221; global_colors_info=&#8221;{}&#8221;][\/et_pb_heading][\/et_pb_column][\/et_pb_row][et_pb_row _builder_version=&#8221;4.27.0&#8243; _module_preset=&#8221;default&#8221; global_colors_info=&#8221;{}&#8221;][et_pb_column type=&#8221;4_4&#8243; _builder_version=&#8221;4.27.0&#8243; _module_preset=&#8221;default&#8221; global_colors_info=&#8221;{}&#8221;][et_pb_text _builder_version=&#8221;4.27.0&#8243; _module_preset=&#8221;default&#8221; global_colors_info=&#8221;{}&#8221;]<\/p>\n<p>Nous nous effor\u00e7ons de faire partager au plus grand nombre l&#8217;exp\u00e9rience TimberStoves. <br \/>Vous trouverez ci-dessous quelques-uns des lieux confirm\u00e9s o\u00f9 nous aimerions vous rencontrer et vous montrer les foyers TimberStoves en action. <br \/>Gardez un \u0153il sur cette page ou sur nos r\u00e9seaux sociaux pour des mises \u00e0 jour r\u00e9guli\u00e8res.<br \/>Vous connaissez un \u00e9v\u00e9nement qui pourrait b\u00e9n\u00e9ficier de la chaleur et de l&#8217;ambiance de TimberStoves ? <a href=\"mailto:%20sales@timberstoves.eu\">Faites-le nous savoir<\/a> et nous vous r\u00e9pondrons dans les plus brefs d\u00e9lais. <\/p>\n<p>[\/et_pb_text][\/et_pb_column][\/et_pb_row][\/et_pb_section][et_pb_section fb_built=&#8221;1&#8243; specialty=&#8221;on&#8221; prev_background_color=&#8221;#000000&#8243; _builder_version=&#8221;4.27.5&#8243; _module_preset=&#8221;default&#8221; top_divider_style=&#8221;triangle&#8221; top_divider_height=&#8221;70px&#8221; top_divider_flip=&#8221;vertical&#8221; animation_style=&#8221;zoom&#8221; link_option_url=&#8221;https:\/\/www.internorga.com\/ausstellen-besuchen\/ausstellendenverzeichnis#organization&#8211;Timberstoves-Europe-B.V.&#8211;115718&#8243; link_option_url_new_window=&#8221;on&#8221; global_colors_info=&#8221;{}&#8221;][et_pb_column type=&#8221;1_2&#8243; _builder_version=&#8221;4.16&#8243; custom_padding=&#8221;|||&#8221; global_colors_info=&#8221;{}&#8221; custom_padding__hover=&#8221;|||&#8221;][et_pb_code _builder_version=&#8221;4.27.6&#8243; _module_preset=&#8221;default&#8221; link_option_url=&#8221;https:\/\/harc.nl\/nl\/hzt&#8221; hover_enabled=&#8221;0&#8243; global_colors_info=&#8221;{}&#8221; sticky_enabled=&#8221;0&#8243;]<iframe src=\"https:\/\/www.google.com\/maps\/embed?pb=!1m18!1m12!1m3!1d1251.7957956395687!2d4.539725247801159!3d52.387586713359504!2m3!1f0!2f0!3f0!3m2!1i1024!2i768!4f13.1!3m3!1m2!1s0x47c5ec245650da0d%3A0x6158b962fcd77799!2sCircuit%20Zandvoort!5e1!3m2!1snl!2snl!4v1778671712421!5m2!1snl!2snl\" width=\"600\" height=\"450\" style=\"border:0;\" allowfullscreen=\"\" loading=\"lazy\" referrerpolicy=\"no-referrer-when-downgrade\"><\/iframe>[\/et_pb_code][\/et_pb_column][et_pb_column type=&#8221;1_2&#8243; specialty_columns=&#8221;2&#8243; _builder_version=&#8221;4.16&#8243; custom_padding=&#8221;|||&#8221; global_colors_info=&#8221;{}&#8221; custom_padding__hover=&#8221;|||&#8221;][et_pb_row_inner _builder_version=&#8221;4.27.6&#8243; _module_preset=&#8221;default&#8221; link_option_url=&#8221;https:\/\/harc.nl\/nl\/hzt&#8221; hover_enabled=&#8221;0&#8243; global_colors_info=&#8221;{}&#8221; sticky_enabled=&#8221;0&#8243;][et_pb_column_inner saved_specialty_column_type=&#8221;1_2&#8243; _builder_version=&#8221;4.27.0&#8243; _module_preset=&#8221;default&#8221; global_colors_info=&#8221;{}&#8221;][et_pb_heading title=&#8221;D\u00e9monstration en direct au Troph\u00e9e historique de Zandvoort 2026 !&#8221; url=&#8221;https:\/\/harc.nl\/nl\/hzt&#8221; url_new_window=&#8221;on&#8221; _builder_version=&#8221;4.27.6&#8243; _module_preset=&#8221;default&#8221; title_level=&#8221;h4&#8243; title_text_align=&#8221;center&#8221; hover_enabled=&#8221;0&#8243; global_colors_info=&#8221;{}&#8221; sticky_enabled=&#8221;0&#8243;][\/et_pb_heading][\/et_pb_column_inner][\/et_pb_row_inner][et_pb_row_inner _builder_version=&#8221;4.27.6&#8243; _module_preset=&#8221;default&#8221; link_option_url=&#8221;https:\/\/harc.nl\/nl\/hzt&#8221; link_option_url_new_window=&#8221;on&#8221; hover_enabled=&#8221;0&#8243; global_colors_info=&#8221;{}&#8221; sticky_enabled=&#8221;0&#8243;][et_pb_column_inner saved_specialty_column_type=&#8221;1_2&#8243; _builder_version=&#8221;4.27.0&#8243; _module_preset=&#8221;default&#8221; global_colors_info=&#8221;{}&#8221;][et_pb_text _builder_version=&#8221;4.27.6&#8243; _module_preset=&#8221;default&#8221; link_option_url=&#8221;https:\/\/harc.nl\/nl\/hzt&#8221; link_option_url_new_window=&#8221;on&#8221; hover_enabled=&#8221;0&#8243; global_colors_info=&#8221;{}&#8221; sticky_enabled=&#8221;0&#8243;]<\/p>\n<p>Nous mettons le feu aux poudres ce week-end sur le circuit de Zandvoort \u00e0 l&#8217;occasion du Troph\u00e9e historique de Zandvoort ! \ud83d\udd25<br \/>Rejoignez-nous pour une d\u00e9monstration de nos puissants po\u00eales et chauffages de terrasse \u00e0 granul\u00e9s de bois durables. D\u00e9couvrez directement comment les po\u00eales Timber Stoves offrent une chaleur ultra-efficace, des co\u00fbts de fonctionnement consid\u00e9rablement r\u00e9duits et une ambiance irr\u00e9sistiblement chaleureuse, parfaite pour les restaurants, les clubs de plage, les \u00e9v\u00e9nements et les terrasses qui souhaitent prolonger leur saison avec style.<br \/>Ressentez le frisson des voitures de course classiques rugissantes, impr\u00e9gnez-vous de l&#8217;atmosph\u00e8re incroyable et r\u00e9chauffez-vous avec nous tout en d\u00e9couvrant l&#8217;avenir du chauffage ext\u00e9rieur !<br \/>D\u00e9tails de l&#8217;\u00e9v\u00e9nement : <\/p>\n<p><strong>Dates : Samedi 16 et dimanche 17 mai 2026<\/strong><br \/><strong>Lieu : Circuit Zandvoort, Zandvoort, Pays-Bas<\/strong><\/p>\n<p>Passez nous voir, dites bonjour, r\u00e9chauffez-vous et d\u00e9couvrez pourquoi les po\u00eales Timber sont le meilleur choix pour cr\u00e9er des moments m\u00e9morables \u00e0 l&#8217;ext\u00e9rieur &#8211; m\u00eame lors d&#8217;un week-end de circuit venteux ! Nous sommes impatients de vous accueillir. <\/p>\n<p>#TimberStoves #HistoricZandvoortTrophy #HZT2026 #CircuitZandvoort #HARC.NL #SustainableHeating #TerraceAmbiance #HorecaHeating #OnTour<\/p>\n<p>[\/et_pb_text][\/et_pb_column_inner][\/et_pb_row_inner][\/et_pb_column][\/et_pb_section]<\/p>\n","protected":false},"excerpt":{"rendered":"<p>Nous nous effor\u00e7ons de faire partager au plus grand nombre l&#8217;exp\u00e9rience TimberStoves. Vous trouverez ci-dessous quelques-uns des lieux confirm\u00e9s o\u00f9 nous aimerions vous rencontrer et vous montrer les foyers TimberStoves en action. Gardez un \u0153il sur cette page ou sur nos r\u00e9seaux sociaux pour des mises \u00e0 jour r\u00e9guli\u00e8res.Vous connaissez un \u00e9v\u00e9nement qui pourrait b\u00e9n\u00e9ficier [&hellip;]<\/p>\n","protected":false},"author":2238,"featured_media":0,"parent":0,"menu_order":0,"comment_status":"closed","ping_status":"closed","template":"","meta":{"_et_pb_use_builder":"on","_et_pb_old_content":"","_et_gb_content_width":"","footnotes":""},"class_list":["post-259113","page","type-page","status-publish","hentry"],"yoast_head":"<!-- This site is optimized with the Yoast SEO plugin v27.6 - https:\/\/yoast.com\/product\/yoast-seo-wordpress\/ -->\n<title>Voir les po\u00eales \u00e0 bois en action | Po\u00eales \u00e0 granul\u00e9s aliment\u00e9s par gravit\u00e9 | Feel The Heat<\/title>\n<meta name=\"description\" content=\"Chauffages de terrasse et fours fonctionnant avec des syst\u00e8mes de granul\u00e9s de bois gavity feed. Pour toute demande de service \u00e0 la client\u00e8le, veuillez contacter sales@timberstoves.eu\" \/>\n<meta name=\"robots\" content=\"index, follow, max-snippet:-1, max-image-preview:large, max-video-preview:-1\" \/>\n<link rel=\"canonical\" href=\"https:\/\/timberstoves.eu\/fr\/tournee-des-poeles-a-bois\/\" \/>\n<meta property=\"og:locale\" content=\"fr_FR\" \/>\n<meta property=\"og:type\" content=\"article\" \/>\n<meta property=\"og:title\" content=\"Voir les po\u00eales \u00e0 bois en action | Po\u00eales \u00e0 granul\u00e9s aliment\u00e9s par gravit\u00e9 | Feel The Heat\" \/>\n<meta property=\"og:description\" content=\"Chauffages de terrasse et fours fonctionnant avec des syst\u00e8mes de granul\u00e9s de bois gavity feed. Pour toute demande de service \u00e0 la client\u00e8le, veuillez contacter sales@timberstoves.eu\" \/>\n<meta property=\"og:url\" content=\"https:\/\/timberstoves.eu\/fr\/tournee-des-poeles-a-bois\/\" \/>\n<meta property=\"og:site_name\" content=\"Timber Stoves Europe B.V. | Wood Pellet Fired Patio Heaters |\" \/>\n<meta property=\"article:publisher\" content=\"https:\/\/www.facebook.com\/Timberstoves\/\" \/>\n<meta property=\"article:modified_time\" content=\"2026-05-13T11:54:46+00:00\" \/>\n<meta name=\"twitter:card\" content=\"summary_large_image\" \/>\n<meta name=\"twitter:site\" content=\"@TimberstovesEU\" \/>\n<meta name=\"twitter:label1\" content=\"Dur\u00e9e de lecture estim\u00e9e\" \/>\n\t<meta name=\"twitter:data1\" content=\"4 minutes\" \/>\n<script type=\"application\/ld+json\" class=\"yoast-schema-graph\">{\"@context\":\"https:\\\/\\\/schema.org\",\"@graph\":[{\"@type\":\"WebPage\",\"@id\":\"https:\\\/\\\/timberstoves.eu\\\/fr\\\/tournee-des-poeles-a-bois\\\/\",\"url\":\"https:\\\/\\\/timberstoves.eu\\\/fr\\\/tournee-des-poeles-a-bois\\\/\",\"name\":\"Voir les po\u00eales \u00e0 bois en action | Po\u00eales \u00e0 granul\u00e9s aliment\u00e9s par gravit\u00e9 | Feel The Heat\",\"isPartOf\":{\"@id\":\"https:\\\/\\\/timberstoves.eu\\\/fr\\\/#website\"},\"datePublished\":\"2024-09-13T11:34:05+00:00\",\"dateModified\":\"2026-05-13T11:54:46+00:00\",\"description\":\"Chauffages de terrasse et fours fonctionnant avec des syst\u00e8mes de granul\u00e9s de bois gavity feed. Pour toute demande de service \u00e0 la client\u00e8le, veuillez contacter sales@timberstoves.eu\",\"breadcrumb\":{\"@id\":\"https:\\\/\\\/timberstoves.eu\\\/fr\\\/tournee-des-poeles-a-bois\\\/#breadcrumb\"},\"inLanguage\":\"fr-FR\",\"potentialAction\":[{\"@type\":\"ReadAction\",\"target\":[\"https:\\\/\\\/timberstoves.eu\\\/fr\\\/tournee-des-poeles-a-bois\\\/\"]}]},{\"@type\":\"BreadcrumbList\",\"@id\":\"https:\\\/\\\/timberstoves.eu\\\/fr\\\/tournee-des-poeles-a-bois\\\/#breadcrumb\",\"itemListElement\":[{\"@type\":\"ListItem\",\"position\":1,\"name\":\"Home\",\"item\":\"https:\\\/\\\/timberstoves.eu\\\/fr\\\/accueil\\\/\"},{\"@type\":\"ListItem\",\"position\":2,\"name\":\"Tourn\u00e9e des po\u00eales \u00e0 bois\"}]},{\"@type\":\"WebSite\",\"@id\":\"https:\\\/\\\/timberstoves.eu\\\/fr\\\/#website\",\"url\":\"https:\\\/\\\/timberstoves.eu\\\/fr\\\/\",\"name\":\"Timber Stoves Europe B.V. | Wood Pellet Fired Patio Heaters |\",\"description\":\"Wood Pellet Patio Heaters.\",\"publisher\":{\"@id\":\"https:\\\/\\\/timberstoves.eu\\\/fr\\\/#organization\"},\"potentialAction\":[{\"@type\":\"SearchAction\",\"target\":{\"@type\":\"EntryPoint\",\"urlTemplate\":\"https:\\\/\\\/timberstoves.eu\\\/fr\\\/?s={search_term_string}\"},\"query-input\":{\"@type\":\"PropertyValueSpecification\",\"valueRequired\":true,\"valueName\":\"search_term_string\"}}],\"inLanguage\":\"fr-FR\"},{\"@type\":\"Organization\",\"@id\":\"https:\\\/\\\/timberstoves.eu\\\/fr\\\/#organization\",\"name\":\"Timber Stoves Europe B.V.\",\"url\":\"https:\\\/\\\/timberstoves.eu\\\/fr\\\/\",\"logo\":{\"@type\":\"ImageObject\",\"inLanguage\":\"fr-FR\",\"@id\":\"https:\\\/\\\/timberstoves.eu\\\/fr\\\/#\\\/schema\\\/logo\\\/image\\\/\",\"url\":\"https:\\\/\\\/timberstoves.eu\\\/wp-content\\\/uploads\\\/2023\\\/10\\\/TIMBER2.jpg\",\"contentUrl\":\"https:\\\/\\\/timberstoves.eu\\\/wp-content\\\/uploads\\\/2023\\\/10\\\/TIMBER2.jpg\",\"width\":300,\"height\":268,\"caption\":\"Timber Stoves Europe B.V.\"},\"image\":{\"@id\":\"https:\\\/\\\/timberstoves.eu\\\/fr\\\/#\\\/schema\\\/logo\\\/image\\\/\"},\"sameAs\":[\"https:\\\/\\\/www.facebook.com\\\/Timberstoves\\\/\",\"https:\\\/\\\/x.com\\\/TimberstovesEU\",\"https:\\\/\\\/www.instagram.com\\\/timberstoves_europe\\\/\"]}]}<\/script>\n<!-- \/ Yoast SEO plugin. -->","yoast_head_json":{"title":"Voir les po\u00eales \u00e0 bois en action | Po\u00eales \u00e0 granul\u00e9s aliment\u00e9s par gravit\u00e9 | Feel The Heat","description":"Chauffages de terrasse et fours fonctionnant avec des syst\u00e8mes de granul\u00e9s de bois gavity feed. Pour toute demande de service \u00e0 la client\u00e8le, veuillez contacter sales@timberstoves.eu","robots":{"index":"index","follow":"follow","max-snippet":"max-snippet:-1","max-image-preview":"max-image-preview:large","max-video-preview":"max-video-preview:-1"},"canonical":"https:\/\/timberstoves.eu\/fr\/tournee-des-poeles-a-bois\/","og_locale":"fr_FR","og_type":"article","og_title":"Voir les po\u00eales \u00e0 bois en action | Po\u00eales \u00e0 granul\u00e9s aliment\u00e9s par gravit\u00e9 | Feel The Heat","og_description":"Chauffages de terrasse et fours fonctionnant avec des syst\u00e8mes de granul\u00e9s de bois gavity feed. Pour toute demande de service \u00e0 la client\u00e8le, veuillez contacter sales@timberstoves.eu","og_url":"https:\/\/timberstoves.eu\/fr\/tournee-des-poeles-a-bois\/","og_site_name":"Timber Stoves Europe B.V. | Wood Pellet Fired Patio Heaters |","article_publisher":"https:\/\/www.facebook.com\/Timberstoves\/","article_modified_time":"2026-05-13T11:54:46+00:00","twitter_card":"summary_large_image","twitter_site":"@TimberstovesEU","twitter_misc":{"Dur\u00e9e de lecture estim\u00e9e":"4 minutes"},"schema":{"@context":"https:\/\/schema.org","@graph":[{"@type":"WebPage","@id":"https:\/\/timberstoves.eu\/fr\/tournee-des-poeles-a-bois\/","url":"https:\/\/timberstoves.eu\/fr\/tournee-des-poeles-a-bois\/","name":"Voir les po\u00eales \u00e0 bois en action | Po\u00eales \u00e0 granul\u00e9s aliment\u00e9s par gravit\u00e9 | Feel The Heat","isPartOf":{"@id":"https:\/\/timberstoves.eu\/fr\/#website"},"datePublished":"2024-09-13T11:34:05+00:00","dateModified":"2026-05-13T11:54:46+00:00","description":"Chauffages de terrasse et fours fonctionnant avec des syst\u00e8mes de granul\u00e9s de bois gavity feed. Pour toute demande de service \u00e0 la client\u00e8le, veuillez contacter sales@timberstoves.eu","breadcrumb":{"@id":"https:\/\/timberstoves.eu\/fr\/tournee-des-poeles-a-bois\/#breadcrumb"},"inLanguage":"fr-FR","potentialAction":[{"@type":"ReadAction","target":["https:\/\/timberstoves.eu\/fr\/tournee-des-poeles-a-bois\/"]}]},{"@type":"BreadcrumbList","@id":"https:\/\/timberstoves.eu\/fr\/tournee-des-poeles-a-bois\/#breadcrumb","itemListElement":[{"@type":"ListItem","position":1,"name":"Home","item":"https:\/\/timberstoves.eu\/fr\/accueil\/"},{"@type":"ListItem","position":2,"name":"Tourn\u00e9e des po\u00eales \u00e0 bois"}]},{"@type":"WebSite","@id":"https:\/\/timberstoves.eu\/fr\/#website","url":"https:\/\/timberstoves.eu\/fr\/","name":"Timber Stoves Europe B.V. | Wood Pellet Fired Patio Heaters |","description":"Wood Pellet Patio Heaters.","publisher":{"@id":"https:\/\/timberstoves.eu\/fr\/#organization"},"potentialAction":[{"@type":"SearchAction","target":{"@type":"EntryPoint","urlTemplate":"https:\/\/timberstoves.eu\/fr\/?s={search_term_string}"},"query-input":{"@type":"PropertyValueSpecification","valueRequired":true,"valueName":"search_term_string"}}],"inLanguage":"fr-FR"},{"@type":"Organization","@id":"https:\/\/timberstoves.eu\/fr\/#organization","name":"Timber Stoves Europe B.V.","url":"https:\/\/timberstoves.eu\/fr\/","logo":{"@type":"ImageObject","inLanguage":"fr-FR","@id":"https:\/\/timberstoves.eu\/fr\/#\/schema\/logo\/image\/","url":"https:\/\/timberstoves.eu\/wp-content\/uploads\/2023\/10\/TIMBER2.jpg","contentUrl":"https:\/\/timberstoves.eu\/wp-content\/uploads\/2023\/10\/TIMBER2.jpg","width":300,"height":268,"caption":"Timber Stoves Europe B.V."},"image":{"@id":"https:\/\/timberstoves.eu\/fr\/#\/schema\/logo\/image\/"},"sameAs":["https:\/\/www.facebook.com\/Timberstoves\/","https:\/\/x.com\/TimberstovesEU","https:\/\/www.instagram.com\/timberstoves_europe\/"]}]}},"_links":{"self":[{"href":"https:\/\/timberstoves.eu\/fr\/wp-json\/wp\/v2\/pages\/259113","targetHints":{"allow":["GET"]}}],"collection":[{"href":"https:\/\/timberstoves.eu\/fr\/wp-json\/wp\/v2\/pages"}],"about":[{"href":"https:\/\/timberstoves.eu\/fr\/wp-json\/wp\/v2\/types\/page"}],"author":[{"embeddable":true,"href":"https:\/\/timberstoves.eu\/fr\/wp-json\/wp\/v2\/users\/2238"}],"replies":[{"embeddable":true,"href":"https:\/\/timberstoves.eu\/fr\/wp-json\/wp\/v2\/comments?post=259113"}],"version-history":[{"count":0,"href":"https:\/\/timberstoves.eu\/fr\/wp-json\/wp\/v2\/pages\/259113\/revisions"}],"wp:attachment":[{"href":"https:\/\/timberstoves.eu\/fr\/wp-json\/wp\/v2\/media?parent=259113"}],"curies":[{"name":"wp","href":"https:\/\/api.w.org\/{rel}","templated":true}]}}