{"id":259129,"date":"2013-01-30T21:55:37","date_gmt":"2013-01-30T20:55:37","guid":{"rendered":"https:\/\/timberstoves.eu\/notre-histoire\/"},"modified":"2026-03-27T09:48:22","modified_gmt":"2026-03-27T08:48:22","slug":"notre-histoire","status":"publish","type":"page","link":"https:\/\/timberstoves.eu\/fr\/notre-histoire\/","title":{"rendered":"Notre histoire"},"content":{"rendered":"<p>[et_pb_section fb_built=&#8221;1&#8243; custom_padding_last_edited=&#8221;on|phone&#8221; _builder_version=&#8221;4.14.8&#8243; use_background_color_gradient=&#8221;on&#8221; background_color_gradient_start=&#8221;rgba(0,0,0,0)&#8221; background_color_gradient_end=&#8221;#000000&#8243; background_color_gradient_type=&#8221;radial&#8221; background_color_gradient_overlays_image=&#8221;on&#8221; background_image=&#8221;https:\/\/timberstoves.eu\/wp-content\/uploads\/2022\/02\/metal-di.jpg&#8221; custom_margin=&#8221;0px||0px|&#8221; custom_margin_tablet=&#8221;&#8221; custom_margin_phone=&#8221;-52px|||&#8221; custom_margin_last_edited=&#8221;on|tablet&#8221; custom_padding=&#8221;256px||121px|0px|false|false&#8221; custom_padding_tablet=&#8221;122px||51px||false|false&#8221; custom_padding_phone=&#8221;186px||58px||false|false&#8221; border_color_bottom=&#8221;#c29155&#8243; global_colors_info=&#8221;{}&#8221;][et_pb_row custom_padding_last_edited=&#8221;on|phone&#8221; module_class=&#8221; et_pb_row_fullwidth&#8221; _builder_version=&#8221;3.25&#8243; width=&#8221;89%&#8221; width_tablet=&#8221;80%&#8221; width_phone=&#8221;&#8221; width_last_edited=&#8221;on|desktop&#8221; max_width=&#8221;89%&#8221; max_width_tablet=&#8221;80%&#8221; max_width_phone=&#8221;&#8221; max_width_last_edited=&#8221;on|desktop&#8221; module_alignment=&#8221;center&#8221; custom_padding=&#8221;90px|0px|0|0px|false|false&#8221; custom_padding_tablet=&#8221;&#8221; custom_padding_phone=&#8221;&#8221; make_fullwidth=&#8221;on&#8221; global_colors_info=&#8221;{}&#8221;][et_pb_column type=&#8221;4_4&#8243; _builder_version=&#8221;3.25&#8243; custom_padding=&#8221;|||&#8221; global_colors_info=&#8221;{}&#8221; custom_padding__hover=&#8221;|||&#8221;][et_pb_text _builder_version=&#8221;4.14.8&#8243; text_text_color=&#8221;#c29155&#8243; text_font_size=&#8221;32px&#8221; text_line_height=&#8221;1.3em&#8221; header_font=&#8221;GOTHAM BOLD|900|||||||&#8221; header_text_align=&#8221;left&#8221; header_text_color=&#8221;#ffffff&#8221; header_font_size=&#8221;52px&#8221; header_2_font=&#8221;GOTHAM BOLD|900|||||||&#8221; header_2_text_align=&#8221;left&#8221; header_2_text_color=&#8221;#ffffff&#8221; header_2_font_size=&#8221;32px&#8221; text_orientation=&#8221;center&#8221; custom_margin=&#8221;|0px||0px&#8221; custom_padding=&#8221;|0px||0px&#8221; text_font_size_tablet=&#8221;20px&#8221; text_font_size_phone=&#8221;&#8221; text_font_size_last_edited=&#8221;on|phone&#8221; text_line_height_tablet=&#8221;&#8221; text_line_height_phone=&#8221;&#8221; text_line_height_last_edited=&#8221;on|desktop&#8221; header_font_size_tablet=&#8221;32px&#8221; header_font_size_phone=&#8221;26px&#8221; header_font_size_last_edited=&#8221;on|phone&#8221; header_2_font_size_tablet=&#8221;26px&#8221; header_2_font_size_phone=&#8221;20px&#8221; header_2_font_size_last_edited=&#8221;on|phone&#8221; custom_css_main_element=&#8221;||&#8221; header_text_shadow_style=&#8221;preset3&#8243; header_2_text_shadow_style=&#8221;preset3&#8243; global_colors_info=&#8221;{}&#8221;]<\/p>\n<h1>NOTRE HISTOIRE<\/h1>\n<p>[\/et_pb_text][\/et_pb_column][\/et_pb_row][\/et_pb_section][et_pb_section fb_built=&#8221;1&#8243; custom_padding_last_edited=&#8221;on|phone&#8221; _builder_version=&#8221;4.14.8&#8243; _module_preset=&#8221;default&#8221; background_image=&#8221;https:\/\/timberstoves.eu\/wp-content\/uploads\/2022\/02\/TimberStovesCartoon.jpg&#8221; custom_padding=&#8221;200px||200px|30px|false|false&#8221; custom_padding_tablet=&#8221;200px||200px|30px|false|false&#8221; custom_padding_phone=&#8221;100px||50px||false|false&#8221; global_colors_info=&#8221;{}&#8221;][et_pb_row custom_padding_last_edited=&#8221;on|phone&#8221; _builder_version=&#8221;4.14.8&#8243; _module_preset=&#8221;default&#8221; width=&#8221;100%&#8221; module_alignment=&#8221;left&#8221; custom_padding=&#8221;|419px|||false|false&#8221; custom_padding_tablet=&#8221;|319px|||false|false&#8221; custom_padding_phone=&#8221;|96px|||false|false&#8221; global_colors_info=&#8221;{}&#8221;][et_pb_column type=&#8221;4_4&#8243; _builder_version=&#8221;4.14.8&#8243; _module_preset=&#8221;default&#8221; global_colors_info=&#8221;{}&#8221;][et_pb_text _builder_version=&#8221;4.14.8&#8243; _module_preset=&#8221;default&#8221; text_text_color=&#8221;#FFFFFF&#8221; text_font_size=&#8221;22px&#8221; text_line_height=&#8221;1.8em&#8221; header_font=&#8221;GOTHAM BOLD||||||||&#8221; header_text_color=&#8221;#FFFFFF&#8221; header_font_size=&#8221;42px&#8221; background_color=&#8221;rgba(0,0,0,0.75)&#8221; module_alignment=&#8221;left&#8221; custom_margin=&#8221;||||false|false&#8221; custom_padding=&#8221;15px|15px|15px|15px|false|false&#8221; text_font_size_tablet=&#8221;22px&#8221; text_font_size_phone=&#8221;16px&#8221; text_font_size_last_edited=&#8221;on|phone&#8221; header_font_size_tablet=&#8221;26px&#8221; header_font_size_phone=&#8221;26px&#8221; header_font_size_last_edited=&#8221;on|phone&#8221; border_radii=&#8221;on|10px|10px|10px|10px&#8221; box_shadow_style=&#8221;preset1&#8243; global_colors_info=&#8221;{}&#8221;]<\/p>\n<h1><span style=\"font-weight: 400;\">Qui sommes-nous ?<\/span><\/h1>\n<p><span style=\"font-weight: 400;\"><\/span><\/p>\n<p><span style=\"font-weight: 400;\">Nous sommes les fabricants de l&#8217;Original Wood Pellet Patio Heater. Notre engagement en faveur d&#8217;un artisanat de qualit\u00e9, de l&#8217;innovation en mati\u00e8re de technologies d&#8217;alimentation par gravit\u00e9 et d&#8217;une fabrication enti\u00e8rement r\u00e9alis\u00e9e aux \u00c9tats-Unis est ce qui nous pousse \u00e0 aller de l&#8217;avant. Plus simplement, nous voulons rassembler les gens et un feu chaud est le moyen d&#8217;y parvenir.  <\/span><\/p>\n<p>[\/et_pb_text][\/et_pb_column][\/et_pb_row][\/et_pb_section][et_pb_section fb_built=&#8221;1&#8243; custom_padding_last_edited=&#8221;on|phone&#8221; _builder_version=&#8221;4.14.8&#8243; _module_preset=&#8221;default&#8221; background_image=&#8221;https:\/\/timberstoves.eu\/wp-content\/uploads\/2022\/02\/Black-Rifle-Coffee-Company-_-Timber-Stoves-_-Merica-1.00_00_05_14.jpg&#8221; background_position=&#8221;top_center&#8221; custom_padding=&#8221;200px||200px|30px|false|false&#8221; custom_padding_tablet=&#8221;200px||200px|30px|false|false&#8221; custom_padding_phone=&#8221;100px||50px||false|false&#8221; global_colors_info=&#8221;{}&#8221;][et_pb_row custom_padding_last_edited=&#8221;on|phone&#8221; _builder_version=&#8221;4.14.8&#8243; _module_preset=&#8221;default&#8221; width=&#8221;100%&#8221; module_alignment=&#8221;right&#8221; custom_margin=&#8221;||||false|false&#8221; custom_padding=&#8221;|30px||343px|false|false&#8221; custom_padding_tablet=&#8221;|30px||185px|false|false&#8221; custom_padding_phone=&#8221;|30px||53px|false|false&#8221; global_colors_info=&#8221;{}&#8221;][et_pb_column type=&#8221;4_4&#8243; _builder_version=&#8221;4.14.8&#8243; _module_preset=&#8221;default&#8221; global_colors_info=&#8221;{}&#8221;][et_pb_text _builder_version=&#8221;4.14.8&#8243; _module_preset=&#8221;default&#8221; text_text_color=&#8221;#FFFFFF&#8221; text_font_size=&#8221;22px&#8221; text_line_height=&#8221;1.8em&#8221; header_font=&#8221;GOTHAM BOLD||||||||&#8221; header_text_color=&#8221;#FFFFFF&#8221; header_font_size=&#8221;42px&#8221; background_color=&#8221;rgba(0,0,0,0.75)&#8221; module_alignment=&#8221;left&#8221; custom_margin=&#8221;||||false|false&#8221; custom_padding=&#8221;15px|15px|15px|15px|false|false&#8221; text_font_size_tablet=&#8221;22px&#8221; text_font_size_phone=&#8221;16px&#8221; text_font_size_last_edited=&#8221;on|phone&#8221; header_font_size_tablet=&#8221;26px&#8221; header_font_size_phone=&#8221;25px&#8221; header_font_size_last_edited=&#8221;on|phone&#8221; border_radii=&#8221;on|10px|10px|10px|10px&#8221; box_shadow_style=&#8221;preset1&#8243; global_colors_info=&#8221;{}&#8221;]<\/p>\n<h1><span style=\"font-weight: 400;\">Comment nous en sommes arriv\u00e9s l\u00e0<\/span><\/h1>\n<p><span style=\"font-weight: 400;\"><\/span><\/p>\n<p><span style=\"font-weight: 400;\">Timber Stoves a \u00e9t\u00e9 cr\u00e9\u00e9 en 2010 \u00e0 Mt. Angel, dans l&#8217;Oregon, le lieu de naissance de nombreuses grandes inventions dans le domaine des granul\u00e9s de bois. L&#8217;entreprise est install\u00e9e dans le b\u00e2timent historique &#8220;Old Wilco Building&#8221; qui servait d&#8217;entrep\u00f4t g\u00e9n\u00e9ral pour la communaut\u00e9 agricole locale au d\u00e9but des ann\u00e9es 1900. <\/span><span style=\"font-weight: 400;\"><\/span><\/p>\n<p>Le 9 octobre 2021, le complexe immobilier a pris feu et Timber Stoves a \u00e9t\u00e9 d\u00e9truit. \u2b07<\/p>\n<p><span style=\"font-weight: 400;\"><\/span><\/p>\n<p>[\/et_pb_text][\/et_pb_column][\/et_pb_row][\/et_pb_section][et_pb_section fb_built=&#8221;1&#8243; _builder_version=&#8221;4.10.4&#8243; _module_preset=&#8221;default&#8221; custom_padding=&#8221;||0px|||&#8221; global_colors_info=&#8221;{}&#8221;][et_pb_row _builder_version=&#8221;4.10.4&#8243; _module_preset=&#8221;default&#8221; background_color=&#8221;#000000&#8243; width_tablet=&#8221;&#8221; width_phone=&#8221;100%&#8221; width_last_edited=&#8221;on|phone&#8221; custom_padding=&#8221;0px||0px|||&#8221; box_shadow_style=&#8221;preset1&#8243; box_shadow_blur=&#8221;10px&#8221; box_shadow_spread=&#8221;11px&#8221; global_colors_info=&#8221;{}&#8221;][et_pb_column type=&#8221;4_4&#8243; _builder_version=&#8221;4.10.4&#8243; _module_preset=&#8221;default&#8221; global_colors_info=&#8221;{}&#8221;][et_pb_code _builder_version=&#8221;4.14.8&#8243; _module_preset=&#8221;default&#8221; global_colors_info=&#8221;{}&#8221;]<a rel=\"noreferrer\" href=\"https:\/\/www.youtube.com\/watch?v=YUx8ibjKscg\" class=\"vp-a vp-yt-type vp-modal-click vp-modal-click_shortcode vp-has-img\"><img decoding=\"async\" class=\"vp-img\" src=\"https:\/\/timberstoves.eu\/wp-content\/uploads\/2022\/02\/Untitled-4.jpg\"><\/a><!-- [et_pb_line_break_holder] -->[\/et_pb_code][\/et_pb_column][\/et_pb_row][et_pb_row _builder_version=&#8221;4.14.8&#8243; _module_preset=&#8221;default&#8221; global_colors_info=&#8221;{}&#8221;][et_pb_column type=&#8221;4_4&#8243; _builder_version=&#8221;4.14.8&#8243; _module_preset=&#8221;default&#8221; global_colors_info=&#8221;{}&#8221;][et_pb_text _builder_version=&#8221;4.14.8&#8243; _module_preset=&#8221;default&#8221; text_font_size=&#8221;22px&#8221; text_line_height=&#8221;1.8em&#8221; text_orientation=&#8221;center&#8221; text_font_size_tablet=&#8221;22px&#8221; text_font_size_phone=&#8221;18px&#8221; text_font_size_last_edited=&#8221;on|phone&#8221; global_colors_info=&#8221;{}&#8221;]<\/p>\n<p>En l&#8217;espace de quatre mois, Timber Stoves a trouv\u00e9 un nouveau b\u00e2timent, remplac\u00e9 tout l&#8217;\u00e9quipement et repris sa production \u00e0 plein r\u00e9gime. Il aurait \u00e9t\u00e9 facile de s&#8217;effondrer, mais l&#8217;\u00e9quipe s&#8217;est serr\u00e9 les coudes et a r\u00e9ussi l&#8217;impossible. <\/p>\n<p>[\/et_pb_text][\/et_pb_column][\/et_pb_row][\/et_pb_section][et_pb_section fb_built=&#8221;1&#8243; custom_padding_last_edited=&#8221;on|desktop&#8221; _builder_version=&#8221;4.14.8&#8243; _module_preset=&#8221;default&#8221; background_image=&#8221;https:\/\/timberstoves.eu\/wp-content\/uploads\/2022\/02\/comic-d.jpg&#8221; background_position=&#8221;top_center&#8221; module_alignment=&#8221;center&#8221; custom_padding=&#8221;200px||200px||false|false&#8221; custom_padding_tablet=&#8221;200px|0px|200px|0px|false|false&#8221; custom_padding_phone=&#8221;100px|0px|50px|0px|false|false&#8221; global_colors_info=&#8221;{}&#8221;][et_pb_row custom_padding_last_edited=&#8221;on|phone&#8221; _builder_version=&#8221;4.14.8&#8243; _module_preset=&#8221;default&#8221; width=&#8221;100%&#8221; module_alignment=&#8221;left&#8221; custom_padding=&#8221;|419px|105px|30px|false|false&#8221; custom_padding_tablet=&#8221;|319px|||false|false&#8221; custom_padding_phone=&#8221;|30px|||false|false&#8221; global_colors_info=&#8221;{}&#8221;][et_pb_column type=&#8221;4_4&#8243; _builder_version=&#8221;4.14.8&#8243; _module_preset=&#8221;default&#8221; global_colors_info=&#8221;{}&#8221;][et_pb_text _builder_version=&#8221;4.14.8&#8243; _module_preset=&#8221;default&#8221; text_text_color=&#8221;#FFFFFF&#8221; text_font_size=&#8221;22px&#8221; text_line_height=&#8221;1.8em&#8221; header_font=&#8221;GOTHAM BOLD||||||||&#8221; header_text_color=&#8221;#FFFFFF&#8221; header_font_size=&#8221;42px&#8221; background_color=&#8221;rgba(0,0,0,0.75)&#8221; module_alignment=&#8221;left&#8221; custom_margin=&#8221;||||false|false&#8221; custom_padding=&#8221;15px|15px|15px|15px|false|false&#8221; text_font_size_tablet=&#8221;22px&#8221; text_font_size_phone=&#8221;16px&#8221; text_font_size_last_edited=&#8221;on|phone&#8221; header_font_size_tablet=&#8221;26px&#8221; header_font_size_phone=&#8221;26px&#8221; header_font_size_last_edited=&#8221;on|phone&#8221; border_radii=&#8221;on|10px|10px|10px|10px&#8221; box_shadow_style=&#8221;preset1&#8243; global_colors_info=&#8221;{}&#8221;]<\/p>\n<h1><span style=\"font-weight: 400;\">O\u00f9 nous allons<\/span><\/h1>\n<p><span style=\"font-weight: 400;\"><\/span><\/p>\n<p>Nous savons que l&#8217;avenir est prometteur pour Timber Stoves parce que nous avons une \u00e9quipe de personnes qui croient au produit et qui s&#8217;engagent \u00e0 tout faire de la bonne mani\u00e8re. Pour nous, cela signifie donner le meilleur de nous-m\u00eames \u00e0 chaque t\u00e2che, agir de mani\u00e8re d\u00e9sint\u00e9ress\u00e9e et se soutenir mutuellement. <\/p>\n<p>L&#8217;innovation est au c\u0153ur de notre activit\u00e9. Nous sommes toujours \u00e0 la recherche de moyens d&#8217;am\u00e9liorer nos produits et de donner vie \u00e0 de nouveaux concepts ! Suivez notre parcours @Timberstoves ou inscrivez-vous \u00e0 notre liste de diffusion ci-dessous.  <\/p>\n<p>[\/et_pb_text][\/et_pb_column][\/et_pb_row][et_pb_row _builder_version=&#8221;4.14.8&#8243; _module_preset=&#8221;default&#8221; background_color=&#8221;rgba(10,10,10,0.75)&#8221; module_alignment=&#8221;center&#8221; custom_padding=&#8221;|30px||30px|false|false&#8221; border_radii=&#8221;on|10px|10px|10px|10px&#8221; global_colors_info=&#8221;{}&#8221;][et_pb_column type=&#8221;4_4&#8243; _builder_version=&#8221;4.14.8&#8243; _module_preset=&#8221;default&#8221; global_colors_info=&#8221;{}&#8221;][et_pb_signup mailchimp_list=&#8221;Wood Pellet Products|6a5bb05082&#8243; first_name_field=&#8221;off&#8221; last_name_field=&#8221;off&#8221; title=&#8221;LETTRE D&#039;INFORMATION&#8221; description=&#8221;<\/p>\n<p>Inscrivez-vous pour recevoir des offres exclusives et des informations sur les produits.<\/p>\n<p>&#8221; _builder_version=&#8221;4.0.10&#8243; form_field_background_color=&#8221;rgba(0,0,0,0)&#8221; form_field_text_color=&#8221;#ffffff&#8221; form_field_focus_background_color=&#8221;rgba(0,0,0,0)&#8221; header_level=&#8221;h1&#8243; header_font=&#8221;GOTHAM BOLD|900|||||||&#8221; header_text_color=&#8221;#ffffff&#8221; header_font_size=&#8221;52px&#8221; body_font=&#8221;GOTHAM BOLD||||||||&#8221; body_text_color=&#8221;#ffffff&#8221; body_font_size=&#8221;22px&#8221; form_field_font=&#8221;GOTHAM BOLD||||||||&#8221; use_background_color=&#8221;off&#8221; custom_button=&#8221;on&#8221; button_text_color=&#8221;#ffffff&#8221; header_font_size_tablet=&#8221;34px&#8221; header_font_size_phone=&#8221;28px&#8221; header_font_size_last_edited=&#8221;on|phone&#8221; body_font_size_tablet=&#8221;14px&#8221; body_font_size_phone=&#8221;&#8221; body_font_size_last_edited=&#8221;on|phone&#8221; border_width_all_fields=&#8221;2px&#8221; border_color_all_fields=&#8221;#ffffff&#8221; focus_background_color=&#8221;rgba(0,0,0,0)&#8221; global_colors_info=&#8221;{}&#8221;][\/et_pb_signup][\/et_pb_column][\/et_pb_row][\/et_pb_section]<\/p>\n","protected":false},"excerpt":{"rendered":"<p>NOTRE HISTOIREQui sommes-nous ? Nous sommes les fabricants de l&#8217;Original Wood Pellet Patio Heater. Notre engagement en faveur d&#8217;un artisanat de qualit\u00e9, de l&#8217;innovation en mati\u00e8re de technologies d&#8217;alimentation par gravit\u00e9 et d&#8217;une fabrication enti\u00e8rement r\u00e9alis\u00e9e aux \u00c9tats-Unis est ce qui nous pousse \u00e0 aller de l&#8217;avant. Plus simplement, nous voulons rassembler les gens et [&hellip;]<\/p>\n","protected":false},"author":1,"featured_media":0,"parent":0,"menu_order":0,"comment_status":"closed","ping_status":"closed","template":"","meta":{"_et_pb_use_builder":"on","_et_pb_old_content":"","_et_gb_content_width":"","footnotes":""},"class_list":["post-259129","page","type-page","status-publish","hentry"],"yoast_head":"<!-- This site is optimized with the Yoast SEO plugin v27.6 - https:\/\/yoast.com\/product\/yoast-seo-wordpress\/ -->\n<title>Wood Pellet Products | Notre histoire | Family Tradition BBQ &amp; Heating<\/title>\n<meta name=\"description\" content=\"Valorisez le voyage plus que la destination. D\u00e9couvrez notre riche histoire de foi, de travail acharn\u00e9 et de relations qui ont fait de Wood Pellet Products ce qu&#039;elle est aujourd&#039;hui.\" \/>\n<meta name=\"robots\" content=\"index, follow, max-snippet:-1, max-image-preview:large, max-video-preview:-1\" \/>\n<link rel=\"canonical\" href=\"https:\/\/timberstoves.eu\/fr\/notre-histoire\/\" \/>\n<meta property=\"og:locale\" content=\"fr_FR\" \/>\n<meta property=\"og:type\" content=\"article\" \/>\n<meta property=\"og:title\" content=\"Wood Pellet Products | Notre histoire | Family Tradition BBQ &amp; Heating\" \/>\n<meta property=\"og:description\" content=\"Valorisez le voyage plus que la destination. D\u00e9couvrez notre riche histoire de foi, de travail acharn\u00e9 et de relations qui ont fait de Wood Pellet Products ce qu&#039;elle est aujourd&#039;hui.\" \/>\n<meta property=\"og:url\" content=\"https:\/\/timberstoves.eu\/fr\/notre-histoire\/\" \/>\n<meta property=\"og:site_name\" content=\"Timber Stoves Europe B.V. | Wood Pellet Fired Patio Heaters |\" \/>\n<meta property=\"article:publisher\" content=\"https:\/\/www.facebook.com\/Timberstoves\/\" \/>\n<meta property=\"article:modified_time\" content=\"2026-03-27T08:48:22+00:00\" \/>\n<meta name=\"twitter:card\" content=\"summary_large_image\" \/>\n<meta name=\"twitter:site\" content=\"@TimberstovesEU\" \/>\n<meta name=\"twitter:label1\" content=\"Dur\u00e9e de lecture estim\u00e9e\" \/>\n\t<meta name=\"twitter:data1\" content=\"8 minutes\" \/>\n<script type=\"application\/ld+json\" class=\"yoast-schema-graph\">{\"@context\":\"https:\\\/\\\/schema.org\",\"@graph\":[{\"@type\":\"WebPage\",\"@id\":\"https:\\\/\\\/timberstoves.eu\\\/fr\\\/notre-histoire\\\/\",\"url\":\"https:\\\/\\\/timberstoves.eu\\\/fr\\\/notre-histoire\\\/\",\"name\":\"Wood Pellet Products | Notre histoire | Family Tradition BBQ & Heating\",\"isPartOf\":{\"@id\":\"https:\\\/\\\/timberstoves.eu\\\/fr\\\/#website\"},\"datePublished\":\"2013-01-30T20:55:37+00:00\",\"dateModified\":\"2026-03-27T08:48:22+00:00\",\"description\":\"Valorisez le voyage plus que la destination. D\u00e9couvrez notre riche histoire de foi, de travail acharn\u00e9 et de relations qui ont fait de Wood Pellet Products ce qu'elle est aujourd'hui.\",\"breadcrumb\":{\"@id\":\"https:\\\/\\\/timberstoves.eu\\\/fr\\\/notre-histoire\\\/#breadcrumb\"},\"inLanguage\":\"fr-FR\",\"potentialAction\":[{\"@type\":\"ReadAction\",\"target\":[\"https:\\\/\\\/timberstoves.eu\\\/fr\\\/notre-histoire\\\/\"]}]},{\"@type\":\"BreadcrumbList\",\"@id\":\"https:\\\/\\\/timberstoves.eu\\\/fr\\\/notre-histoire\\\/#breadcrumb\",\"itemListElement\":[{\"@type\":\"ListItem\",\"position\":1,\"name\":\"Home\",\"item\":\"https:\\\/\\\/timberstoves.eu\\\/fr\\\/accueil\\\/\"},{\"@type\":\"ListItem\",\"position\":2,\"name\":\"Notre histoire\"}]},{\"@type\":\"WebSite\",\"@id\":\"https:\\\/\\\/timberstoves.eu\\\/fr\\\/#website\",\"url\":\"https:\\\/\\\/timberstoves.eu\\\/fr\\\/\",\"name\":\"Timber Stoves Europe B.V. | Wood Pellet Fired Patio Heaters |\",\"description\":\"Wood Pellet Patio Heaters.\",\"publisher\":{\"@id\":\"https:\\\/\\\/timberstoves.eu\\\/fr\\\/#organization\"},\"potentialAction\":[{\"@type\":\"SearchAction\",\"target\":{\"@type\":\"EntryPoint\",\"urlTemplate\":\"https:\\\/\\\/timberstoves.eu\\\/fr\\\/?s={search_term_string}\"},\"query-input\":{\"@type\":\"PropertyValueSpecification\",\"valueRequired\":true,\"valueName\":\"search_term_string\"}}],\"inLanguage\":\"fr-FR\"},{\"@type\":\"Organization\",\"@id\":\"https:\\\/\\\/timberstoves.eu\\\/fr\\\/#organization\",\"name\":\"Timber Stoves Europe B.V.\",\"url\":\"https:\\\/\\\/timberstoves.eu\\\/fr\\\/\",\"logo\":{\"@type\":\"ImageObject\",\"inLanguage\":\"fr-FR\",\"@id\":\"https:\\\/\\\/timberstoves.eu\\\/fr\\\/#\\\/schema\\\/logo\\\/image\\\/\",\"url\":\"https:\\\/\\\/timberstoves.eu\\\/wp-content\\\/uploads\\\/2023\\\/10\\\/TIMBER2.jpg\",\"contentUrl\":\"https:\\\/\\\/timberstoves.eu\\\/wp-content\\\/uploads\\\/2023\\\/10\\\/TIMBER2.jpg\",\"width\":300,\"height\":268,\"caption\":\"Timber Stoves Europe B.V.\"},\"image\":{\"@id\":\"https:\\\/\\\/timberstoves.eu\\\/fr\\\/#\\\/schema\\\/logo\\\/image\\\/\"},\"sameAs\":[\"https:\\\/\\\/www.facebook.com\\\/Timberstoves\\\/\",\"https:\\\/\\\/x.com\\\/TimberstovesEU\",\"https:\\\/\\\/www.instagram.com\\\/timberstoves_europe\\\/\"]}]}<\/script>\n<!-- \/ Yoast SEO plugin. -->","yoast_head_json":{"title":"Wood Pellet Products | Notre histoire | Family Tradition BBQ & Heating","description":"Valorisez le voyage plus que la destination. D\u00e9couvrez notre riche histoire de foi, de travail acharn\u00e9 et de relations qui ont fait de Wood Pellet Products ce qu'elle est aujourd'hui.","robots":{"index":"index","follow":"follow","max-snippet":"max-snippet:-1","max-image-preview":"max-image-preview:large","max-video-preview":"max-video-preview:-1"},"canonical":"https:\/\/timberstoves.eu\/fr\/notre-histoire\/","og_locale":"fr_FR","og_type":"article","og_title":"Wood Pellet Products | Notre histoire | Family Tradition BBQ & Heating","og_description":"Valorisez le voyage plus que la destination. D\u00e9couvrez notre riche histoire de foi, de travail acharn\u00e9 et de relations qui ont fait de Wood Pellet Products ce qu'elle est aujourd'hui.","og_url":"https:\/\/timberstoves.eu\/fr\/notre-histoire\/","og_site_name":"Timber Stoves Europe B.V. | Wood Pellet Fired Patio Heaters |","article_publisher":"https:\/\/www.facebook.com\/Timberstoves\/","article_modified_time":"2026-03-27T08:48:22+00:00","twitter_card":"summary_large_image","twitter_site":"@TimberstovesEU","twitter_misc":{"Dur\u00e9e de lecture estim\u00e9e":"8 minutes"},"schema":{"@context":"https:\/\/schema.org","@graph":[{"@type":"WebPage","@id":"https:\/\/timberstoves.eu\/fr\/notre-histoire\/","url":"https:\/\/timberstoves.eu\/fr\/notre-histoire\/","name":"Wood Pellet Products | Notre histoire | Family Tradition BBQ & Heating","isPartOf":{"@id":"https:\/\/timberstoves.eu\/fr\/#website"},"datePublished":"2013-01-30T20:55:37+00:00","dateModified":"2026-03-27T08:48:22+00:00","description":"Valorisez le voyage plus que la destination. D\u00e9couvrez notre riche histoire de foi, de travail acharn\u00e9 et de relations qui ont fait de Wood Pellet Products ce qu'elle est aujourd'hui.","breadcrumb":{"@id":"https:\/\/timberstoves.eu\/fr\/notre-histoire\/#breadcrumb"},"inLanguage":"fr-FR","potentialAction":[{"@type":"ReadAction","target":["https:\/\/timberstoves.eu\/fr\/notre-histoire\/"]}]},{"@type":"BreadcrumbList","@id":"https:\/\/timberstoves.eu\/fr\/notre-histoire\/#breadcrumb","itemListElement":[{"@type":"ListItem","position":1,"name":"Home","item":"https:\/\/timberstoves.eu\/fr\/accueil\/"},{"@type":"ListItem","position":2,"name":"Notre histoire"}]},{"@type":"WebSite","@id":"https:\/\/timberstoves.eu\/fr\/#website","url":"https:\/\/timberstoves.eu\/fr\/","name":"Timber Stoves Europe B.V. | Wood Pellet Fired Patio Heaters |","description":"Wood Pellet Patio Heaters.","publisher":{"@id":"https:\/\/timberstoves.eu\/fr\/#organization"},"potentialAction":[{"@type":"SearchAction","target":{"@type":"EntryPoint","urlTemplate":"https:\/\/timberstoves.eu\/fr\/?s={search_term_string}"},"query-input":{"@type":"PropertyValueSpecification","valueRequired":true,"valueName":"search_term_string"}}],"inLanguage":"fr-FR"},{"@type":"Organization","@id":"https:\/\/timberstoves.eu\/fr\/#organization","name":"Timber Stoves Europe B.V.","url":"https:\/\/timberstoves.eu\/fr\/","logo":{"@type":"ImageObject","inLanguage":"fr-FR","@id":"https:\/\/timberstoves.eu\/fr\/#\/schema\/logo\/image\/","url":"https:\/\/timberstoves.eu\/wp-content\/uploads\/2023\/10\/TIMBER2.jpg","contentUrl":"https:\/\/timberstoves.eu\/wp-content\/uploads\/2023\/10\/TIMBER2.jpg","width":300,"height":268,"caption":"Timber Stoves Europe B.V."},"image":{"@id":"https:\/\/timberstoves.eu\/fr\/#\/schema\/logo\/image\/"},"sameAs":["https:\/\/www.facebook.com\/Timberstoves\/","https:\/\/x.com\/TimberstovesEU","https:\/\/www.instagram.com\/timberstoves_europe\/"]}]}},"_links":{"self":[{"href":"https:\/\/timberstoves.eu\/fr\/wp-json\/wp\/v2\/pages\/259129","targetHints":{"allow":["GET"]}}],"collection":[{"href":"https:\/\/timberstoves.eu\/fr\/wp-json\/wp\/v2\/pages"}],"about":[{"href":"https:\/\/timberstoves.eu\/fr\/wp-json\/wp\/v2\/types\/page"}],"author":[{"embeddable":true,"href":"https:\/\/timberstoves.eu\/fr\/wp-json\/wp\/v2\/users\/1"}],"replies":[{"embeddable":true,"href":"https:\/\/timberstoves.eu\/fr\/wp-json\/wp\/v2\/comments?post=259129"}],"version-history":[{"count":0,"href":"https:\/\/timberstoves.eu\/fr\/wp-json\/wp\/v2\/pages\/259129\/revisions"}],"wp:attachment":[{"href":"https:\/\/timberstoves.eu\/fr\/wp-json\/wp\/v2\/media?parent=259129"}],"curies":[{"name":"wp","href":"https:\/\/api.w.org\/{rel}","templated":true}]}}