{"id":259136,"date":"2013-01-29T23:05:09","date_gmt":"2013-01-29T22:05:09","guid":{"rendered":"https:\/\/timberstoves.eu\/chariot\/"},"modified":"2026-03-27T09:48:23","modified_gmt":"2026-03-27T08:48:23","slug":"chariot","status":"publish","type":"page","link":"https:\/\/timberstoves.eu\/fr\/chariot\/","title":{"rendered":"Chariot"},"content":{"rendered":"\n","protected":false},"excerpt":{"rendered":"","protected":false},"author":1,"featured_media":0,"parent":0,"menu_order":0,"comment_status":"closed","ping_status":"closed","template":"","meta":{"_et_pb_use_builder":"","_et_pb_old_content":"","_et_gb_content_width":"","footnotes":""},"class_list":["post-259136","page","type-page","status-publish","hentry"],"yoast_head":"<!-- This site is optimized with the Yoast SEO plugin v27.6 - https:\/\/yoast.com\/product\/yoast-seo-wordpress\/ -->\n<title>Produits de granul\u00e9s de bois | Panier | Achats en ligne faciles<\/title>\n<meta name=\"description\" content=\"V\u00e9rifiez et visualisez le contenu de votre panier. Changez la fa\u00e7on dont vous faites vos grillades aujourd&#039;hui avec notre gamme de produits \u00e0 base de granul\u00e9s de bois fabriqu\u00e9s \u00e0 la main.\" \/>\n<meta name=\"robots\" content=\"index, follow, max-snippet:-1, max-image-preview:large, max-video-preview:-1\" \/>\n<link rel=\"canonical\" href=\"https:\/\/timberstoves.eu\/fr\/chariot\/\" \/>\n<meta property=\"og:locale\" content=\"fr_FR\" \/>\n<meta property=\"og:type\" content=\"article\" \/>\n<meta property=\"og:title\" content=\"Produits de granul\u00e9s de bois | Panier | Achats en ligne faciles\" \/>\n<meta property=\"og:description\" content=\"V\u00e9rifiez et visualisez le contenu de votre panier. Changez la fa\u00e7on dont vous faites vos grillades aujourd&#039;hui avec notre gamme de produits \u00e0 base de granul\u00e9s de bois fabriqu\u00e9s \u00e0 la main.\" \/>\n<meta property=\"og:url\" content=\"https:\/\/timberstoves.eu\/fr\/chariot\/\" \/>\n<meta property=\"og:site_name\" content=\"Timber Stoves Europe B.V. | Wood Pellet Fired Patio Heaters |\" \/>\n<meta property=\"article:publisher\" content=\"https:\/\/www.facebook.com\/Timberstoves\/\" \/>\n<meta property=\"article:modified_time\" content=\"2026-03-27T08:48:23+00:00\" \/>\n<meta name=\"twitter:card\" content=\"summary_large_image\" \/>\n<meta name=\"twitter:site\" content=\"@TimberstovesEU\" \/>\n<script type=\"application\/ld+json\" class=\"yoast-schema-graph\">{\"@context\":\"https:\\\/\\\/schema.org\",\"@graph\":[{\"@type\":\"WebPage\",\"@id\":\"https:\\\/\\\/timberstoves.eu\\\/fr\\\/chariot\\\/\",\"url\":\"https:\\\/\\\/timberstoves.eu\\\/fr\\\/chariot\\\/\",\"name\":\"Produits de granul\u00e9s de bois | Panier | Achats en ligne faciles\",\"isPartOf\":{\"@id\":\"https:\\\/\\\/timberstoves.eu\\\/fr\\\/#website\"},\"datePublished\":\"2013-01-29T22:05:09+00:00\",\"dateModified\":\"2026-03-27T08:48:23+00:00\",\"description\":\"V\u00e9rifiez et visualisez le contenu de votre panier. Changez la fa\u00e7on dont vous faites vos grillades aujourd'hui avec notre gamme de produits \u00e0 base de granul\u00e9s de bois fabriqu\u00e9s \u00e0 la main.\",\"breadcrumb\":{\"@id\":\"https:\\\/\\\/timberstoves.eu\\\/fr\\\/chariot\\\/#breadcrumb\"},\"inLanguage\":\"fr-FR\",\"potentialAction\":[{\"@type\":\"ReadAction\",\"target\":[\"https:\\\/\\\/timberstoves.eu\\\/fr\\\/chariot\\\/\"]}]},{\"@type\":\"BreadcrumbList\",\"@id\":\"https:\\\/\\\/timberstoves.eu\\\/fr\\\/chariot\\\/#breadcrumb\",\"itemListElement\":[{\"@type\":\"ListItem\",\"position\":1,\"name\":\"Home\",\"item\":\"https:\\\/\\\/timberstoves.eu\\\/fr\\\/accueil\\\/\"},{\"@type\":\"ListItem\",\"position\":2,\"name\":\"Chariot\"}]},{\"@type\":\"WebSite\",\"@id\":\"https:\\\/\\\/timberstoves.eu\\\/fr\\\/#website\",\"url\":\"https:\\\/\\\/timberstoves.eu\\\/fr\\\/\",\"name\":\"Timber Stoves Europe B.V. | Wood Pellet Fired Patio Heaters |\",\"description\":\"Wood Pellet Patio Heaters.\",\"publisher\":{\"@id\":\"https:\\\/\\\/timberstoves.eu\\\/fr\\\/#organization\"},\"potentialAction\":[{\"@type\":\"SearchAction\",\"target\":{\"@type\":\"EntryPoint\",\"urlTemplate\":\"https:\\\/\\\/timberstoves.eu\\\/fr\\\/?s={search_term_string}\"},\"query-input\":{\"@type\":\"PropertyValueSpecification\",\"valueRequired\":true,\"valueName\":\"search_term_string\"}}],\"inLanguage\":\"fr-FR\"},{\"@type\":\"Organization\",\"@id\":\"https:\\\/\\\/timberstoves.eu\\\/fr\\\/#organization\",\"name\":\"Timber Stoves Europe B.V.\",\"url\":\"https:\\\/\\\/timberstoves.eu\\\/fr\\\/\",\"logo\":{\"@type\":\"ImageObject\",\"inLanguage\":\"fr-FR\",\"@id\":\"https:\\\/\\\/timberstoves.eu\\\/fr\\\/#\\\/schema\\\/logo\\\/image\\\/\",\"url\":\"https:\\\/\\\/timberstoves.eu\\\/wp-content\\\/uploads\\\/2023\\\/10\\\/TIMBER2.jpg\",\"contentUrl\":\"https:\\\/\\\/timberstoves.eu\\\/wp-content\\\/uploads\\\/2023\\\/10\\\/TIMBER2.jpg\",\"width\":300,\"height\":268,\"caption\":\"Timber Stoves Europe B.V.\"},\"image\":{\"@id\":\"https:\\\/\\\/timberstoves.eu\\\/fr\\\/#\\\/schema\\\/logo\\\/image\\\/\"},\"sameAs\":[\"https:\\\/\\\/www.facebook.com\\\/Timberstoves\\\/\",\"https:\\\/\\\/x.com\\\/TimberstovesEU\",\"https:\\\/\\\/www.instagram.com\\\/timberstoves_europe\\\/\"]}]}<\/script>\n<!-- \/ Yoast SEO plugin. -->","yoast_head_json":{"title":"Produits de granul\u00e9s de bois | Panier | Achats en ligne faciles","description":"V\u00e9rifiez et visualisez le contenu de votre panier. Changez la fa\u00e7on dont vous faites vos grillades aujourd'hui avec notre gamme de produits \u00e0 base de granul\u00e9s de bois fabriqu\u00e9s \u00e0 la main.","robots":{"index":"index","follow":"follow","max-snippet":"max-snippet:-1","max-image-preview":"max-image-preview:large","max-video-preview":"max-video-preview:-1"},"canonical":"https:\/\/timberstoves.eu\/fr\/chariot\/","og_locale":"fr_FR","og_type":"article","og_title":"Produits de granul\u00e9s de bois | Panier | Achats en ligne faciles","og_description":"V\u00e9rifiez et visualisez le contenu de votre panier. Changez la fa\u00e7on dont vous faites vos grillades aujourd'hui avec notre gamme de produits \u00e0 base de granul\u00e9s de bois fabriqu\u00e9s \u00e0 la main.","og_url":"https:\/\/timberstoves.eu\/fr\/chariot\/","og_site_name":"Timber Stoves Europe B.V. | Wood Pellet Fired Patio Heaters |","article_publisher":"https:\/\/www.facebook.com\/Timberstoves\/","article_modified_time":"2026-03-27T08:48:23+00:00","twitter_card":"summary_large_image","twitter_site":"@TimberstovesEU","schema":{"@context":"https:\/\/schema.org","@graph":[{"@type":"WebPage","@id":"https:\/\/timberstoves.eu\/fr\/chariot\/","url":"https:\/\/timberstoves.eu\/fr\/chariot\/","name":"Produits de granul\u00e9s de bois | Panier | Achats en ligne faciles","isPartOf":{"@id":"https:\/\/timberstoves.eu\/fr\/#website"},"datePublished":"2013-01-29T22:05:09+00:00","dateModified":"2026-03-27T08:48:23+00:00","description":"V\u00e9rifiez et visualisez le contenu de votre panier. Changez la fa\u00e7on dont vous faites vos grillades aujourd'hui avec notre gamme de produits \u00e0 base de granul\u00e9s de bois fabriqu\u00e9s \u00e0 la main.","breadcrumb":{"@id":"https:\/\/timberstoves.eu\/fr\/chariot\/#breadcrumb"},"inLanguage":"fr-FR","potentialAction":[{"@type":"ReadAction","target":["https:\/\/timberstoves.eu\/fr\/chariot\/"]}]},{"@type":"BreadcrumbList","@id":"https:\/\/timberstoves.eu\/fr\/chariot\/#breadcrumb","itemListElement":[{"@type":"ListItem","position":1,"name":"Home","item":"https:\/\/timberstoves.eu\/fr\/accueil\/"},{"@type":"ListItem","position":2,"name":"Chariot"}]},{"@type":"WebSite","@id":"https:\/\/timberstoves.eu\/fr\/#website","url":"https:\/\/timberstoves.eu\/fr\/","name":"Timber Stoves Europe B.V. | Wood Pellet Fired Patio Heaters |","description":"Wood Pellet Patio Heaters.","publisher":{"@id":"https:\/\/timberstoves.eu\/fr\/#organization"},"potentialAction":[{"@type":"SearchAction","target":{"@type":"EntryPoint","urlTemplate":"https:\/\/timberstoves.eu\/fr\/?s={search_term_string}"},"query-input":{"@type":"PropertyValueSpecification","valueRequired":true,"valueName":"search_term_string"}}],"inLanguage":"fr-FR"},{"@type":"Organization","@id":"https:\/\/timberstoves.eu\/fr\/#organization","name":"Timber Stoves Europe B.V.","url":"https:\/\/timberstoves.eu\/fr\/","logo":{"@type":"ImageObject","inLanguage":"fr-FR","@id":"https:\/\/timberstoves.eu\/fr\/#\/schema\/logo\/image\/","url":"https:\/\/timberstoves.eu\/wp-content\/uploads\/2023\/10\/TIMBER2.jpg","contentUrl":"https:\/\/timberstoves.eu\/wp-content\/uploads\/2023\/10\/TIMBER2.jpg","width":300,"height":268,"caption":"Timber Stoves Europe B.V."},"image":{"@id":"https:\/\/timberstoves.eu\/fr\/#\/schema\/logo\/image\/"},"sameAs":["https:\/\/www.facebook.com\/Timberstoves\/","https:\/\/x.com\/TimberstovesEU","https:\/\/www.instagram.com\/timberstoves_europe\/"]}]}},"_links":{"self":[{"href":"https:\/\/timberstoves.eu\/fr\/wp-json\/wp\/v2\/pages\/259136","targetHints":{"allow":["GET"]}}],"collection":[{"href":"https:\/\/timberstoves.eu\/fr\/wp-json\/wp\/v2\/pages"}],"about":[{"href":"https:\/\/timberstoves.eu\/fr\/wp-json\/wp\/v2\/types\/page"}],"author":[{"embeddable":true,"href":"https:\/\/timberstoves.eu\/fr\/wp-json\/wp\/v2\/users\/1"}],"replies":[{"embeddable":true,"href":"https:\/\/timberstoves.eu\/fr\/wp-json\/wp\/v2\/comments?post=259136"}],"version-history":[{"count":0,"href":"https:\/\/timberstoves.eu\/fr\/wp-json\/wp\/v2\/pages\/259136\/revisions"}],"wp:attachment":[{"href":"https:\/\/timberstoves.eu\/fr\/wp-json\/wp\/v2\/media?parent=259136"}],"curies":[{"name":"wp","href":"https:\/\/api.w.org\/{rel}","templated":true}]}}