{"id":259143,"date":"2013-01-30T21:57:08","date_gmt":"2013-01-30T20:57:08","guid":{"rendered":"https:\/\/timberstoves.eu\/contact\/"},"modified":"2026-03-27T09:48:36","modified_gmt":"2026-03-27T08:48:36","slug":"contact","status":"publish","type":"page","link":"https:\/\/timberstoves.eu\/fr\/contact\/","title":{"rendered":"Contact"},"content":{"rendered":"<p><img loading=\"lazy\" decoding=\"async\" class=\"size-medium wp-image-4001 alignright\" src=\"https:\/\/timberstoves.eu\/wp-content\/uploads\/2018\/12\/timber-stoves-wood-pellet-patio-heaters-small-logo-300x300.jpg\" alt=\"po\u00eales \u00e0 bois po\u00eales \u00e0 granul\u00e9s de bois chauffages de terrasse petit logo\" width=\"300\" height=\"300\" srcset=\"https:\/\/timberstoves.eu\/wp-content\/uploads\/2018\/12\/timber-stoves-wood-pellet-patio-heaters-small-logo-300x300.jpg 300w, https:\/\/timberstoves.eu\/wp-content\/uploads\/2018\/12\/timber-stoves-wood-pellet-patio-heaters-small-logo-100x100.jpg 100w, https:\/\/timberstoves.eu\/wp-content\/uploads\/2018\/12\/timber-stoves-wood-pellet-patio-heaters-small-logo-150x150.jpg 150w, https:\/\/timberstoves.eu\/wp-content\/uploads\/2018\/12\/timber-stoves-wood-pellet-patio-heaters-small-logo.jpg 400w\" sizes=\"(max-width: 300px) 100vw, 300px\" \/>Contactez-nous par <a href=\"mailto:sales@timberstoves.eu\">e-mail<\/a>: sales@timberstoves.eu<strong><br \/>\n<\/strong><\/p>\n<p>Adresse du bureau :<br \/>\nTimberstoves Europe B.V.<br \/>\nBaakmeerdijk 6<br \/>\n1862 PZ, BERGEN<br \/>\nPays-Bas<br \/>\nT\u00e9l\u00e9phone : <strong>+31 (0)85 0043360<\/strong><\/p>\n<p><strong>Timber Stoves<\/strong> &#8211; Le chauffage de terrasse qui br\u00fble des granul\u00e9s de bois, ne consomme pas d&#8217;\u00e9lectricit\u00e9 et ne laisse qu&#8217;une empreinte carbone minime.<\/p>\n<p>Vous avez des commentaires ou des questions ? N&#8217;h\u00e9sitez pas \u00e0 nous contacter. <strong><br \/>\n<\/strong><\/p>\n","protected":false},"excerpt":{"rendered":"<p>Contactez-nous par e-mail: sales@timberstoves.eu Adresse du bureau : Timberstoves Europe B.V. Baakmeerdijk 6 1862 PZ, BERGEN Pays-Bas T\u00e9l\u00e9phone : +31 (0)85 0043360 Timber Stoves &#8211; Le chauffage de terrasse qui br\u00fble des granul\u00e9s de bois, ne consomme pas d&#8217;\u00e9lectricit\u00e9 et ne laisse qu&#8217;une empreinte carbone minime. Vous avez des commentaires ou des questions ? N&#8217;h\u00e9sitez [&hellip;]<\/p>\n","protected":false},"author":1,"featured_media":0,"parent":0,"menu_order":0,"comment_status":"closed","ping_status":"closed","template":"","meta":{"_et_pb_use_builder":"off","_et_pb_old_content":"","_et_gb_content_width":"","footnotes":""},"class_list":["post-259143","page","type-page","status-publish","hentry"],"yoast_head":"<!-- This site is optimized with the Yoast SEO plugin v27.6 - https:\/\/yoast.com\/product\/yoast-seo-wordpress\/ -->\n<title>Contact | Chauffages aux granul\u00e9s de bois aliment\u00e9s par gravit\u00e9 | Feel The Heat<\/title>\n<meta name=\"description\" content=\"Les chauffages de terrasse et les fours qui fonctionnent avec des syst\u00e8mes de granul\u00e9s de bois aliment\u00e9s par gravit\u00e9. Pour toute demande de service \u00e0 la client\u00e8le, veuillez contacter sales@timberstoves.eu\" \/>\n<meta name=\"robots\" content=\"index, follow, max-snippet:-1, max-image-preview:large, max-video-preview:-1\" \/>\n<link rel=\"canonical\" href=\"https:\/\/timberstoves.eu\/fr\/contact\/\" \/>\n<meta property=\"og:locale\" content=\"fr_FR\" \/>\n<meta property=\"og:type\" content=\"article\" \/>\n<meta property=\"og:title\" content=\"Contact | Chauffages aux granul\u00e9s de bois aliment\u00e9s par gravit\u00e9 | Feel The Heat\" \/>\n<meta property=\"og:description\" content=\"Les chauffages de terrasse et les fours qui fonctionnent avec des syst\u00e8mes de granul\u00e9s de bois aliment\u00e9s par gravit\u00e9. Pour toute demande de service \u00e0 la client\u00e8le, veuillez contacter sales@timberstoves.eu\" \/>\n<meta property=\"og:url\" content=\"https:\/\/timberstoves.eu\/fr\/contact\/\" \/>\n<meta property=\"og:site_name\" content=\"Timber Stoves Europe B.V. | Wood Pellet Fired Patio Heaters |\" \/>\n<meta property=\"article:publisher\" content=\"https:\/\/www.facebook.com\/Timberstoves\/\" \/>\n<meta property=\"article:modified_time\" content=\"2026-03-27T08:48:36+00:00\" \/>\n<meta property=\"og:image\" content=\"https:\/\/timberstoves.eu\/wp-content\/uploads\/2018\/12\/timber-stoves-wood-pellet-patio-heaters-small-logo-300x300.jpg\" \/>\n<meta name=\"twitter:card\" content=\"summary_large_image\" \/>\n<meta name=\"twitter:site\" content=\"@TimberstovesEU\" \/>\n<script type=\"application\/ld+json\" class=\"yoast-schema-graph\">{\"@context\":\"https:\\\/\\\/schema.org\",\"@graph\":[{\"@type\":\"WebPage\",\"@id\":\"https:\\\/\\\/timberstoves.eu\\\/fr\\\/contact\\\/\",\"url\":\"https:\\\/\\\/timberstoves.eu\\\/fr\\\/contact\\\/\",\"name\":\"Contact | Chauffages aux granul\u00e9s de bois aliment\u00e9s par gravit\u00e9 | Feel The Heat\",\"isPartOf\":{\"@id\":\"https:\\\/\\\/timberstoves.eu\\\/fr\\\/#website\"},\"primaryImageOfPage\":{\"@id\":\"https:\\\/\\\/timberstoves.eu\\\/fr\\\/contact\\\/#primaryimage\"},\"image\":{\"@id\":\"https:\\\/\\\/timberstoves.eu\\\/fr\\\/contact\\\/#primaryimage\"},\"thumbnailUrl\":\"https:\\\/\\\/timberstoves.eu\\\/wp-content\\\/uploads\\\/2018\\\/12\\\/timber-stoves-wood-pellet-patio-heaters-small-logo-300x300.jpg\",\"datePublished\":\"2013-01-30T20:57:08+00:00\",\"dateModified\":\"2026-03-27T08:48:36+00:00\",\"description\":\"Les chauffages de terrasse et les fours qui fonctionnent avec des syst\u00e8mes de granul\u00e9s de bois aliment\u00e9s par gravit\u00e9. Pour toute demande de service \u00e0 la client\u00e8le, veuillez contacter sales@timberstoves.eu\",\"breadcrumb\":{\"@id\":\"https:\\\/\\\/timberstoves.eu\\\/fr\\\/contact\\\/#breadcrumb\"},\"inLanguage\":\"fr-FR\",\"potentialAction\":[{\"@type\":\"ReadAction\",\"target\":[\"https:\\\/\\\/timberstoves.eu\\\/fr\\\/contact\\\/\"]}]},{\"@type\":\"ImageObject\",\"inLanguage\":\"fr-FR\",\"@id\":\"https:\\\/\\\/timberstoves.eu\\\/fr\\\/contact\\\/#primaryimage\",\"url\":\"https:\\\/\\\/timberstoves.eu\\\/wp-content\\\/uploads\\\/2018\\\/12\\\/timber-stoves-wood-pellet-patio-heaters-small-logo-300x300.jpg\",\"contentUrl\":\"https:\\\/\\\/timberstoves.eu\\\/wp-content\\\/uploads\\\/2018\\\/12\\\/timber-stoves-wood-pellet-patio-heaters-small-logo-300x300.jpg\"},{\"@type\":\"BreadcrumbList\",\"@id\":\"https:\\\/\\\/timberstoves.eu\\\/fr\\\/contact\\\/#breadcrumb\",\"itemListElement\":[{\"@type\":\"ListItem\",\"position\":1,\"name\":\"Home\",\"item\":\"https:\\\/\\\/timberstoves.eu\\\/fr\\\/accueil\\\/\"},{\"@type\":\"ListItem\",\"position\":2,\"name\":\"Contact\"}]},{\"@type\":\"WebSite\",\"@id\":\"https:\\\/\\\/timberstoves.eu\\\/fr\\\/#website\",\"url\":\"https:\\\/\\\/timberstoves.eu\\\/fr\\\/\",\"name\":\"Timber Stoves Europe B.V. | Wood Pellet Fired Patio Heaters |\",\"description\":\"Wood Pellet Patio Heaters.\",\"publisher\":{\"@id\":\"https:\\\/\\\/timberstoves.eu\\\/fr\\\/#organization\"},\"potentialAction\":[{\"@type\":\"SearchAction\",\"target\":{\"@type\":\"EntryPoint\",\"urlTemplate\":\"https:\\\/\\\/timberstoves.eu\\\/fr\\\/?s={search_term_string}\"},\"query-input\":{\"@type\":\"PropertyValueSpecification\",\"valueRequired\":true,\"valueName\":\"search_term_string\"}}],\"inLanguage\":\"fr-FR\"},{\"@type\":\"Organization\",\"@id\":\"https:\\\/\\\/timberstoves.eu\\\/fr\\\/#organization\",\"name\":\"Timber Stoves Europe B.V.\",\"url\":\"https:\\\/\\\/timberstoves.eu\\\/fr\\\/\",\"logo\":{\"@type\":\"ImageObject\",\"inLanguage\":\"fr-FR\",\"@id\":\"https:\\\/\\\/timberstoves.eu\\\/fr\\\/#\\\/schema\\\/logo\\\/image\\\/\",\"url\":\"https:\\\/\\\/timberstoves.eu\\\/wp-content\\\/uploads\\\/2023\\\/10\\\/TIMBER2.jpg\",\"contentUrl\":\"https:\\\/\\\/timberstoves.eu\\\/wp-content\\\/uploads\\\/2023\\\/10\\\/TIMBER2.jpg\",\"width\":300,\"height\":268,\"caption\":\"Timber Stoves Europe B.V.\"},\"image\":{\"@id\":\"https:\\\/\\\/timberstoves.eu\\\/fr\\\/#\\\/schema\\\/logo\\\/image\\\/\"},\"sameAs\":[\"https:\\\/\\\/www.facebook.com\\\/Timberstoves\\\/\",\"https:\\\/\\\/x.com\\\/TimberstovesEU\",\"https:\\\/\\\/www.instagram.com\\\/timberstoves_europe\\\/\"]}]}<\/script>\n<!-- \/ Yoast SEO plugin. -->","yoast_head_json":{"title":"Contact | Chauffages aux granul\u00e9s de bois aliment\u00e9s par gravit\u00e9 | Feel The Heat","description":"Les chauffages de terrasse et les fours qui fonctionnent avec des syst\u00e8mes de granul\u00e9s de bois aliment\u00e9s par gravit\u00e9. Pour toute demande de service \u00e0 la client\u00e8le, veuillez contacter sales@timberstoves.eu","robots":{"index":"index","follow":"follow","max-snippet":"max-snippet:-1","max-image-preview":"max-image-preview:large","max-video-preview":"max-video-preview:-1"},"canonical":"https:\/\/timberstoves.eu\/fr\/contact\/","og_locale":"fr_FR","og_type":"article","og_title":"Contact | Chauffages aux granul\u00e9s de bois aliment\u00e9s par gravit\u00e9 | Feel The Heat","og_description":"Les chauffages de terrasse et les fours qui fonctionnent avec des syst\u00e8mes de granul\u00e9s de bois aliment\u00e9s par gravit\u00e9. Pour toute demande de service \u00e0 la client\u00e8le, veuillez contacter sales@timberstoves.eu","og_url":"https:\/\/timberstoves.eu\/fr\/contact\/","og_site_name":"Timber Stoves Europe B.V. | Wood Pellet Fired Patio Heaters |","article_publisher":"https:\/\/www.facebook.com\/Timberstoves\/","article_modified_time":"2026-03-27T08:48:36+00:00","og_image":[{"url":"https:\/\/timberstoves.eu\/wp-content\/uploads\/2018\/12\/timber-stoves-wood-pellet-patio-heaters-small-logo-300x300.jpg","type":"","width":"","height":""}],"twitter_card":"summary_large_image","twitter_site":"@TimberstovesEU","schema":{"@context":"https:\/\/schema.org","@graph":[{"@type":"WebPage","@id":"https:\/\/timberstoves.eu\/fr\/contact\/","url":"https:\/\/timberstoves.eu\/fr\/contact\/","name":"Contact | Chauffages aux granul\u00e9s de bois aliment\u00e9s par gravit\u00e9 | Feel The Heat","isPartOf":{"@id":"https:\/\/timberstoves.eu\/fr\/#website"},"primaryImageOfPage":{"@id":"https:\/\/timberstoves.eu\/fr\/contact\/#primaryimage"},"image":{"@id":"https:\/\/timberstoves.eu\/fr\/contact\/#primaryimage"},"thumbnailUrl":"https:\/\/timberstoves.eu\/wp-content\/uploads\/2018\/12\/timber-stoves-wood-pellet-patio-heaters-small-logo-300x300.jpg","datePublished":"2013-01-30T20:57:08+00:00","dateModified":"2026-03-27T08:48:36+00:00","description":"Les chauffages de terrasse et les fours qui fonctionnent avec des syst\u00e8mes de granul\u00e9s de bois aliment\u00e9s par gravit\u00e9. Pour toute demande de service \u00e0 la client\u00e8le, veuillez contacter sales@timberstoves.eu","breadcrumb":{"@id":"https:\/\/timberstoves.eu\/fr\/contact\/#breadcrumb"},"inLanguage":"fr-FR","potentialAction":[{"@type":"ReadAction","target":["https:\/\/timberstoves.eu\/fr\/contact\/"]}]},{"@type":"ImageObject","inLanguage":"fr-FR","@id":"https:\/\/timberstoves.eu\/fr\/contact\/#primaryimage","url":"https:\/\/timberstoves.eu\/wp-content\/uploads\/2018\/12\/timber-stoves-wood-pellet-patio-heaters-small-logo-300x300.jpg","contentUrl":"https:\/\/timberstoves.eu\/wp-content\/uploads\/2018\/12\/timber-stoves-wood-pellet-patio-heaters-small-logo-300x300.jpg"},{"@type":"BreadcrumbList","@id":"https:\/\/timberstoves.eu\/fr\/contact\/#breadcrumb","itemListElement":[{"@type":"ListItem","position":1,"name":"Home","item":"https:\/\/timberstoves.eu\/fr\/accueil\/"},{"@type":"ListItem","position":2,"name":"Contact"}]},{"@type":"WebSite","@id":"https:\/\/timberstoves.eu\/fr\/#website","url":"https:\/\/timberstoves.eu\/fr\/","name":"Timber Stoves Europe B.V. | Wood Pellet Fired Patio Heaters |","description":"Wood Pellet Patio Heaters.","publisher":{"@id":"https:\/\/timberstoves.eu\/fr\/#organization"},"potentialAction":[{"@type":"SearchAction","target":{"@type":"EntryPoint","urlTemplate":"https:\/\/timberstoves.eu\/fr\/?s={search_term_string}"},"query-input":{"@type":"PropertyValueSpecification","valueRequired":true,"valueName":"search_term_string"}}],"inLanguage":"fr-FR"},{"@type":"Organization","@id":"https:\/\/timberstoves.eu\/fr\/#organization","name":"Timber Stoves Europe B.V.","url":"https:\/\/timberstoves.eu\/fr\/","logo":{"@type":"ImageObject","inLanguage":"fr-FR","@id":"https:\/\/timberstoves.eu\/fr\/#\/schema\/logo\/image\/","url":"https:\/\/timberstoves.eu\/wp-content\/uploads\/2023\/10\/TIMBER2.jpg","contentUrl":"https:\/\/timberstoves.eu\/wp-content\/uploads\/2023\/10\/TIMBER2.jpg","width":300,"height":268,"caption":"Timber Stoves Europe B.V."},"image":{"@id":"https:\/\/timberstoves.eu\/fr\/#\/schema\/logo\/image\/"},"sameAs":["https:\/\/www.facebook.com\/Timberstoves\/","https:\/\/x.com\/TimberstovesEU","https:\/\/www.instagram.com\/timberstoves_europe\/"]}]}},"_links":{"self":[{"href":"https:\/\/timberstoves.eu\/fr\/wp-json\/wp\/v2\/pages\/259143","targetHints":{"allow":["GET"]}}],"collection":[{"href":"https:\/\/timberstoves.eu\/fr\/wp-json\/wp\/v2\/pages"}],"about":[{"href":"https:\/\/timberstoves.eu\/fr\/wp-json\/wp\/v2\/types\/page"}],"author":[{"embeddable":true,"href":"https:\/\/timberstoves.eu\/fr\/wp-json\/wp\/v2\/users\/1"}],"replies":[{"embeddable":true,"href":"https:\/\/timberstoves.eu\/fr\/wp-json\/wp\/v2\/comments?post=259143"}],"version-history":[{"count":0,"href":"https:\/\/timberstoves.eu\/fr\/wp-json\/wp\/v2\/pages\/259143\/revisions"}],"wp:attachment":[{"href":"https:\/\/timberstoves.eu\/fr\/wp-json\/wp\/v2\/media?parent=259143"}],"curies":[{"name":"wp","href":"https:\/\/api.w.org\/{rel}","templated":true}]}}