{"id":259193,"date":"2020-10-01T09:21:59","date_gmt":"2020-10-01T07:21:59","guid":{"rendered":"https:\/\/timberstoves.eu\/questions-courantes\/"},"modified":"2026-03-27T09:50:38","modified_gmt":"2026-03-27T08:50:38","slug":"questions-courantes","status":"publish","type":"page","link":"https:\/\/timberstoves.eu\/fr\/questions-courantes\/","title":{"rendered":"Questions courantes"},"content":{"rendered":"<p>[et_pb_section fb_built=&#8221;1&#8243; admin_label=&#8221;section&#8221; _builder_version=&#8221;4.27.5&#8243; background_color=&#8221;#000000&#8243; background_image=&#8221;https:\/\/timberstoves.eu\/wp-content\/uploads\/2022\/06\/081224wpp051.jpg&#8221; global_colors_info=&#8221;{}&#8221;][et_pb_row admin_label=&#8221;rang\u00e9e&#8221; _builder_version=&#8221;4.16&#8243; background_size=&#8221;initial&#8221; background_position=&#8221;top_left&#8221; background_repeat=&#8221;repeat&#8221; global_colors_info=&#8221;{}&#8221;][et_pb_column type=&#8221;4_4&#8243; _builder_version=&#8221;4.16&#8243; custom_padding=&#8221;|||&#8221; global_colors_info=&#8221;{}&#8221; custom_padding__hover=&#8221;|||&#8221;][et_pb_text _builder_version=&#8221;4.16&#8243; _module_preset=&#8221;default&#8221; header_font=&#8221;GOTHAM BOLD||||||||&#8221; header_text_color=&#8221;#ffffff&#8221; header_font_size=&#8221;43px&#8221; header_text_shadow_style=&#8221;preset3&#8243; global_colors_info=&#8221;{}&#8221;]<\/p>\n<h1 style=\"text-align: center;\">Questions courantes<\/h1>\n<p>[\/et_pb_text][\/et_pb_column][\/et_pb_row][\/et_pb_section][et_pb_section fb_built=&#8221;1&#8243; admin_label=&#8221;section&#8221; _builder_version=&#8221;4.16&#8243; global_colors_info=&#8221;{}&#8221;][et_pb_row disabled_on=&#8221;on|on|on&#8221; admin_label=&#8221;rang\u00e9e&#8221; _builder_version=&#8221;4.27.5&#8243; background_size=&#8221;initial&#8221; background_position=&#8221;top_left&#8221; background_repeat=&#8221;repeat&#8221; disabled=&#8221;on&#8221; global_colors_info=&#8221;{}&#8221;][et_pb_column type=&#8221;4_4&#8243; _builder_version=&#8221;4.16&#8243; custom_padding=&#8221;|||&#8221; global_colors_info=&#8221;{}&#8221; custom_padding__hover=&#8221;|||&#8221;][et_pb_text admin_label=&#8221;Text&#8221; _builder_version=&#8221;4.27.5&#8243; _module_preset=&#8221;default&#8221; global_colors_info=&#8221;{}&#8221;]<\/p>\n<p><strong>Q : Puis-je utiliser du bois normal dans mon po\u00eale ?<\/strong><\/p>\n<p>R : Non. Il est con\u00e7u uniquement pour br\u00fbler des granul\u00e9s de bois. <\/p>\n<p>&nbsp;<\/p>\n<p><strong>Q : Le po\u00eale peut-il \u00eatre utilis\u00e9 sur une terrasse en bois ou en Trex ?<\/strong><\/p>\n<p>R : Oui, les po\u00eales Timber peuvent \u00eatre utilis\u00e9s sur des terrasses en bois ou en Trex, mais ils doivent \u00eatre pos\u00e9s sur un tapis de gril ou un coussin chauffant.<\/p>\n<p>&nbsp;<\/p>\n<p><strong>Q : Puis-je l&#8217;utiliser dans mon patio ferm\u00e9 ?<\/strong><\/p>\n<p>R : Oui, \u00e0 condition que vous disposiez d&#8217;une ventilation ad\u00e9quate et que vous respectiez une distance d&#8217;un m\u00e8tre par rapport aux mat\u00e9riaux combustibles au-dessus du r\u00e9flecteur sup\u00e9rieur. Le tuyau du po\u00eale peut \u00e9galement \u00eatre ajust\u00e9 pour s&#8217;adapter \u00e0 des hauteurs de toit plus faibles. La r\u00e9duction du tuyau de po\u00eale aura une l\u00e9g\u00e8re incidence sur le rendement. La chaleur sera r\u00e9duite de 120 degr\u00e9s Celsius pour chaque m\u00e8tre retir\u00e9. Notez que, bien que le po\u00eale n&#8217;\u00e9mette pas beaucoup de fum\u00e9e, de la suie finira par appara\u00eetre au-dessus du po\u00eale.    <\/p>\n<p>&nbsp;<\/p>\n<p><strong>Q : Comment faire pour que les granul\u00e9s commencent \u00e0 br\u00fbler ?<\/strong><\/p>\n<p>R : Un bon choix d&#8217;allume-feu serait le gel de feu ou l&#8217;essence \u00e0 briquet pour charbon de bois. Ajoutez 1 \u00e0 2 cuill\u00e8res \u00e0 soupe sur le dessus des granul\u00e9s \u00e0 l&#8217;int\u00e9rieur du po\u00eale apr\u00e8s avoir retir\u00e9 la cl\u00e9 d&#8217;arr\u00eat de votre tr\u00e9mie. Allumez le feu \u00e0 l&#8217;aide d&#8217;une longue allumette ou d&#8217;un briquet de barbecue.  <\/p>\n<p>&nbsp;<\/p>\n<p><strong>Q : Comment \u00e9teindre la cuisini\u00e8re ?<\/strong><\/p>\n<p>R : Ins\u00e9rez la cl\u00e9 d&#8217;arr\u00eat dans la fente horizontale situ\u00e9e \u00e0 la base de la tr\u00e9mie. Ouvrez compl\u00e8tement le clapet et le feu s&#8217;\u00e9teindra de lui-m\u00eame lorsque tout le combustible du po\u00eale aura br\u00fbl\u00e9. <\/p>\n<p>&nbsp;<\/p>\n<p><strong>Q : Comment le nettoyer ?<\/strong><\/p>\n<p>R : Essuyez la vitre avec un chiffon humide lorsque le po\u00eale est froid. Grattez entre les barres du pot \u00e0 feu lorsque l&#8217;espace entre elles est obstru\u00e9 et ne permet pas \u00e0 l&#8217;air de passer librement. Vous ne devrez vider le cendrier qu&#8217;une fois toutes les 4 ou 5 utilisations. Ne videz le cendrier que lorsque le po\u00eale est \u00e9teint et \u00e0 temp\u00e9rature ambiante. Jetez les cendres dans un endroit s\u00fbr, \u00e0 l&#8217;\u00e9cart de tout combustible.    <\/p>\n<p>&nbsp;<\/p>\n<p><strong>Q : Quel est son poids ?<\/strong><\/p>\n<p>A : Revere &#8211; 31 kg<\/p>\n<p>Big Timber &#8211; 30 kg<\/p>\n<p>Lil Timber &#8211; 27 kg<\/p>\n<p>&nbsp;<\/p>\n<p><strong>Q : Quelle est la temp\u00e9rature de l&#8217;eau ?<\/strong><\/p>\n<p>R : Nous observons un rendement de 90 000 BTU pour les po\u00eales Big Timber et Revere et de 72 000 BTU pour le po\u00eale Lil Timber. La puissance r\u00e9elle varie en fonction de la qualit\u00e9 des granul\u00e9s que vous achetez. Nous recommandons un granul\u00e9 de bois tendre d&#8217;une valeur de 8 000 BTU\/lb ou plus pour un fonctionnement et une production de chaleur optimaux. (1 BTU \u00e9quivaut \u00e0 0,00029307107 kWh et 1 BTU \u00e9quivaut \u00e0 1 055 Joules).<\/p>\n<p>&nbsp;<\/p>\n<p><strong>Q : Dois-je l&#8217;assembler ?<\/strong><\/p>\n<blockquote><\/blockquote>\n<p>R : Oui, un assemblage partiel est n\u00e9cessaire. Vous trouverez une vid\u00e9o d&#8217;assemblage sur notre cha\u00eene youtube &#8211; Wood Pellet Products <\/p>\n<p><strong>Q : Quelle est la dur\u00e9e de vie d&#8217;un sac de granul\u00e9s ?<\/strong><\/p>\n<p>R : Vous devriez obtenir une dur\u00e9e de combustion d&#8217;environ 5 heures pour un sac de 20 kg de granul\u00e9s de haute qualit\u00e9. La dur\u00e9e de combustion approximative pour une tr\u00e9mie pleine est de 2,5 heures pour le Revere, 2 heures pour le Big Timber et 1,5 heure pour le Lil Timber. L&#8217;extension de tr\u00e9mie ajoutera 1,5 heure suppl\u00e9mentaire par extension.  <\/p>\n<p>&nbsp;<\/p>\n<p><strong>Q : Puis-je utiliser plus d&#8217;une extension de tr\u00e9mie ?<\/strong><\/p>\n<p>R : Oui, mais nous vous recommandons d&#8217;utiliser l&#8217;une de nos plaques de poids si vous utilisez plus d&#8217;une extension.<\/p>\n<p>&nbsp;<\/p>\n<p><strong>Q : Mon appareil de chauffage ne chauffe pas, que puis-je faire pour y rem\u00e9dier ?<\/strong><\/p>\n<p>R : Si vous avez des probl\u00e8mes de rendement calorifique, il s&#8217;agit probablement du combustible. Achetez des granul\u00e9s qui ont la plus haute valeur BTU, qui devrait \u00eatre indiqu\u00e9e sur les sacs. Nous recommandons une valeur d&#8217;au moins 8 000 BTU\/lb. Recherchez des granul\u00e9s fabriqu\u00e9s \u00e0 partir de sapins.   <\/p>\n<p>L&#8217;entretien r\u00e9gulier de votre chauffage de terrasse vous permettra d&#8217;obtenir des performances optimales. Il s&#8217;agit notamment de nettoyer le foyer en grattant entre les barreaux, de vider le bac \u00e0 cendres et de s&#8217;assurer que les mailles du pare-\u00e9tincelles sont exemptes de d\u00e9bris afin que le po\u00eale puisse respirer. Vous trouverez une vid\u00e9o sur l&#8217;entretien sur notre cha\u00eene YouTube Wood Pellet Products.  <\/p>\n<p>[\/et_pb_text][\/et_pb_column][\/et_pb_row][et_pb_row _builder_version=&#8221;4.27.5&#8243; _module_preset=&#8221;default&#8221; global_colors_info=&#8221;{}&#8221;][et_pb_column type=&#8221;4_4&#8243; _builder_version=&#8221;4.27.5&#8243; _module_preset=&#8221;default&#8221; global_colors_info=&#8221;{}&#8221;][et_pb_accordion _builder_version=&#8221;4.27.5&#8243; _module_preset=&#8221;default&#8221; toggle_text_color=&#8221;gcid-primary-color&#8221; border_radii=&#8221;on|3px|3px|3px|3px&#8221; global_colors_info=&#8221;{%22gcid-primary-color%22:%91%22toggle_text_color%22%93}&#8221;][et_pb_accordion_item title=&#8221;Puis-je utiliser du bois normal dans mon po\u00eale ?&#8221; _builder_version=&#8221;4.27.5&#8243; _module_preset=&#8221;default&#8221; global_colors_info=&#8221;{}&#8221; open=&#8221;on&#8221;]<\/p>\n<p>Non. Il est con\u00e7u uniquement pour br\u00fbler des granul\u00e9s de bois. <\/p>\n<p>[\/et_pb_accordion_item][et_pb_accordion_item title=&#8221;Le po\u00eale peut-il \u00eatre utilis\u00e9 sur une terrasse en bois ou en Trex ?&#8221; _builder_version=&#8221;4.27.5&#8243; _module_preset=&#8221;default&#8221; global_colors_info=&#8221;{}&#8221; open=&#8221;off&#8221;]<\/p>\n<p>Oui, les po\u00eales Timber peuvent \u00eatre utilis\u00e9s sur des terrasses en bois ou en Trex, mais ils doivent \u00eatre pos\u00e9s sur un tapis de gril ou un coussin chauffant.<\/p>\n<p>[\/et_pb_accordion_item][et_pb_accordion_item title=&#8221;Puis-je l&apos;utiliser dans mon patio ferm\u00e9 ?&#8221; _builder_version=&#8221;4.27.5&#8243; _module_preset=&#8221;default&#8221; global_colors_info=&#8221;{}&#8221; open=&#8221;off&#8221;]<\/p>\n<p>Oui, \u00e0 condition que vous disposiez d&#8217;une ventilation ad\u00e9quate et que vous respectiez une distance d&#8217;un m\u00e8tre par rapport aux mat\u00e9riaux combustibles au-dessus du r\u00e9flecteur sup\u00e9rieur. Le tuyau du po\u00eale peut \u00e9galement \u00eatre ajust\u00e9 pour s&#8217;adapter \u00e0 des hauteurs de toit plus faibles. La r\u00e9duction du tuyau de po\u00eale aura une l\u00e9g\u00e8re incidence sur le rendement. La chaleur sera r\u00e9duite de 120 degr\u00e9s Celsius pour chaque m\u00e8tre retir\u00e9. Notez que, bien que le po\u00eale n&#8217;\u00e9mette pas beaucoup de fum\u00e9e, de la suie finira par appara\u00eetre au-dessus du po\u00eale.    <\/p>\n<p>[\/et_pb_accordion_item][et_pb_accordion_item title=&#8221;Comment faire pour que les granul\u00e9s commencent \u00e0 br\u00fbler ?&#8221; _builder_version=&#8221;4.27.5&#8243; _module_preset=&#8221;default&#8221; global_colors_info=&#8221;{}&#8221; open=&#8221;off&#8221;]<\/p>\n<p>Un bon choix d&#8217;allume-feu serait le gel de feu ou l&#8217;essence \u00e0 briquet pour charbon de bois. Ajoutez 1 \u00e0 2 cuill\u00e8res \u00e0 soupe sur le dessus des granul\u00e9s \u00e0 l&#8217;int\u00e9rieur du po\u00eale apr\u00e8s avoir retir\u00e9 la cl\u00e9 d&#8217;arr\u00eat de votre tr\u00e9mie. Allumez le feu \u00e0 l&#8217;aide d&#8217;une longue allumette ou d&#8217;un briquet de barbecue.  <\/p>\n<p>[\/et_pb_accordion_item][et_pb_accordion_item title=&#8221;Comment \u00e9teindre la cuisini\u00e8re ?&#8221; _builder_version=&#8221;4.27.5&#8243; _module_preset=&#8221;default&#8221; global_colors_info=&#8221;{}&#8221; open=&#8221;off&#8221;]<\/p>\n<p>Ins\u00e9rez la cl\u00e9 d&#8217;arr\u00eat dans la fente horizontale situ\u00e9e \u00e0 la base de la tr\u00e9mie. Ouvrez compl\u00e8tement le clapet et le feu s&#8217;\u00e9teindra de lui-m\u00eame lorsque tout le combustible du po\u00eale aura br\u00fbl\u00e9. <\/p>\n<p>[\/et_pb_accordion_item][et_pb_accordion_item title=&#8221;Comment le nettoyer ?&#8221; _builder_version=&#8221;4.27.5&#8243; _module_preset=&#8221;default&#8221; global_colors_info=&#8221;{}&#8221; open=&#8221;off&#8221;]<\/p>\n<p>Essuyez la vitre avec un chiffon humide lorsque le po\u00eale est froid. Grattez entre les barres du pot \u00e0 feu lorsque l&#8217;espace entre elles est obstru\u00e9 et ne permet pas \u00e0 l&#8217;air de passer librement. Vous ne devrez vider le cendrier qu&#8217;une fois toutes les 4 ou 5 utilisations. Ne videz le cendrier que lorsque le po\u00eale est \u00e9teint et \u00e0 temp\u00e9rature ambiante. Jetez les cendres dans un endroit s\u00fbr, \u00e0 l&#8217;\u00e9cart de tout combustible.    <\/p>\n<p>[\/et_pb_accordion_item][et_pb_accordion_item title=&#8221;Quel est son poids ?&#8221; _builder_version=&#8221;4.27.5&#8243; _module_preset=&#8221;default&#8221; global_colors_info=&#8221;{}&#8221; open=&#8221;off&#8221;]<\/p>\n<p>Revere &#8211; 31 kg<\/p>\n<p>Big Timber &#8211; 30 kg<\/p>\n<p>Lil Timber &#8211; 27 kg<\/p>\n<p>[\/et_pb_accordion_item][et_pb_accordion_item title=&#8221;Quelle est la temp\u00e9rature ?&#8221; open=&#8221;off&#8221; _builder_version=&#8221;4.27.5&#8243; _module_preset=&#8221;default&#8221; global_colors_info=&#8221;{}&#8221;]<\/p>\n<p>Nous avons observ\u00e9 un rendement de 90 000 BTU pour les po\u00eales Big Timber et Revere et de 72 000 BTU pour le po\u00eale Lil Timber. La puissance r\u00e9elle varie en fonction de la qualit\u00e9 des granul\u00e9s que vous achetez. Nous recommandons un granul\u00e9 de bois tendre d&#8217;une valeur de 8 000 BTU\/lb ou plus pour un fonctionnement et un rendement thermique optimaux. (1 BTU \u00e9quivaut \u00e0 0,00029307107 kWh et 1 BTU \u00e9quivaut \u00e0 1 055 Joules).<\/p>\n<p>[\/et_pb_accordion_item][et_pb_accordion_item title=&#8221;Dois-je l&apos;assembler ?&#8221; _builder_version=&#8221;4.27.5&#8243; _module_preset=&#8221;default&#8221; global_colors_info=&#8221;{}&#8221; open=&#8221;off&#8221;]<\/p>\n<p>Oui, un assemblage partiel est n\u00e9cessaire. Il y a une vid\u00e9o d&#8217;assemblage sur notre canal youtube &#8211; Wood Pellet Products <\/p>\n<p>[\/et_pb_accordion_item][et_pb_accordion_item title=&#8221;Quelle est la dur\u00e9e de vie d&apos;un sac de granul\u00e9s ?&#8221; _builder_version=&#8221;4.27.5&#8243; _module_preset=&#8221;default&#8221; global_colors_info=&#8221;{}&#8221; open=&#8221;off&#8221;]<\/p>\n<p>Vous devriez obtenir une dur\u00e9e de combustion d&#8217;environ 5 heures pour un sac de 20 kg de granul\u00e9s de haute qualit\u00e9. La dur\u00e9e de combustion approximative pour une tr\u00e9mie pleine est de 2,5 heures pour le Revere, 2 heures pour le Big Timber et 1,5 heure pour le Lil Timber. L&#8217;extension de tr\u00e9mie ajoutera 1,5 heure suppl\u00e9mentaire par extension.  <\/p>\n<p>[\/et_pb_accordion_item][et_pb_accordion_item title=&#8221;Puis-je utiliser plus d&apos;une extension de tr\u00e9mie ?&#8221; _builder_version=&#8221;4.27.5&#8243; _module_preset=&#8221;default&#8221; global_colors_info=&#8221;{}&#8221; open=&#8221;off&#8221;]<\/p>\n<p>Oui, mais nous vous recommandons d&#8217;utiliser l&#8217;une de nos plaques de poids si vous utilisez plus d&#8217;une extension.<\/p>\n<p>[\/et_pb_accordion_item][et_pb_accordion_item title=&#8221;Mon appareil de chauffage ne chauffe pas, que puis-je faire pour y rem\u00e9dier ?&#8221; _builder_version=&#8221;4.27.5&#8243; _module_preset=&#8221;default&#8221; global_colors_info=&#8221;{}&#8221; open=&#8221;off&#8221;]<\/p>\n<p>Si vous avez des probl\u00e8mes de rendement calorifique, il s&#8217;agit probablement du combustible. Achetez des granul\u00e9s qui ont la plus haute valeur BTU, qui devrait \u00eatre indiqu\u00e9e sur les sacs. Nous recommandons une valeur d&#8217;au moins 8 000 BTU\/lb. Recherchez des granul\u00e9s fabriqu\u00e9s \u00e0 partir de sapins.   <\/p>\n<p>L&#8217;entretien r\u00e9gulier de votre chauffage de terrasse vous permettra d&#8217;obtenir des performances optimales. Il s&#8217;agit notamment de nettoyer le foyer en grattant entre les barreaux, de vider le bac \u00e0 cendres et de s&#8217;assurer que les mailles du pare-\u00e9tincelles sont exemptes de d\u00e9bris afin que le po\u00eale puisse respirer. Vous trouverez une vid\u00e9o sur l&#8217;entretien sur notre cha\u00eene YouTube Wood Pellet Products.  <\/p>\n<p>[\/et_pb_accordion_item][\/et_pb_accordion][\/et_pb_column][\/et_pb_row][\/et_pb_section]<\/p>\n","protected":false},"excerpt":{"rendered":"<p>Questions courantesQ : Puis-je utiliser du bois normal dans mon po\u00eale ? R : Non. Il est con\u00e7u uniquement pour br\u00fbler des granul\u00e9s de bois. &nbsp; Q : Le po\u00eale peut-il \u00eatre utilis\u00e9 sur une terrasse en bois ou en Trex ? R : Oui, les po\u00eales Timber peuvent \u00eatre utilis\u00e9s sur des terrasses en [&hellip;]<\/p>\n","protected":false},"author":2238,"featured_media":0,"parent":0,"menu_order":0,"comment_status":"closed","ping_status":"closed","template":"","meta":{"_et_pb_use_builder":"on","_et_pb_old_content":"","_et_gb_content_width":"","footnotes":""},"class_list":["post-259193","page","type-page","status-publish","hentry"],"yoast_head":"<!-- This site is optimized with the Yoast SEO plugin v27.6 - https:\/\/yoast.com\/product\/yoast-seo-wordpress\/ -->\n<title>Questions courantes sur les chauffages de terrasse aux granul\u00e9s de bois<\/title>\n<meta name=\"description\" content=\"Questions et r\u00e9ponses sur les chauffages de terrasse \u00e0 granul\u00e9s de bois. D\u00e9couvrez pourquoi les chauffages Timber sont les meilleurs chauffages ext\u00e9rieurs du march\u00e9.\" \/>\n<meta name=\"robots\" content=\"index, follow, max-snippet:-1, max-image-preview:large, max-video-preview:-1\" \/>\n<link rel=\"canonical\" href=\"https:\/\/timberstoves.eu\/fr\/questions-courantes\/\" \/>\n<meta property=\"og:locale\" content=\"fr_FR\" \/>\n<meta property=\"og:type\" content=\"article\" \/>\n<meta property=\"og:title\" content=\"Questions courantes sur les chauffages de terrasse aux granul\u00e9s de bois\" \/>\n<meta property=\"og:description\" content=\"Questions et r\u00e9ponses sur les chauffages de terrasse \u00e0 granul\u00e9s de bois. D\u00e9couvrez pourquoi les chauffages Timber sont les meilleurs chauffages ext\u00e9rieurs du march\u00e9.\" \/>\n<meta property=\"og:url\" content=\"https:\/\/timberstoves.eu\/fr\/questions-courantes\/\" \/>\n<meta property=\"og:site_name\" content=\"Timber Stoves Europe B.V. | Wood Pellet Fired Patio Heaters |\" \/>\n<meta property=\"article:publisher\" content=\"https:\/\/www.facebook.com\/Timberstoves\/\" \/>\n<meta property=\"article:modified_time\" content=\"2026-03-27T08:50:38+00:00\" \/>\n<meta name=\"twitter:card\" content=\"summary_large_image\" \/>\n<meta name=\"twitter:site\" content=\"@TimberstovesEU\" \/>\n<meta name=\"twitter:label1\" content=\"Dur\u00e9e de lecture estim\u00e9e\" \/>\n\t<meta name=\"twitter:data1\" content=\"10 minutes\" \/>\n<script type=\"application\/ld+json\" class=\"yoast-schema-graph\">{\"@context\":\"https:\\\/\\\/schema.org\",\"@graph\":[{\"@type\":\"WebPage\",\"@id\":\"https:\\\/\\\/timberstoves.eu\\\/fr\\\/questions-courantes\\\/\",\"url\":\"https:\\\/\\\/timberstoves.eu\\\/fr\\\/questions-courantes\\\/\",\"name\":\"Questions courantes sur les chauffages de terrasse aux granul\u00e9s de bois\",\"isPartOf\":{\"@id\":\"https:\\\/\\\/timberstoves.eu\\\/fr\\\/#website\"},\"datePublished\":\"2020-10-01T07:21:59+00:00\",\"dateModified\":\"2026-03-27T08:50:38+00:00\",\"description\":\"Questions et r\u00e9ponses sur les chauffages de terrasse \u00e0 granul\u00e9s de bois. D\u00e9couvrez pourquoi les chauffages Timber sont les meilleurs chauffages ext\u00e9rieurs du march\u00e9.\",\"breadcrumb\":{\"@id\":\"https:\\\/\\\/timberstoves.eu\\\/fr\\\/questions-courantes\\\/#breadcrumb\"},\"inLanguage\":\"fr-FR\",\"potentialAction\":[{\"@type\":\"ReadAction\",\"target\":[\"https:\\\/\\\/timberstoves.eu\\\/fr\\\/questions-courantes\\\/\"]}]},{\"@type\":\"BreadcrumbList\",\"@id\":\"https:\\\/\\\/timberstoves.eu\\\/fr\\\/questions-courantes\\\/#breadcrumb\",\"itemListElement\":[{\"@type\":\"ListItem\",\"position\":1,\"name\":\"Home\",\"item\":\"https:\\\/\\\/timberstoves.eu\\\/fr\\\/accueil\\\/\"},{\"@type\":\"ListItem\",\"position\":2,\"name\":\"Questions courantes\"}]},{\"@type\":\"WebSite\",\"@id\":\"https:\\\/\\\/timberstoves.eu\\\/fr\\\/#website\",\"url\":\"https:\\\/\\\/timberstoves.eu\\\/fr\\\/\",\"name\":\"Timber Stoves Europe B.V. | Wood Pellet Fired Patio Heaters |\",\"description\":\"Wood Pellet Patio Heaters.\",\"publisher\":{\"@id\":\"https:\\\/\\\/timberstoves.eu\\\/fr\\\/#organization\"},\"potentialAction\":[{\"@type\":\"SearchAction\",\"target\":{\"@type\":\"EntryPoint\",\"urlTemplate\":\"https:\\\/\\\/timberstoves.eu\\\/fr\\\/?s={search_term_string}\"},\"query-input\":{\"@type\":\"PropertyValueSpecification\",\"valueRequired\":true,\"valueName\":\"search_term_string\"}}],\"inLanguage\":\"fr-FR\"},{\"@type\":\"Organization\",\"@id\":\"https:\\\/\\\/timberstoves.eu\\\/fr\\\/#organization\",\"name\":\"Timber Stoves Europe B.V.\",\"url\":\"https:\\\/\\\/timberstoves.eu\\\/fr\\\/\",\"logo\":{\"@type\":\"ImageObject\",\"inLanguage\":\"fr-FR\",\"@id\":\"https:\\\/\\\/timberstoves.eu\\\/fr\\\/#\\\/schema\\\/logo\\\/image\\\/\",\"url\":\"https:\\\/\\\/timberstoves.eu\\\/wp-content\\\/uploads\\\/2023\\\/10\\\/TIMBER2.jpg\",\"contentUrl\":\"https:\\\/\\\/timberstoves.eu\\\/wp-content\\\/uploads\\\/2023\\\/10\\\/TIMBER2.jpg\",\"width\":300,\"height\":268,\"caption\":\"Timber Stoves Europe B.V.\"},\"image\":{\"@id\":\"https:\\\/\\\/timberstoves.eu\\\/fr\\\/#\\\/schema\\\/logo\\\/image\\\/\"},\"sameAs\":[\"https:\\\/\\\/www.facebook.com\\\/Timberstoves\\\/\",\"https:\\\/\\\/x.com\\\/TimberstovesEU\",\"https:\\\/\\\/www.instagram.com\\\/timberstoves_europe\\\/\"]}]}<\/script>\n<!-- \/ Yoast SEO plugin. -->","yoast_head_json":{"title":"Questions courantes sur les chauffages de terrasse aux granul\u00e9s de bois","description":"Questions et r\u00e9ponses sur les chauffages de terrasse \u00e0 granul\u00e9s de bois. D\u00e9couvrez pourquoi les chauffages Timber sont les meilleurs chauffages ext\u00e9rieurs du march\u00e9.","robots":{"index":"index","follow":"follow","max-snippet":"max-snippet:-1","max-image-preview":"max-image-preview:large","max-video-preview":"max-video-preview:-1"},"canonical":"https:\/\/timberstoves.eu\/fr\/questions-courantes\/","og_locale":"fr_FR","og_type":"article","og_title":"Questions courantes sur les chauffages de terrasse aux granul\u00e9s de bois","og_description":"Questions et r\u00e9ponses sur les chauffages de terrasse \u00e0 granul\u00e9s de bois. D\u00e9couvrez pourquoi les chauffages Timber sont les meilleurs chauffages ext\u00e9rieurs du march\u00e9.","og_url":"https:\/\/timberstoves.eu\/fr\/questions-courantes\/","og_site_name":"Timber Stoves Europe B.V. | Wood Pellet Fired Patio Heaters |","article_publisher":"https:\/\/www.facebook.com\/Timberstoves\/","article_modified_time":"2026-03-27T08:50:38+00:00","twitter_card":"summary_large_image","twitter_site":"@TimberstovesEU","twitter_misc":{"Dur\u00e9e de lecture estim\u00e9e":"10 minutes"},"schema":{"@context":"https:\/\/schema.org","@graph":[{"@type":"WebPage","@id":"https:\/\/timberstoves.eu\/fr\/questions-courantes\/","url":"https:\/\/timberstoves.eu\/fr\/questions-courantes\/","name":"Questions courantes sur les chauffages de terrasse aux granul\u00e9s de bois","isPartOf":{"@id":"https:\/\/timberstoves.eu\/fr\/#website"},"datePublished":"2020-10-01T07:21:59+00:00","dateModified":"2026-03-27T08:50:38+00:00","description":"Questions et r\u00e9ponses sur les chauffages de terrasse \u00e0 granul\u00e9s de bois. D\u00e9couvrez pourquoi les chauffages Timber sont les meilleurs chauffages ext\u00e9rieurs du march\u00e9.","breadcrumb":{"@id":"https:\/\/timberstoves.eu\/fr\/questions-courantes\/#breadcrumb"},"inLanguage":"fr-FR","potentialAction":[{"@type":"ReadAction","target":["https:\/\/timberstoves.eu\/fr\/questions-courantes\/"]}]},{"@type":"BreadcrumbList","@id":"https:\/\/timberstoves.eu\/fr\/questions-courantes\/#breadcrumb","itemListElement":[{"@type":"ListItem","position":1,"name":"Home","item":"https:\/\/timberstoves.eu\/fr\/accueil\/"},{"@type":"ListItem","position":2,"name":"Questions courantes"}]},{"@type":"WebSite","@id":"https:\/\/timberstoves.eu\/fr\/#website","url":"https:\/\/timberstoves.eu\/fr\/","name":"Timber Stoves Europe B.V. | Wood Pellet Fired Patio Heaters |","description":"Wood Pellet Patio Heaters.","publisher":{"@id":"https:\/\/timberstoves.eu\/fr\/#organization"},"potentialAction":[{"@type":"SearchAction","target":{"@type":"EntryPoint","urlTemplate":"https:\/\/timberstoves.eu\/fr\/?s={search_term_string}"},"query-input":{"@type":"PropertyValueSpecification","valueRequired":true,"valueName":"search_term_string"}}],"inLanguage":"fr-FR"},{"@type":"Organization","@id":"https:\/\/timberstoves.eu\/fr\/#organization","name":"Timber Stoves Europe B.V.","url":"https:\/\/timberstoves.eu\/fr\/","logo":{"@type":"ImageObject","inLanguage":"fr-FR","@id":"https:\/\/timberstoves.eu\/fr\/#\/schema\/logo\/image\/","url":"https:\/\/timberstoves.eu\/wp-content\/uploads\/2023\/10\/TIMBER2.jpg","contentUrl":"https:\/\/timberstoves.eu\/wp-content\/uploads\/2023\/10\/TIMBER2.jpg","width":300,"height":268,"caption":"Timber Stoves Europe B.V."},"image":{"@id":"https:\/\/timberstoves.eu\/fr\/#\/schema\/logo\/image\/"},"sameAs":["https:\/\/www.facebook.com\/Timberstoves\/","https:\/\/x.com\/TimberstovesEU","https:\/\/www.instagram.com\/timberstoves_europe\/"]}]}},"_links":{"self":[{"href":"https:\/\/timberstoves.eu\/fr\/wp-json\/wp\/v2\/pages\/259193","targetHints":{"allow":["GET"]}}],"collection":[{"href":"https:\/\/timberstoves.eu\/fr\/wp-json\/wp\/v2\/pages"}],"about":[{"href":"https:\/\/timberstoves.eu\/fr\/wp-json\/wp\/v2\/types\/page"}],"author":[{"embeddable":true,"href":"https:\/\/timberstoves.eu\/fr\/wp-json\/wp\/v2\/users\/2238"}],"replies":[{"embeddable":true,"href":"https:\/\/timberstoves.eu\/fr\/wp-json\/wp\/v2\/comments?post=259193"}],"version-history":[{"count":0,"href":"https:\/\/timberstoves.eu\/fr\/wp-json\/wp\/v2\/pages\/259193\/revisions"}],"wp:attachment":[{"href":"https:\/\/timberstoves.eu\/fr\/wp-json\/wp\/v2\/media?parent=259193"}],"curies":[{"name":"wp","href":"https:\/\/api.w.org\/{rel}","templated":true}]}}