{"id":259145,"date":"2023-04-12T10:06:56","date_gmt":"2023-04-12T17:06:56","guid":{"rendered":"https:\/\/timberstoves.eu\/product\/marmite-en-acier-inoxydable-serie-300\/"},"modified":"2026-03-27T09:48:53","modified_gmt":"2026-03-27T08:48:53","slug":"marmite-en-acier-inoxydable-serie-300","status":"publish","type":"product","link":"https:\/\/timberstoves.eu\/fr\/produit\/marmite-en-acier-inoxydable-serie-300\/","title":{"rendered":"Marmite en acier inoxydable s\u00e9rie 300"},"content":{"rendered":"<p>Le nouveau foyer en acier inoxydable dure environ deux fois plus longtemps que le foyer original en acier doux. Les parois lat\u00e9rales et la tige sont fabriqu\u00e9es \u00e0 partir d&#8217;un alliage sp\u00e9cial d&#8217;acier inoxydable haute temp\u00e9rature con\u00e7u pour r\u00e9sister \u00e0 des temp\u00e9ratures allant jusqu&#8217;\u00e0 1150\u00b0C. La dur\u00e9e d&#8217;utilisation est estim\u00e9e \u00e0 1000 heures avant le remplacement.  <\/p>\n","protected":false},"excerpt":{"rendered":"<p>Le nouveau foyer en acier inoxydable dure environ deux fois plus longtemps que le foyer original en acier doux. Les parois lat\u00e9rales et la tige sont fabriqu\u00e9es \u00e0 partir d&#8217;un alliage sp\u00e9cial d&#8217;acier inoxydable haute temp\u00e9rature con\u00e7u pour r\u00e9sister \u00e0 des temp\u00e9ratures allant jusqu&#8217;\u00e0 1150\u00b0C. La dur\u00e9e d&#8217;utilisation est estim\u00e9e \u00e0 1000 heures avant le [&hellip;]<\/p>\n","protected":false},"featured_media":259146,"comment_status":"closed","ping_status":"closed","template":"","meta":{"_et_pb_use_builder":"","_et_pb_old_content":"","_et_gb_content_width":""},"product_brand":[],"product_cat":[179],"product_tag":[],"class_list":{"0":"post-259145","1":"product","2":"type-product","3":"status-publish","4":"has-post-thumbnail","6":"product_cat-non-classe","7":"product_shipping_class-accessoires","9":"first","10":"instock","11":"taxable","12":"shipping-taxable","13":"purchasable","14":"product-type-simple"},"yoast_head":"<!-- This site is optimized with the Yoast SEO plugin v27.6 - https:\/\/yoast.com\/product\/yoast-seo-wordpress\/ -->\n<title>Marmite en acier inoxydable s\u00e9rie 300 %sep%%% Po\u00eales \u00e0 bois<\/title>\n<meta name=\"robots\" content=\"index, follow, max-snippet:-1, max-image-preview:large, max-video-preview:-1\" \/>\n<link rel=\"canonical\" href=\"https:\/\/timberstoves.eu\/fr\/produit\/marmite-en-acier-inoxydable-serie-300\/\" \/>\n<meta property=\"og:locale\" content=\"fr_FR\" \/>\n<meta property=\"og:type\" content=\"article\" \/>\n<meta property=\"og:title\" content=\"Marmite en acier inoxydable s\u00e9rie 300 %sep%%% Po\u00eales \u00e0 bois\" \/>\n<meta property=\"og:description\" content=\"Le nouveau foyer en acier inoxydable dure environ deux fois plus longtemps que le foyer original en acier doux. Les parois lat\u00e9rales et la tige sont fabriqu\u00e9es \u00e0 partir d&#8217;un alliage sp\u00e9cial d&#8217;acier inoxydable haute temp\u00e9rature con\u00e7u pour r\u00e9sister \u00e0 des temp\u00e9ratures allant jusqu&#8217;\u00e0 1150\u00b0C. La dur\u00e9e d&#8217;utilisation est estim\u00e9e \u00e0 1000 heures avant le [&hellip;]\" \/>\n<meta property=\"og:url\" content=\"https:\/\/timberstoves.eu\/fr\/produit\/marmite-en-acier-inoxydable-serie-300\/\" \/>\n<meta property=\"og:site_name\" content=\"Timber Stoves Europe B.V. | Wood Pellet Fired Patio Heaters |\" \/>\n<meta property=\"article:publisher\" content=\"https:\/\/www.facebook.com\/Timberstoves\/\" \/>\n<meta property=\"article:modified_time\" content=\"2026-03-27T08:48:53+00:00\" \/>\n<meta property=\"og:image\" content=\"https:\/\/timberstoves.eu\/wp-content\/uploads\/2023\/04\/300-series-firepot.jpg\" \/>\n\t<meta property=\"og:image:width\" content=\"1500\" \/>\n\t<meta property=\"og:image:height\" content=\"1500\" \/>\n\t<meta property=\"og:image:type\" content=\"image\/jpeg\" \/>\n<meta name=\"twitter:card\" content=\"summary_large_image\" \/>\n<meta name=\"twitter:site\" content=\"@TimberstovesEU\" \/>\n<script type=\"application\/ld+json\" class=\"yoast-schema-graph\">{\"@context\":\"https:\\\/\\\/schema.org\",\"@graph\":[{\"@type\":\"WebPage\",\"@id\":\"https:\\\/\\\/timberstoves.eu\\\/fr\\\/produit\\\/marmite-en-acier-inoxydable-serie-300\\\/\",\"url\":\"https:\\\/\\\/timberstoves.eu\\\/fr\\\/produit\\\/marmite-en-acier-inoxydable-serie-300\\\/\",\"name\":\"Marmite en acier inoxydable s\u00e9rie 300 %sep%%% Po\u00eales \u00e0 bois\",\"isPartOf\":{\"@id\":\"https:\\\/\\\/timberstoves.eu\\\/fr\\\/#website\"},\"primaryImageOfPage\":{\"@id\":\"https:\\\/\\\/timberstoves.eu\\\/fr\\\/produit\\\/marmite-en-acier-inoxydable-serie-300\\\/#primaryimage\"},\"image\":{\"@id\":\"https:\\\/\\\/timberstoves.eu\\\/fr\\\/produit\\\/marmite-en-acier-inoxydable-serie-300\\\/#primaryimage\"},\"thumbnailUrl\":\"https:\\\/\\\/timberstoves.eu\\\/wp-content\\\/uploads\\\/2023\\\/04\\\/300-series-firepot.jpg\",\"datePublished\":\"2023-04-12T17:06:56+00:00\",\"dateModified\":\"2026-03-27T08:48:53+00:00\",\"breadcrumb\":{\"@id\":\"https:\\\/\\\/timberstoves.eu\\\/fr\\\/produit\\\/marmite-en-acier-inoxydable-serie-300\\\/#breadcrumb\"},\"inLanguage\":\"fr-FR\",\"potentialAction\":[{\"@type\":\"ReadAction\",\"target\":[\"https:\\\/\\\/timberstoves.eu\\\/fr\\\/produit\\\/marmite-en-acier-inoxydable-serie-300\\\/\"]}]},{\"@type\":\"ImageObject\",\"inLanguage\":\"fr-FR\",\"@id\":\"https:\\\/\\\/timberstoves.eu\\\/fr\\\/produit\\\/marmite-en-acier-inoxydable-serie-300\\\/#primaryimage\",\"url\":\"https:\\\/\\\/timberstoves.eu\\\/wp-content\\\/uploads\\\/2023\\\/04\\\/300-series-firepot.jpg\",\"contentUrl\":\"https:\\\/\\\/timberstoves.eu\\\/wp-content\\\/uploads\\\/2023\\\/04\\\/300-series-firepot.jpg\",\"width\":1500,\"height\":1500,\"caption\":\"Un foyer en acier inoxydable pour le Timber Patio Heater\"},{\"@type\":\"BreadcrumbList\",\"@id\":\"https:\\\/\\\/timberstoves.eu\\\/fr\\\/produit\\\/marmite-en-acier-inoxydable-serie-300\\\/#breadcrumb\",\"itemListElement\":[{\"@type\":\"ListItem\",\"position\":1,\"name\":\"Home\",\"item\":\"https:\\\/\\\/timberstoves.eu\\\/fr\\\/accueil\\\/\"},{\"@type\":\"ListItem\",\"position\":2,\"name\":\"Boutique\",\"item\":\"https:\\\/\\\/timberstoves.eu\\\/fr\\\/?page_id=259141\"},{\"@type\":\"ListItem\",\"position\":3,\"name\":\"Marmite en acier inoxydable s\u00e9rie 300\"}]},{\"@type\":\"WebSite\",\"@id\":\"https:\\\/\\\/timberstoves.eu\\\/fr\\\/#website\",\"url\":\"https:\\\/\\\/timberstoves.eu\\\/fr\\\/\",\"name\":\"Timber Stoves Europe B.V. | Wood Pellet Fired Patio Heaters |\",\"description\":\"Wood Pellet Patio Heaters.\",\"publisher\":{\"@id\":\"https:\\\/\\\/timberstoves.eu\\\/fr\\\/#organization\"},\"potentialAction\":[{\"@type\":\"SearchAction\",\"target\":{\"@type\":\"EntryPoint\",\"urlTemplate\":\"https:\\\/\\\/timberstoves.eu\\\/fr\\\/?s={search_term_string}\"},\"query-input\":{\"@type\":\"PropertyValueSpecification\",\"valueRequired\":true,\"valueName\":\"search_term_string\"}}],\"inLanguage\":\"fr-FR\"},{\"@type\":\"Organization\",\"@id\":\"https:\\\/\\\/timberstoves.eu\\\/fr\\\/#organization\",\"name\":\"Timber Stoves Europe B.V.\",\"url\":\"https:\\\/\\\/timberstoves.eu\\\/fr\\\/\",\"logo\":{\"@type\":\"ImageObject\",\"inLanguage\":\"fr-FR\",\"@id\":\"https:\\\/\\\/timberstoves.eu\\\/fr\\\/#\\\/schema\\\/logo\\\/image\\\/\",\"url\":\"https:\\\/\\\/timberstoves.eu\\\/wp-content\\\/uploads\\\/2023\\\/10\\\/TIMBER2.jpg\",\"contentUrl\":\"https:\\\/\\\/timberstoves.eu\\\/wp-content\\\/uploads\\\/2023\\\/10\\\/TIMBER2.jpg\",\"width\":300,\"height\":268,\"caption\":\"Timber Stoves Europe B.V.\"},\"image\":{\"@id\":\"https:\\\/\\\/timberstoves.eu\\\/fr\\\/#\\\/schema\\\/logo\\\/image\\\/\"},\"sameAs\":[\"https:\\\/\\\/www.facebook.com\\\/Timberstoves\\\/\",\"https:\\\/\\\/x.com\\\/TimberstovesEU\",\"https:\\\/\\\/www.instagram.com\\\/timberstoves_europe\\\/\"]}]}<\/script>\n<!-- \/ Yoast SEO plugin. -->","yoast_head_json":{"title":"Marmite en acier inoxydable s\u00e9rie 300 %sep%%% Po\u00eales \u00e0 bois","robots":{"index":"index","follow":"follow","max-snippet":"max-snippet:-1","max-image-preview":"max-image-preview:large","max-video-preview":"max-video-preview:-1"},"canonical":"https:\/\/timberstoves.eu\/fr\/produit\/marmite-en-acier-inoxydable-serie-300\/","og_locale":"fr_FR","og_type":"article","og_title":"Marmite en acier inoxydable s\u00e9rie 300 %sep%%% Po\u00eales \u00e0 bois","og_description":"Le nouveau foyer en acier inoxydable dure environ deux fois plus longtemps que le foyer original en acier doux. Les parois lat\u00e9rales et la tige sont fabriqu\u00e9es \u00e0 partir d&#8217;un alliage sp\u00e9cial d&#8217;acier inoxydable haute temp\u00e9rature con\u00e7u pour r\u00e9sister \u00e0 des temp\u00e9ratures allant jusqu&#8217;\u00e0 1150\u00b0C. La dur\u00e9e d&#8217;utilisation est estim\u00e9e \u00e0 1000 heures avant le [&hellip;]","og_url":"https:\/\/timberstoves.eu\/fr\/produit\/marmite-en-acier-inoxydable-serie-300\/","og_site_name":"Timber Stoves Europe B.V. | Wood Pellet Fired Patio Heaters |","article_publisher":"https:\/\/www.facebook.com\/Timberstoves\/","article_modified_time":"2026-03-27T08:48:53+00:00","og_image":[{"width":1500,"height":1500,"url":"https:\/\/timberstoves.eu\/wp-content\/uploads\/2023\/04\/300-series-firepot.jpg","type":"image\/jpeg"}],"twitter_card":"summary_large_image","twitter_site":"@TimberstovesEU","schema":{"@context":"https:\/\/schema.org","@graph":[{"@type":"WebPage","@id":"https:\/\/timberstoves.eu\/fr\/produit\/marmite-en-acier-inoxydable-serie-300\/","url":"https:\/\/timberstoves.eu\/fr\/produit\/marmite-en-acier-inoxydable-serie-300\/","name":"Marmite en acier inoxydable s\u00e9rie 300 %sep%%% Po\u00eales \u00e0 bois","isPartOf":{"@id":"https:\/\/timberstoves.eu\/fr\/#website"},"primaryImageOfPage":{"@id":"https:\/\/timberstoves.eu\/fr\/produit\/marmite-en-acier-inoxydable-serie-300\/#primaryimage"},"image":{"@id":"https:\/\/timberstoves.eu\/fr\/produit\/marmite-en-acier-inoxydable-serie-300\/#primaryimage"},"thumbnailUrl":"https:\/\/timberstoves.eu\/wp-content\/uploads\/2023\/04\/300-series-firepot.jpg","datePublished":"2023-04-12T17:06:56+00:00","dateModified":"2026-03-27T08:48:53+00:00","breadcrumb":{"@id":"https:\/\/timberstoves.eu\/fr\/produit\/marmite-en-acier-inoxydable-serie-300\/#breadcrumb"},"inLanguage":"fr-FR","potentialAction":[{"@type":"ReadAction","target":["https:\/\/timberstoves.eu\/fr\/produit\/marmite-en-acier-inoxydable-serie-300\/"]}]},{"@type":"ImageObject","inLanguage":"fr-FR","@id":"https:\/\/timberstoves.eu\/fr\/produit\/marmite-en-acier-inoxydable-serie-300\/#primaryimage","url":"https:\/\/timberstoves.eu\/wp-content\/uploads\/2023\/04\/300-series-firepot.jpg","contentUrl":"https:\/\/timberstoves.eu\/wp-content\/uploads\/2023\/04\/300-series-firepot.jpg","width":1500,"height":1500,"caption":"Un foyer en acier inoxydable pour le Timber Patio Heater"},{"@type":"BreadcrumbList","@id":"https:\/\/timberstoves.eu\/fr\/produit\/marmite-en-acier-inoxydable-serie-300\/#breadcrumb","itemListElement":[{"@type":"ListItem","position":1,"name":"Home","item":"https:\/\/timberstoves.eu\/fr\/accueil\/"},{"@type":"ListItem","position":2,"name":"Boutique","item":"https:\/\/timberstoves.eu\/fr\/?page_id=259141"},{"@type":"ListItem","position":3,"name":"Marmite en acier inoxydable s\u00e9rie 300"}]},{"@type":"WebSite","@id":"https:\/\/timberstoves.eu\/fr\/#website","url":"https:\/\/timberstoves.eu\/fr\/","name":"Timber Stoves Europe B.V. | Wood Pellet Fired Patio Heaters |","description":"Wood Pellet Patio Heaters.","publisher":{"@id":"https:\/\/timberstoves.eu\/fr\/#organization"},"potentialAction":[{"@type":"SearchAction","target":{"@type":"EntryPoint","urlTemplate":"https:\/\/timberstoves.eu\/fr\/?s={search_term_string}"},"query-input":{"@type":"PropertyValueSpecification","valueRequired":true,"valueName":"search_term_string"}}],"inLanguage":"fr-FR"},{"@type":"Organization","@id":"https:\/\/timberstoves.eu\/fr\/#organization","name":"Timber Stoves Europe B.V.","url":"https:\/\/timberstoves.eu\/fr\/","logo":{"@type":"ImageObject","inLanguage":"fr-FR","@id":"https:\/\/timberstoves.eu\/fr\/#\/schema\/logo\/image\/","url":"https:\/\/timberstoves.eu\/wp-content\/uploads\/2023\/10\/TIMBER2.jpg","contentUrl":"https:\/\/timberstoves.eu\/wp-content\/uploads\/2023\/10\/TIMBER2.jpg","width":300,"height":268,"caption":"Timber Stoves Europe B.V."},"image":{"@id":"https:\/\/timberstoves.eu\/fr\/#\/schema\/logo\/image\/"},"sameAs":["https:\/\/www.facebook.com\/Timberstoves\/","https:\/\/x.com\/TimberstovesEU","https:\/\/www.instagram.com\/timberstoves_europe\/"]}]}},"_links":{"self":[{"href":"https:\/\/timberstoves.eu\/fr\/wp-json\/wp\/v2\/product\/259145","targetHints":{"allow":["GET"]}}],"collection":[{"href":"https:\/\/timberstoves.eu\/fr\/wp-json\/wp\/v2\/product"}],"about":[{"href":"https:\/\/timberstoves.eu\/fr\/wp-json\/wp\/v2\/types\/product"}],"replies":[{"embeddable":true,"href":"https:\/\/timberstoves.eu\/fr\/wp-json\/wp\/v2\/comments?post=259145"}],"wp:featuredmedia":[{"embeddable":true,"href":"https:\/\/timberstoves.eu\/fr\/wp-json\/wp\/v2\/media\/259146"}],"wp:attachment":[{"href":"https:\/\/timberstoves.eu\/fr\/wp-json\/wp\/v2\/media?parent=259145"}],"wp:term":[{"taxonomy":"product_brand","embeddable":true,"href":"https:\/\/timberstoves.eu\/fr\/wp-json\/wp\/v2\/product_brand?post=259145"},{"taxonomy":"product_cat","embeddable":true,"href":"https:\/\/timberstoves.eu\/fr\/wp-json\/wp\/v2\/product_cat?post=259145"},{"taxonomy":"product_tag","embeddable":true,"href":"https:\/\/timberstoves.eu\/fr\/wp-json\/wp\/v2\/product_tag?post=259145"}],"curies":[{"name":"wp","href":"https:\/\/api.w.org\/{rel}","templated":true}]}}