{"id":259147,"date":"2022-06-29T12:21:38","date_gmt":"2022-06-29T10:21:38","guid":{"rendered":"https:\/\/timberstoves.eu\/product\/revere-elite-patio-heater\/"},"modified":"2026-03-27T09:49:11","modified_gmt":"2026-03-27T08:49:11","slug":"revere-elite-patio-heater","status":"publish","type":"product","link":"https:\/\/timberstoves.eu\/fr\/produit\/revere-elite-patio-heater\/","title":{"rendered":"Revere Elite Patio Heater"},"content":{"rendered":"<p>[et_pb_section fb_built=&#8221;1&#8243; _builder_version=&#8221;4.16&#8243; custom_padding=&#8221;0px||||false|false&#8221; global_colors_info=&#8221;{}&#8221;][et_pb_row _builder_version=&#8221;4.16&#8243; background_size=&#8221;initial&#8221; background_position=&#8221;top_left&#8221; background_repeat=&#8221;repeat&#8221; width=&#8221;100%&#8221; custom_padding=&#8221;0px||0px||false|false&#8221; global_colors_info=&#8221;{}&#8221;][et_pb_column type=&#8221;4_4&#8243; _builder_version=&#8221;4.16&#8243; custom_padding=&#8221;|||&#8221; global_colors_info=&#8221;{}&#8221; custom_padding__hover=&#8221;|||&#8221;][et_pb_wc_cart_notice _builder_version=&#8221;4.16&#8243; global_colors_info=&#8221;{}&#8221;][\/et_pb_wc_cart_notice][\/et_pb_column][\/et_pb_row][et_pb_row column_structure=&#8221;1_2,1_2&#8243; _builder_version=&#8221;4.16&#8243; background_size=&#8221;initial&#8221; background_position=&#8221;top_left&#8221; background_repeat=&#8221;repeat&#8221; width=&#8221;100%&#8221; custom_padding=&#8221;0px||||false|false&#8221; global_colors_info=&#8221;{}&#8221;][et_pb_column type=&#8221;1_2&#8243; _builder_version=&#8221;4.16&#8243; custom_padding=&#8221;|||&#8221; global_colors_info=&#8221;{}&#8221; custom_padding__hover=&#8221;|||&#8221;][et_pb_wc_images _builder_version=&#8221;4.27.2&#8243; border_radii_image=&#8221;on|10px|10px|10px|10px&#8221; global_colors_info=&#8221;{}&#8221;][\/et_pb_wc_images][\/et_pb_column][et_pb_column type=&#8221;1_2&#8243; _builder_version=&#8221;4.16&#8243; custom_padding=&#8221;|||&#8221; global_colors_info=&#8221;{}&#8221; custom_padding__hover=&#8221;|||&#8221;][et_pb_wc_title _builder_version=&#8221;4.27.4&#8243; global_colors_info=&#8221;{}&#8221;][\/et_pb_wc_title][et_pb_wc_rating _builder_version=&#8221;4.16&#8243; global_colors_info=&#8221;{}&#8221;][\/et_pb_wc_rating][et_pb_wc_price _builder_version=&#8221;4.16&#8243; global_colors_info=&#8221;{}&#8221;][\/et_pb_wc_price][et_pb_wc_description _builder_version=&#8221;4.16&#8243; global_colors_info=&#8221;{}&#8221;][\/et_pb_wc_description][et_pb_wc_add_to_cart _builder_version=&#8221;4.16&#8243; global_colors_info=&#8221;{}&#8221;][\/et_pb_wc_add_to_cart][et_pb_wc_meta _builder_version=&#8221;4.16&#8243; global_colors_info=&#8221;{}&#8221;][\/et_pb_wc_meta][\/et_pb_column][\/et_pb_row][et_pb_row _builder_version=&#8221;4.16&#8243; background_size=&#8221;initial&#8221; background_position=&#8221;top_left&#8221; background_repeat=&#8221;repeat&#8221; width=&#8221;100%&#8221; global_colors_info=&#8221;{}&#8221;][et_pb_column type=&#8221;4_4&#8243; _builder_version=&#8221;4.16&#8243; custom_padding=&#8221;|||&#8221; global_colors_info=&#8221;{}&#8221; custom_padding__hover=&#8221;|||&#8221;][et_pb_wc_tabs _builder_version=&#8221;4.27.4&#8243; global_colors_info=&#8221;{}&#8221;] [\/et_pb_wc_tabs][et_pb_wc_upsells _builder_version=&#8221;4.16&#8243; global_colors_info=&#8221;{}&#8221;][\/et_pb_wc_upsells][et_pb_wc_related_products include_categories=&#8221;9,83&#8243; _builder_version=&#8221;4.27.4&#8243; global_colors_info=&#8221;{}&#8221;][\/et_pb_wc_related_products][\/et_pb_column][\/et_pb_row][\/et_pb_section]<\/p>\n","protected":false},"excerpt":{"rendered":"<p><strong>Chauffage d&#8217;ext\u00e9rieur 90 000 BTU sur pied<\/strong><\/p>\n<ul>\n<li>100 % acier inoxydable<\/li>\n<li>20 cm x 37 cm Fen\u00eatres de visualisation<\/li>\n<li>11,5 kg Capacit\u00e9 de la tr\u00e9mie<\/li>\n<li>3,6 m\u00e8tres Rayon de chauffe maximal<\/li>\n<li>Pratiquement pas de fum\u00e9e<\/li>\n<li>Non-\u00e9lectrique et portable<\/li>\n<li>Flamme ferm\u00e9e et s\u00fbre<\/li>\n<li>Fabriqu\u00e9 aux \u00c9tats-Unis<\/li>\n<li>Gewicht 54 Kg | Dimensions 46 cm x 56 cm x 213 cm.<\/li>\n<\/ul>\n<p><em>les prix peuvent varier en fonction de votre pays.<\/em><\/p>\n<p class=\"p1\"><b>Exp\u00e9dition actuelle 10-08-2025.<\/b><\/p>\n","protected":false},"featured_media":249192,"comment_status":"open","ping_status":"closed","template":"","meta":{"_et_pb_use_builder":"on","_et_pb_old_content":"","_et_gb_content_width":""},"product_brand":[],"product_cat":[181],"product_tag":[],"class_list":{"0":"post-259147","1":"product","2":"type-product","3":"status-publish","4":"has-post-thumbnail","6":"product_cat-serie-des-maitres","7":"product_shipping_class-big-timber-en-revere-elite","9":"first","10":"instock","11":"taxable","12":"shipping-taxable","13":"purchasable","14":"product-type-simple"},"yoast_head":"<!-- This site is optimized with the Yoast SEO plugin v27.6 - https:\/\/yoast.com\/product\/yoast-seo-wordpress\/ -->\n<title>Revere Elite Patio Heater - Timber Stoves Europe B.V. | Wood Pellet Fired Patio Heaters |<\/title>\n<meta name=\"robots\" content=\"index, follow, max-snippet:-1, max-image-preview:large, max-video-preview:-1\" \/>\n<link rel=\"canonical\" href=\"https:\/\/timberstoves.eu\/fr\/produit\/revere-elite-patio-heater\/\" \/>\n<meta property=\"og:locale\" content=\"fr_FR\" \/>\n<meta property=\"og:type\" content=\"article\" \/>\n<meta property=\"og:title\" content=\"Revere Elite Patio Heater - Timber Stoves Europe B.V. | Wood Pellet Fired Patio Heaters |\" \/>\n<meta property=\"og:description\" content=\"Chauffage d&#039;ext\u00e9rieur 90 000 BTU sur pied  100 % acier inoxydable  20 cm x 37 cm Fen\u00eatres de visualisation  11,5 kg Capacit\u00e9 de la tr\u00e9mie  3,6 m\u00e8tres Rayon de chauffe maximal  Pratiquement pas de fum\u00e9e  Non-\u00e9lectrique et portable  Flamme ferm\u00e9e et s\u00fbre  Fabriqu\u00e9 aux \u00c9tats-Unis  Gewicht 54 Kg | Dimensions 46 cm x 56 cm x 213 cm. les prix peuvent varier en fonction de votre pays. Exp\u00e9dition actuelle 10-08-2025.\" \/>\n<meta property=\"og:url\" content=\"https:\/\/timberstoves.eu\/fr\/produit\/revere-elite-patio-heater\/\" \/>\n<meta property=\"og:site_name\" content=\"Timber Stoves Europe B.V. | Wood Pellet Fired Patio Heaters |\" \/>\n<meta property=\"article:publisher\" content=\"https:\/\/www.facebook.com\/Timberstoves\/\" \/>\n<meta property=\"article:modified_time\" content=\"2026-03-27T08:49:11+00:00\" \/>\n<meta property=\"og:image\" content=\"https:\/\/timberstoves.eu\/wp-content\/uploads\/2022\/06\/big-timber-elite-revere-patio-heater.jpg\" \/>\n\t<meta property=\"og:image:width\" content=\"2000\" \/>\n\t<meta property=\"og:image:height\" content=\"2000\" \/>\n\t<meta property=\"og:image:type\" content=\"image\/jpeg\" \/>\n<meta name=\"twitter:card\" content=\"summary_large_image\" \/>\n<meta name=\"twitter:site\" content=\"@TimberstovesEU\" \/>\n<meta name=\"twitter:label1\" content=\"Dur\u00e9e de lecture estim\u00e9e\" \/>\n\t<meta name=\"twitter:data1\" content=\"2 minutes\" \/>\n<script type=\"application\/ld+json\" class=\"yoast-schema-graph\">{\"@context\":\"https:\\\/\\\/schema.org\",\"@graph\":[{\"@type\":\"WebPage\",\"@id\":\"https:\\\/\\\/timberstoves.eu\\\/fr\\\/produit\\\/revere-elite-patio-heater\\\/\",\"url\":\"https:\\\/\\\/timberstoves.eu\\\/fr\\\/produit\\\/revere-elite-patio-heater\\\/\",\"name\":\"Revere Elite Patio Heater - Timber Stoves Europe B.V. | Wood Pellet Fired Patio Heaters |\",\"isPartOf\":{\"@id\":\"https:\\\/\\\/timberstoves.eu\\\/fr\\\/#website\"},\"primaryImageOfPage\":{\"@id\":\"https:\\\/\\\/timberstoves.eu\\\/fr\\\/produit\\\/revere-elite-patio-heater\\\/#primaryimage\"},\"image\":{\"@id\":\"https:\\\/\\\/timberstoves.eu\\\/fr\\\/produit\\\/revere-elite-patio-heater\\\/#primaryimage\"},\"thumbnailUrl\":\"https:\\\/\\\/timberstoves.eu\\\/wp-content\\\/uploads\\\/2022\\\/06\\\/big-timber-elite-revere-patio-heater.jpg\",\"datePublished\":\"2022-06-29T10:21:38+00:00\",\"dateModified\":\"2026-03-27T08:49:11+00:00\",\"breadcrumb\":{\"@id\":\"https:\\\/\\\/timberstoves.eu\\\/fr\\\/produit\\\/revere-elite-patio-heater\\\/#breadcrumb\"},\"inLanguage\":\"fr-FR\",\"potentialAction\":[{\"@type\":\"ReadAction\",\"target\":[\"https:\\\/\\\/timberstoves.eu\\\/fr\\\/produit\\\/revere-elite-patio-heater\\\/\"]}]},{\"@type\":\"ImageObject\",\"inLanguage\":\"fr-FR\",\"@id\":\"https:\\\/\\\/timberstoves.eu\\\/fr\\\/produit\\\/revere-elite-patio-heater\\\/#primaryimage\",\"url\":\"https:\\\/\\\/timberstoves.eu\\\/wp-content\\\/uploads\\\/2022\\\/06\\\/big-timber-elite-revere-patio-heater.jpg\",\"contentUrl\":\"https:\\\/\\\/timberstoves.eu\\\/wp-content\\\/uploads\\\/2022\\\/06\\\/big-timber-elite-revere-patio-heater.jpg\",\"width\":2000,\"height\":2000},{\"@type\":\"BreadcrumbList\",\"@id\":\"https:\\\/\\\/timberstoves.eu\\\/fr\\\/produit\\\/revere-elite-patio-heater\\\/#breadcrumb\",\"itemListElement\":[{\"@type\":\"ListItem\",\"position\":1,\"name\":\"Home\",\"item\":\"https:\\\/\\\/timberstoves.eu\\\/fr\\\/accueil\\\/\"},{\"@type\":\"ListItem\",\"position\":2,\"name\":\"Boutique\",\"item\":\"https:\\\/\\\/timberstoves.eu\\\/fr\\\/?page_id=259141\"},{\"@type\":\"ListItem\",\"position\":3,\"name\":\"Revere Elite Patio Heater\"}]},{\"@type\":\"WebSite\",\"@id\":\"https:\\\/\\\/timberstoves.eu\\\/fr\\\/#website\",\"url\":\"https:\\\/\\\/timberstoves.eu\\\/fr\\\/\",\"name\":\"Timber Stoves Europe B.V. | Wood Pellet Fired Patio Heaters |\",\"description\":\"Wood Pellet Patio Heaters.\",\"publisher\":{\"@id\":\"https:\\\/\\\/timberstoves.eu\\\/fr\\\/#organization\"},\"potentialAction\":[{\"@type\":\"SearchAction\",\"target\":{\"@type\":\"EntryPoint\",\"urlTemplate\":\"https:\\\/\\\/timberstoves.eu\\\/fr\\\/?s={search_term_string}\"},\"query-input\":{\"@type\":\"PropertyValueSpecification\",\"valueRequired\":true,\"valueName\":\"search_term_string\"}}],\"inLanguage\":\"fr-FR\"},{\"@type\":\"Organization\",\"@id\":\"https:\\\/\\\/timberstoves.eu\\\/fr\\\/#organization\",\"name\":\"Timber Stoves Europe B.V.\",\"url\":\"https:\\\/\\\/timberstoves.eu\\\/fr\\\/\",\"logo\":{\"@type\":\"ImageObject\",\"inLanguage\":\"fr-FR\",\"@id\":\"https:\\\/\\\/timberstoves.eu\\\/fr\\\/#\\\/schema\\\/logo\\\/image\\\/\",\"url\":\"https:\\\/\\\/timberstoves.eu\\\/wp-content\\\/uploads\\\/2023\\\/10\\\/TIMBER2.jpg\",\"contentUrl\":\"https:\\\/\\\/timberstoves.eu\\\/wp-content\\\/uploads\\\/2023\\\/10\\\/TIMBER2.jpg\",\"width\":300,\"height\":268,\"caption\":\"Timber Stoves Europe B.V.\"},\"image\":{\"@id\":\"https:\\\/\\\/timberstoves.eu\\\/fr\\\/#\\\/schema\\\/logo\\\/image\\\/\"},\"sameAs\":[\"https:\\\/\\\/www.facebook.com\\\/Timberstoves\\\/\",\"https:\\\/\\\/x.com\\\/TimberstovesEU\",\"https:\\\/\\\/www.instagram.com\\\/timberstoves_europe\\\/\"]}]}<\/script>\n<!-- \/ Yoast SEO plugin. -->","yoast_head_json":{"title":"Revere Elite Patio Heater - Timber Stoves Europe B.V. | Wood Pellet Fired Patio Heaters |","robots":{"index":"index","follow":"follow","max-snippet":"max-snippet:-1","max-image-preview":"max-image-preview:large","max-video-preview":"max-video-preview:-1"},"canonical":"https:\/\/timberstoves.eu\/fr\/produit\/revere-elite-patio-heater\/","og_locale":"fr_FR","og_type":"article","og_title":"Revere Elite Patio Heater - Timber Stoves Europe B.V. | Wood Pellet Fired Patio Heaters |","og_description":"Chauffage d'ext\u00e9rieur 90 000 BTU sur pied  100 % acier inoxydable  20 cm x 37 cm Fen\u00eatres de visualisation  11,5 kg Capacit\u00e9 de la tr\u00e9mie  3,6 m\u00e8tres Rayon de chauffe maximal  Pratiquement pas de fum\u00e9e  Non-\u00e9lectrique et portable  Flamme ferm\u00e9e et s\u00fbre  Fabriqu\u00e9 aux \u00c9tats-Unis  Gewicht 54 Kg | Dimensions 46 cm x 56 cm x 213 cm. les prix peuvent varier en fonction de votre pays. Exp\u00e9dition actuelle 10-08-2025.","og_url":"https:\/\/timberstoves.eu\/fr\/produit\/revere-elite-patio-heater\/","og_site_name":"Timber Stoves Europe B.V. | Wood Pellet Fired Patio Heaters |","article_publisher":"https:\/\/www.facebook.com\/Timberstoves\/","article_modified_time":"2026-03-27T08:49:11+00:00","og_image":[{"width":2000,"height":2000,"url":"https:\/\/timberstoves.eu\/wp-content\/uploads\/2022\/06\/big-timber-elite-revere-patio-heater.jpg","type":"image\/jpeg"}],"twitter_card":"summary_large_image","twitter_site":"@TimberstovesEU","twitter_misc":{"Dur\u00e9e de lecture estim\u00e9e":"2 minutes"},"schema":{"@context":"https:\/\/schema.org","@graph":[{"@type":"WebPage","@id":"https:\/\/timberstoves.eu\/fr\/produit\/revere-elite-patio-heater\/","url":"https:\/\/timberstoves.eu\/fr\/produit\/revere-elite-patio-heater\/","name":"Revere Elite Patio Heater - Timber Stoves Europe B.V. | Wood Pellet Fired Patio Heaters |","isPartOf":{"@id":"https:\/\/timberstoves.eu\/fr\/#website"},"primaryImageOfPage":{"@id":"https:\/\/timberstoves.eu\/fr\/produit\/revere-elite-patio-heater\/#primaryimage"},"image":{"@id":"https:\/\/timberstoves.eu\/fr\/produit\/revere-elite-patio-heater\/#primaryimage"},"thumbnailUrl":"https:\/\/timberstoves.eu\/wp-content\/uploads\/2022\/06\/big-timber-elite-revere-patio-heater.jpg","datePublished":"2022-06-29T10:21:38+00:00","dateModified":"2026-03-27T08:49:11+00:00","breadcrumb":{"@id":"https:\/\/timberstoves.eu\/fr\/produit\/revere-elite-patio-heater\/#breadcrumb"},"inLanguage":"fr-FR","potentialAction":[{"@type":"ReadAction","target":["https:\/\/timberstoves.eu\/fr\/produit\/revere-elite-patio-heater\/"]}]},{"@type":"ImageObject","inLanguage":"fr-FR","@id":"https:\/\/timberstoves.eu\/fr\/produit\/revere-elite-patio-heater\/#primaryimage","url":"https:\/\/timberstoves.eu\/wp-content\/uploads\/2022\/06\/big-timber-elite-revere-patio-heater.jpg","contentUrl":"https:\/\/timberstoves.eu\/wp-content\/uploads\/2022\/06\/big-timber-elite-revere-patio-heater.jpg","width":2000,"height":2000},{"@type":"BreadcrumbList","@id":"https:\/\/timberstoves.eu\/fr\/produit\/revere-elite-patio-heater\/#breadcrumb","itemListElement":[{"@type":"ListItem","position":1,"name":"Home","item":"https:\/\/timberstoves.eu\/fr\/accueil\/"},{"@type":"ListItem","position":2,"name":"Boutique","item":"https:\/\/timberstoves.eu\/fr\/?page_id=259141"},{"@type":"ListItem","position":3,"name":"Revere Elite Patio Heater"}]},{"@type":"WebSite","@id":"https:\/\/timberstoves.eu\/fr\/#website","url":"https:\/\/timberstoves.eu\/fr\/","name":"Timber Stoves Europe B.V. | Wood Pellet Fired Patio Heaters |","description":"Wood Pellet Patio Heaters.","publisher":{"@id":"https:\/\/timberstoves.eu\/fr\/#organization"},"potentialAction":[{"@type":"SearchAction","target":{"@type":"EntryPoint","urlTemplate":"https:\/\/timberstoves.eu\/fr\/?s={search_term_string}"},"query-input":{"@type":"PropertyValueSpecification","valueRequired":true,"valueName":"search_term_string"}}],"inLanguage":"fr-FR"},{"@type":"Organization","@id":"https:\/\/timberstoves.eu\/fr\/#organization","name":"Timber Stoves Europe B.V.","url":"https:\/\/timberstoves.eu\/fr\/","logo":{"@type":"ImageObject","inLanguage":"fr-FR","@id":"https:\/\/timberstoves.eu\/fr\/#\/schema\/logo\/image\/","url":"https:\/\/timberstoves.eu\/wp-content\/uploads\/2023\/10\/TIMBER2.jpg","contentUrl":"https:\/\/timberstoves.eu\/wp-content\/uploads\/2023\/10\/TIMBER2.jpg","width":300,"height":268,"caption":"Timber Stoves Europe B.V."},"image":{"@id":"https:\/\/timberstoves.eu\/fr\/#\/schema\/logo\/image\/"},"sameAs":["https:\/\/www.facebook.com\/Timberstoves\/","https:\/\/x.com\/TimberstovesEU","https:\/\/www.instagram.com\/timberstoves_europe\/"]}]}},"_links":{"self":[{"href":"https:\/\/timberstoves.eu\/fr\/wp-json\/wp\/v2\/product\/259147","targetHints":{"allow":["GET"]}}],"collection":[{"href":"https:\/\/timberstoves.eu\/fr\/wp-json\/wp\/v2\/product"}],"about":[{"href":"https:\/\/timberstoves.eu\/fr\/wp-json\/wp\/v2\/types\/product"}],"replies":[{"embeddable":true,"href":"https:\/\/timberstoves.eu\/fr\/wp-json\/wp\/v2\/comments?post=259147"}],"wp:featuredmedia":[{"embeddable":true,"href":"https:\/\/timberstoves.eu\/fr\/wp-json\/wp\/v2\/media\/249192"}],"wp:attachment":[{"href":"https:\/\/timberstoves.eu\/fr\/wp-json\/wp\/v2\/media?parent=259147"}],"wp:term":[{"taxonomy":"product_brand","embeddable":true,"href":"https:\/\/timberstoves.eu\/fr\/wp-json\/wp\/v2\/product_brand?post=259147"},{"taxonomy":"product_cat","embeddable":true,"href":"https:\/\/timberstoves.eu\/fr\/wp-json\/wp\/v2\/product_cat?post=259147"},{"taxonomy":"product_tag","embeddable":true,"href":"https:\/\/timberstoves.eu\/fr\/wp-json\/wp\/v2\/product_tag?post=259147"}],"curies":[{"name":"wp","href":"https:\/\/api.w.org\/{rel}","templated":true}]}}