{"id":259149,"date":"2016-10-07T18:44:39","date_gmt":"2016-10-08T01:44:39","guid":{"rendered":"https:\/\/timberstoves.eu\/product\/foyer-de-remplacement\/"},"modified":"2026-03-27T09:49:23","modified_gmt":"2026-03-27T08:49:23","slug":"foyer-de-remplacement","status":"publish","type":"product","link":"https:\/\/timberstoves.eu\/fr\/produit\/foyer-de-remplacement\/","title":{"rendered":"Foyer de remplacement"},"content":{"rendered":"<p class=\"p1\">Notre foyer est dot\u00e9 d&#8217;une technologie de pointe pour les syst\u00e8mes de granul\u00e9s aliment\u00e9s par gravit\u00e9, optimisant le flux d&#8217;air pour les zones de combustion doubles. Cette conception maximise l&#8217;efficacit\u00e9 de la combustion, r\u00e9duit les cendres et simplifie l&#8217;entretien. Le fond r\u00e9tractable, contr\u00f4l\u00e9 par une tige de traction externe, permet de retirer rapidement les cendres dans le bac \u00e0 cendres, qui peut \u00eatre vid\u00e9 \u00e0 votre convenance dans un r\u00e9cipient s\u00fbr.  <\/p>\n<p>&nbsp;<\/p>\n<p>&nbsp;<\/p>\n","protected":false},"excerpt":{"rendered":"<p>Notre foyer est dot\u00e9 d&#8217;une technologie de pointe pour les syst\u00e8mes de granul\u00e9s aliment\u00e9s par gravit\u00e9, optimisant le flux d&#8217;air pour les zones de combustion doubles. Cette conception maximise l&#8217;efficacit\u00e9 de la combustion, r\u00e9duit les cendres et simplifie l&#8217;entretien. Le fond r\u00e9tractable, contr\u00f4l\u00e9 par une tige de traction externe, permet de retirer rapidement les cendres [&hellip;]<\/p>\n","protected":false},"featured_media":259150,"comment_status":"open","ping_status":"closed","template":"","meta":{"_et_pb_use_builder":"","_et_pb_old_content":"","_et_gb_content_width":""},"product_brand":[],"product_cat":[179],"product_tag":[],"class_list":{"0":"post-259149","1":"product","2":"type-product","3":"status-publish","4":"has-post-thumbnail","6":"product_cat-non-classe","7":"product_shipping_class-accessoires","9":"first","10":"instock","11":"taxable","12":"shipping-taxable","13":"purchasable","14":"product-type-simple"},"yoast_head":"<!-- This site is optimized with the Yoast SEO plugin v27.6 - https:\/\/yoast.com\/product\/yoast-seo-wordpress\/ -->\n<title>Foyer de remplacement - Timber Stoves Europe B.V. | Wood Pellet Fired Patio Heaters |<\/title>\n<meta name=\"robots\" content=\"index, follow, max-snippet:-1, max-image-preview:large, max-video-preview:-1\" \/>\n<link rel=\"canonical\" href=\"https:\/\/timberstoves.eu\/fr\/produit\/foyer-de-remplacement\/\" \/>\n<meta property=\"og:locale\" content=\"fr_FR\" \/>\n<meta property=\"og:type\" content=\"article\" \/>\n<meta property=\"og:title\" content=\"Foyer de remplacement - Timber Stoves Europe B.V. | Wood Pellet Fired Patio Heaters |\" \/>\n<meta property=\"og:description\" content=\"Notre foyer est dot\u00e9 d&#8217;une technologie de pointe pour les syst\u00e8mes de granul\u00e9s aliment\u00e9s par gravit\u00e9, optimisant le flux d&#8217;air pour les zones de combustion doubles. Cette conception maximise l&#8217;efficacit\u00e9 de la combustion, r\u00e9duit les cendres et simplifie l&#8217;entretien. Le fond r\u00e9tractable, contr\u00f4l\u00e9 par une tige de traction externe, permet de retirer rapidement les cendres [&hellip;]\" \/>\n<meta property=\"og:url\" content=\"https:\/\/timberstoves.eu\/fr\/produit\/foyer-de-remplacement\/\" \/>\n<meta property=\"og:site_name\" content=\"Timber Stoves Europe B.V. | Wood Pellet Fired Patio Heaters |\" \/>\n<meta property=\"article:publisher\" content=\"https:\/\/www.facebook.com\/Timberstoves\/\" \/>\n<meta property=\"article:modified_time\" content=\"2026-03-27T08:49:23+00:00\" \/>\n<meta property=\"og:image\" content=\"https:\/\/timberstoves.eu\/wp-content\/uploads\/2016\/10\/replacement-firepot.jpg\" \/>\n\t<meta property=\"og:image:width\" content=\"1500\" \/>\n\t<meta property=\"og:image:height\" content=\"1500\" \/>\n\t<meta property=\"og:image:type\" content=\"image\/jpeg\" \/>\n<meta name=\"twitter:card\" content=\"summary_large_image\" \/>\n<meta name=\"twitter:site\" content=\"@TimberstovesEU\" \/>\n<script type=\"application\/ld+json\" class=\"yoast-schema-graph\">{\"@context\":\"https:\\\/\\\/schema.org\",\"@graph\":[{\"@type\":\"WebPage\",\"@id\":\"https:\\\/\\\/timberstoves.eu\\\/fr\\\/produit\\\/foyer-de-remplacement\\\/\",\"url\":\"https:\\\/\\\/timberstoves.eu\\\/fr\\\/produit\\\/foyer-de-remplacement\\\/\",\"name\":\"Foyer de remplacement - Timber Stoves Europe B.V. | Wood Pellet Fired Patio Heaters |\",\"isPartOf\":{\"@id\":\"https:\\\/\\\/timberstoves.eu\\\/fr\\\/#website\"},\"primaryImageOfPage\":{\"@id\":\"https:\\\/\\\/timberstoves.eu\\\/fr\\\/produit\\\/foyer-de-remplacement\\\/#primaryimage\"},\"image\":{\"@id\":\"https:\\\/\\\/timberstoves.eu\\\/fr\\\/produit\\\/foyer-de-remplacement\\\/#primaryimage\"},\"thumbnailUrl\":\"https:\\\/\\\/timberstoves.eu\\\/wp-content\\\/uploads\\\/2016\\\/10\\\/replacement-firepot.jpg\",\"datePublished\":\"2016-10-08T01:44:39+00:00\",\"dateModified\":\"2026-03-27T08:49:23+00:00\",\"breadcrumb\":{\"@id\":\"https:\\\/\\\/timberstoves.eu\\\/fr\\\/produit\\\/foyer-de-remplacement\\\/#breadcrumb\"},\"inLanguage\":\"fr-FR\",\"potentialAction\":[{\"@type\":\"ReadAction\",\"target\":[\"https:\\\/\\\/timberstoves.eu\\\/fr\\\/produit\\\/foyer-de-remplacement\\\/\"]}]},{\"@type\":\"ImageObject\",\"inLanguage\":\"fr-FR\",\"@id\":\"https:\\\/\\\/timberstoves.eu\\\/fr\\\/produit\\\/foyer-de-remplacement\\\/#primaryimage\",\"url\":\"https:\\\/\\\/timberstoves.eu\\\/wp-content\\\/uploads\\\/2016\\\/10\\\/replacement-firepot.jpg\",\"contentUrl\":\"https:\\\/\\\/timberstoves.eu\\\/wp-content\\\/uploads\\\/2016\\\/10\\\/replacement-firepot.jpg\",\"width\":1500,\"height\":1500},{\"@type\":\"BreadcrumbList\",\"@id\":\"https:\\\/\\\/timberstoves.eu\\\/fr\\\/produit\\\/foyer-de-remplacement\\\/#breadcrumb\",\"itemListElement\":[{\"@type\":\"ListItem\",\"position\":1,\"name\":\"Home\",\"item\":\"https:\\\/\\\/timberstoves.eu\\\/fr\\\/accueil\\\/\"},{\"@type\":\"ListItem\",\"position\":2,\"name\":\"Boutique\",\"item\":\"https:\\\/\\\/timberstoves.eu\\\/fr\\\/?page_id=259141\"},{\"@type\":\"ListItem\",\"position\":3,\"name\":\"Foyer de remplacement\"}]},{\"@type\":\"WebSite\",\"@id\":\"https:\\\/\\\/timberstoves.eu\\\/fr\\\/#website\",\"url\":\"https:\\\/\\\/timberstoves.eu\\\/fr\\\/\",\"name\":\"Timber Stoves Europe B.V. | Wood Pellet Fired Patio Heaters |\",\"description\":\"Wood Pellet Patio Heaters.\",\"publisher\":{\"@id\":\"https:\\\/\\\/timberstoves.eu\\\/fr\\\/#organization\"},\"potentialAction\":[{\"@type\":\"SearchAction\",\"target\":{\"@type\":\"EntryPoint\",\"urlTemplate\":\"https:\\\/\\\/timberstoves.eu\\\/fr\\\/?s={search_term_string}\"},\"query-input\":{\"@type\":\"PropertyValueSpecification\",\"valueRequired\":true,\"valueName\":\"search_term_string\"}}],\"inLanguage\":\"fr-FR\"},{\"@type\":\"Organization\",\"@id\":\"https:\\\/\\\/timberstoves.eu\\\/fr\\\/#organization\",\"name\":\"Timber Stoves Europe B.V.\",\"url\":\"https:\\\/\\\/timberstoves.eu\\\/fr\\\/\",\"logo\":{\"@type\":\"ImageObject\",\"inLanguage\":\"fr-FR\",\"@id\":\"https:\\\/\\\/timberstoves.eu\\\/fr\\\/#\\\/schema\\\/logo\\\/image\\\/\",\"url\":\"https:\\\/\\\/timberstoves.eu\\\/wp-content\\\/uploads\\\/2023\\\/10\\\/TIMBER2.jpg\",\"contentUrl\":\"https:\\\/\\\/timberstoves.eu\\\/wp-content\\\/uploads\\\/2023\\\/10\\\/TIMBER2.jpg\",\"width\":300,\"height\":268,\"caption\":\"Timber Stoves Europe B.V.\"},\"image\":{\"@id\":\"https:\\\/\\\/timberstoves.eu\\\/fr\\\/#\\\/schema\\\/logo\\\/image\\\/\"},\"sameAs\":[\"https:\\\/\\\/www.facebook.com\\\/Timberstoves\\\/\",\"https:\\\/\\\/x.com\\\/TimberstovesEU\",\"https:\\\/\\\/www.instagram.com\\\/timberstoves_europe\\\/\"]}]}<\/script>\n<!-- \/ Yoast SEO plugin. -->","yoast_head_json":{"title":"Foyer de remplacement - Timber Stoves Europe B.V. | Wood Pellet Fired Patio Heaters |","robots":{"index":"index","follow":"follow","max-snippet":"max-snippet:-1","max-image-preview":"max-image-preview:large","max-video-preview":"max-video-preview:-1"},"canonical":"https:\/\/timberstoves.eu\/fr\/produit\/foyer-de-remplacement\/","og_locale":"fr_FR","og_type":"article","og_title":"Foyer de remplacement - Timber Stoves Europe B.V. | Wood Pellet Fired Patio Heaters |","og_description":"Notre foyer est dot\u00e9 d&#8217;une technologie de pointe pour les syst\u00e8mes de granul\u00e9s aliment\u00e9s par gravit\u00e9, optimisant le flux d&#8217;air pour les zones de combustion doubles. Cette conception maximise l&#8217;efficacit\u00e9 de la combustion, r\u00e9duit les cendres et simplifie l&#8217;entretien. Le fond r\u00e9tractable, contr\u00f4l\u00e9 par une tige de traction externe, permet de retirer rapidement les cendres [&hellip;]","og_url":"https:\/\/timberstoves.eu\/fr\/produit\/foyer-de-remplacement\/","og_site_name":"Timber Stoves Europe B.V. | Wood Pellet Fired Patio Heaters |","article_publisher":"https:\/\/www.facebook.com\/Timberstoves\/","article_modified_time":"2026-03-27T08:49:23+00:00","og_image":[{"width":1500,"height":1500,"url":"https:\/\/timberstoves.eu\/wp-content\/uploads\/2016\/10\/replacement-firepot.jpg","type":"image\/jpeg"}],"twitter_card":"summary_large_image","twitter_site":"@TimberstovesEU","schema":{"@context":"https:\/\/schema.org","@graph":[{"@type":"WebPage","@id":"https:\/\/timberstoves.eu\/fr\/produit\/foyer-de-remplacement\/","url":"https:\/\/timberstoves.eu\/fr\/produit\/foyer-de-remplacement\/","name":"Foyer de remplacement - Timber Stoves Europe B.V. | Wood Pellet Fired Patio Heaters |","isPartOf":{"@id":"https:\/\/timberstoves.eu\/fr\/#website"},"primaryImageOfPage":{"@id":"https:\/\/timberstoves.eu\/fr\/produit\/foyer-de-remplacement\/#primaryimage"},"image":{"@id":"https:\/\/timberstoves.eu\/fr\/produit\/foyer-de-remplacement\/#primaryimage"},"thumbnailUrl":"https:\/\/timberstoves.eu\/wp-content\/uploads\/2016\/10\/replacement-firepot.jpg","datePublished":"2016-10-08T01:44:39+00:00","dateModified":"2026-03-27T08:49:23+00:00","breadcrumb":{"@id":"https:\/\/timberstoves.eu\/fr\/produit\/foyer-de-remplacement\/#breadcrumb"},"inLanguage":"fr-FR","potentialAction":[{"@type":"ReadAction","target":["https:\/\/timberstoves.eu\/fr\/produit\/foyer-de-remplacement\/"]}]},{"@type":"ImageObject","inLanguage":"fr-FR","@id":"https:\/\/timberstoves.eu\/fr\/produit\/foyer-de-remplacement\/#primaryimage","url":"https:\/\/timberstoves.eu\/wp-content\/uploads\/2016\/10\/replacement-firepot.jpg","contentUrl":"https:\/\/timberstoves.eu\/wp-content\/uploads\/2016\/10\/replacement-firepot.jpg","width":1500,"height":1500},{"@type":"BreadcrumbList","@id":"https:\/\/timberstoves.eu\/fr\/produit\/foyer-de-remplacement\/#breadcrumb","itemListElement":[{"@type":"ListItem","position":1,"name":"Home","item":"https:\/\/timberstoves.eu\/fr\/accueil\/"},{"@type":"ListItem","position":2,"name":"Boutique","item":"https:\/\/timberstoves.eu\/fr\/?page_id=259141"},{"@type":"ListItem","position":3,"name":"Foyer de remplacement"}]},{"@type":"WebSite","@id":"https:\/\/timberstoves.eu\/fr\/#website","url":"https:\/\/timberstoves.eu\/fr\/","name":"Timber Stoves Europe B.V. | Wood Pellet Fired Patio Heaters |","description":"Wood Pellet Patio Heaters.","publisher":{"@id":"https:\/\/timberstoves.eu\/fr\/#organization"},"potentialAction":[{"@type":"SearchAction","target":{"@type":"EntryPoint","urlTemplate":"https:\/\/timberstoves.eu\/fr\/?s={search_term_string}"},"query-input":{"@type":"PropertyValueSpecification","valueRequired":true,"valueName":"search_term_string"}}],"inLanguage":"fr-FR"},{"@type":"Organization","@id":"https:\/\/timberstoves.eu\/fr\/#organization","name":"Timber Stoves Europe B.V.","url":"https:\/\/timberstoves.eu\/fr\/","logo":{"@type":"ImageObject","inLanguage":"fr-FR","@id":"https:\/\/timberstoves.eu\/fr\/#\/schema\/logo\/image\/","url":"https:\/\/timberstoves.eu\/wp-content\/uploads\/2023\/10\/TIMBER2.jpg","contentUrl":"https:\/\/timberstoves.eu\/wp-content\/uploads\/2023\/10\/TIMBER2.jpg","width":300,"height":268,"caption":"Timber Stoves Europe B.V."},"image":{"@id":"https:\/\/timberstoves.eu\/fr\/#\/schema\/logo\/image\/"},"sameAs":["https:\/\/www.facebook.com\/Timberstoves\/","https:\/\/x.com\/TimberstovesEU","https:\/\/www.instagram.com\/timberstoves_europe\/"]}]}},"_links":{"self":[{"href":"https:\/\/timberstoves.eu\/fr\/wp-json\/wp\/v2\/product\/259149","targetHints":{"allow":["GET"]}}],"collection":[{"href":"https:\/\/timberstoves.eu\/fr\/wp-json\/wp\/v2\/product"}],"about":[{"href":"https:\/\/timberstoves.eu\/fr\/wp-json\/wp\/v2\/types\/product"}],"replies":[{"embeddable":true,"href":"https:\/\/timberstoves.eu\/fr\/wp-json\/wp\/v2\/comments?post=259149"}],"wp:featuredmedia":[{"embeddable":true,"href":"https:\/\/timberstoves.eu\/fr\/wp-json\/wp\/v2\/media\/259150"}],"wp:attachment":[{"href":"https:\/\/timberstoves.eu\/fr\/wp-json\/wp\/v2\/media?parent=259149"}],"wp:term":[{"taxonomy":"product_brand","embeddable":true,"href":"https:\/\/timberstoves.eu\/fr\/wp-json\/wp\/v2\/product_brand?post=259149"},{"taxonomy":"product_cat","embeddable":true,"href":"https:\/\/timberstoves.eu\/fr\/wp-json\/wp\/v2\/product_cat?post=259149"},{"taxonomy":"product_tag","embeddable":true,"href":"https:\/\/timberstoves.eu\/fr\/wp-json\/wp\/v2\/product_tag?post=259149"}],"curies":[{"name":"wp","href":"https:\/\/api.w.org\/{rel}","templated":true}]}}