{"id":259184,"date":"2017-09-07T23:10:45","date_gmt":"2017-09-07T21:10:45","guid":{"rendered":"https:\/\/timberstoves.eu\/product\/cage-de-securite-elite\/"},"modified":"2026-03-27T09:50:30","modified_gmt":"2026-03-27T08:50:30","slug":"cage-de-securite-elite","status":"publish","type":"product","link":"https:\/\/timberstoves.eu\/fr\/produit\/cage-de-securite-elite\/","title":{"rendered":"Cage de s\u00e9curit\u00e9 Elite"},"content":{"rendered":"<p>[et_pb_section fb_built=&#8221;1&#8243; _builder_version=&#8221;4.19.4&#8243; custom_padding=&#8221;|10px||20px|false|false&#8221; global_colors_info=&#8221;{}&#8221;][et_pb_row _builder_version=&#8221;4.16&#8243; background_size=&#8221;initial&#8221; background_position=&#8221;top_left&#8221; background_repeat=&#8221;repeat&#8221; width=&#8221;100%&#8221; custom_padding=&#8221;0px||0px||false|false&#8221; global_colors_info=&#8221;{}&#8221;][et_pb_column type=&#8221;4_4&#8243; _builder_version=&#8221;4.16&#8243; custom_padding=&#8221;|||&#8221; global_colors_info=&#8221;{}&#8221; custom_padding__hover=&#8221;|||&#8221;][et_pb_wc_breadcrumb _builder_version=&#8221;4.16&#8243; global_colors_info=&#8221;{}&#8221;][\/et_pb_wc_breadcrumb][et_pb_wc_cart_notice _builder_version=&#8221;4.16&#8243; global_colors_info=&#8221;{}&#8221;][\/et_pb_wc_cart_notice][\/et_pb_column][\/et_pb_row][et_pb_row column_structure=&#8221;1_2,1_2&#8243; _builder_version=&#8221;4.16&#8243; background_size=&#8221;initial&#8221; background_position=&#8221;top_left&#8221; background_repeat=&#8221;repeat&#8221; width=&#8221;100%&#8221; custom_padding=&#8221;0px||||false|false&#8221; global_colors_info=&#8221;{}&#8221;][et_pb_column type=&#8221;1_2&#8243; _builder_version=&#8221;4.16&#8243; custom_padding=&#8221;|||&#8221; global_colors_info=&#8221;{}&#8221; custom_padding__hover=&#8221;|||&#8221;][et_pb_wc_images _builder_version=&#8221;4.16&#8243; global_colors_info=&#8221;{}&#8221;][\/et_pb_wc_images][\/et_pb_column][et_pb_column type=&#8221;1_2&#8243; _builder_version=&#8221;4.16&#8243; custom_padding=&#8221;|||&#8221; global_colors_info=&#8221;{}&#8221; custom_padding__hover=&#8221;|||&#8221;][et_pb_wc_title _builder_version=&#8221;4.16&#8243; global_colors_info=&#8221;{}&#8221;][\/et_pb_wc_title][et_pb_wc_rating _builder_version=&#8221;4.16&#8243; global_colors_info=&#8221;{}&#8221;][\/et_pb_wc_rating][et_pb_wc_price _builder_version=&#8221;4.16&#8243; global_colors_info=&#8221;{}&#8221;][\/et_pb_wc_price][et_pb_wc_description _builder_version=&#8221;4.16&#8243; global_colors_info=&#8221;{}&#8221;][\/et_pb_wc_description][et_pb_wc_add_to_cart _builder_version=&#8221;4.16&#8243; global_colors_info=&#8221;{}&#8221;][\/et_pb_wc_add_to_cart][et_pb_wc_meta _builder_version=&#8221;4.16&#8243; global_colors_info=&#8221;{}&#8221;][\/et_pb_wc_meta][\/et_pb_column][\/et_pb_row][et_pb_row _builder_version=&#8221;4.16&#8243; background_size=&#8221;initial&#8221; background_position=&#8221;top_left&#8221; background_repeat=&#8221;repeat&#8221; width=&#8221;100%&#8221; global_colors_info=&#8221;{}&#8221;][et_pb_column type=&#8221;4_4&#8243; _builder_version=&#8221;4.16&#8243; custom_padding=&#8221;|||&#8221; global_colors_info=&#8221;{}&#8221; custom_padding__hover=&#8221;|||&#8221;][et_pb_wc_tabs _builder_version=&#8221;4.16&#8243; global_colors_info=&#8221;{}&#8221;]\t\t\t\t\t[\/et_pb_wc_tabs][et_pb_wc_upsells _builder_version=&#8221;4.16&#8243; global_colors_info=&#8221;{}&#8221;][\/et_pb_wc_upsells][et_pb_wc_related_products _builder_version=&#8221;4.16&#8243; global_colors_info=&#8221;{}&#8221;][\/et_pb_wc_related_products][\/et_pb_column][\/et_pb_row][\/et_pb_section]<\/p>\n","protected":false},"excerpt":{"rendered":"<p><strong>*Ne comprend pas le chauffage de patio<\/strong><\/p>\n<ul>\n<li>Convient \u00e0 tous les mod\u00e8les<\/li>\n<li>Housse en inox qui couvre l&#8217;ensemble de la cuisini\u00e8re<\/li>\n<li>Panneau frontal rabattable pour l&#8217;acc\u00e8s \u00e0 la cuisini\u00e8re<\/li>\n<li>Pr\u00e9vient les br\u00fblures graves<\/li>\n<li>Un peu d&#8217;assemblage est n\u00e9cessaire<\/li>\n<\/ul>\n<p><em>Les prix peuvent varier en fonction de votre pays.<\/em><\/p>\n<p><b>Livraison 3 \u00e0 5 jours ouvrables<\/b><\/p>\n","protected":false},"featured_media":249192,"comment_status":"open","ping_status":"closed","template":"","meta":{"_et_pb_use_builder":"on","_et_pb_old_content":"","_et_gb_content_width":""},"product_brand":[],"product_cat":[182],"product_tag":[],"class_list":{"0":"post-259184","1":"product","2":"type-product","3":"status-publish","4":"has-post-thumbnail","6":"product_cat-accessoires","7":"product_shipping_class-cages-de-securite-pour-chauffages","9":"first","10":"instock","11":"taxable","12":"shipping-taxable","13":"purchasable","14":"product-type-simple"},"yoast_head":"<!-- This site is optimized with the Yoast SEO plugin v27.6 - https:\/\/yoast.com\/product\/yoast-seo-wordpress\/ -->\n<title>Cage de s\u00e9curit\u00e9 Elite - Timber Stoves Europe B.V. | Wood Pellet Fired Patio Heaters |<\/title>\n<meta name=\"description\" content=\"Nouvelle cage de s\u00e9curit\u00e9 pour tuyau de po\u00eale pour votre chauffage de terrasse \u00e0 granul\u00e9s de bois. Parfait pour les restaurants lorsqu&#039;il est combin\u00e9 avec notre \u00e9cran de chemin\u00e9e \u00e0 trois c\u00f4t\u00e9s.\" \/>\n<meta name=\"robots\" content=\"index, follow, max-snippet:-1, max-image-preview:large, max-video-preview:-1\" \/>\n<link rel=\"canonical\" href=\"https:\/\/timberstoves.eu\/fr\/produit\/cage-de-securite-elite\/\" \/>\n<meta property=\"og:locale\" content=\"fr_FR\" \/>\n<meta property=\"og:type\" content=\"article\" \/>\n<meta property=\"og:title\" content=\"Cage de s\u00e9curit\u00e9 Elite - Timber Stoves Europe B.V. | Wood Pellet Fired Patio Heaters |\" \/>\n<meta property=\"og:description\" content=\"Nouvelle cage de s\u00e9curit\u00e9 pour tuyau de po\u00eale pour votre chauffage de terrasse \u00e0 granul\u00e9s de bois. Parfait pour les restaurants lorsqu&#039;il est combin\u00e9 avec notre \u00e9cran de chemin\u00e9e \u00e0 trois c\u00f4t\u00e9s.\" \/>\n<meta property=\"og:url\" content=\"https:\/\/timberstoves.eu\/fr\/produit\/cage-de-securite-elite\/\" \/>\n<meta property=\"og:site_name\" content=\"Timber Stoves Europe B.V. | Wood Pellet Fired Patio Heaters |\" \/>\n<meta property=\"article:publisher\" content=\"https:\/\/www.facebook.com\/Timberstoves\/\" \/>\n<meta property=\"article:modified_time\" content=\"2026-03-27T08:50:30+00:00\" \/>\n<meta property=\"og:image\" content=\"https:\/\/timberstoves.eu\/wp-content\/uploads\/2022\/06\/big-timber-elite-revere-patio-heater.jpg\" \/>\n\t<meta property=\"og:image:width\" content=\"2000\" \/>\n\t<meta property=\"og:image:height\" content=\"2000\" \/>\n\t<meta property=\"og:image:type\" content=\"image\/jpeg\" \/>\n<meta name=\"twitter:card\" content=\"summary_large_image\" \/>\n<meta name=\"twitter:site\" content=\"@TimberstovesEU\" \/>\n<meta name=\"twitter:label1\" content=\"Dur\u00e9e de lecture estim\u00e9e\" \/>\n\t<meta name=\"twitter:data1\" content=\"2 minutes\" \/>\n<script type=\"application\/ld+json\" class=\"yoast-schema-graph\">{\"@context\":\"https:\\\/\\\/schema.org\",\"@graph\":[{\"@type\":\"WebPage\",\"@id\":\"https:\\\/\\\/timberstoves.eu\\\/fr\\\/produit\\\/cage-de-securite-elite\\\/\",\"url\":\"https:\\\/\\\/timberstoves.eu\\\/fr\\\/produit\\\/cage-de-securite-elite\\\/\",\"name\":\"Cage de s\u00e9curit\u00e9 Elite - Timber Stoves Europe B.V. | Wood Pellet Fired Patio Heaters |\",\"isPartOf\":{\"@id\":\"https:\\\/\\\/timberstoves.eu\\\/fr\\\/#website\"},\"primaryImageOfPage\":{\"@id\":\"https:\\\/\\\/timberstoves.eu\\\/fr\\\/produit\\\/cage-de-securite-elite\\\/#primaryimage\"},\"image\":{\"@id\":\"https:\\\/\\\/timberstoves.eu\\\/fr\\\/produit\\\/cage-de-securite-elite\\\/#primaryimage\"},\"thumbnailUrl\":\"https:\\\/\\\/timberstoves.eu\\\/wp-content\\\/uploads\\\/2022\\\/06\\\/big-timber-elite-revere-patio-heater.jpg\",\"datePublished\":\"2017-09-07T21:10:45+00:00\",\"dateModified\":\"2026-03-27T08:50:30+00:00\",\"description\":\"Nouvelle cage de s\u00e9curit\u00e9 pour tuyau de po\u00eale pour votre chauffage de terrasse \u00e0 granul\u00e9s de bois. Parfait pour les restaurants lorsqu'il est combin\u00e9 avec notre \u00e9cran de chemin\u00e9e \u00e0 trois c\u00f4t\u00e9s.\",\"breadcrumb\":{\"@id\":\"https:\\\/\\\/timberstoves.eu\\\/fr\\\/produit\\\/cage-de-securite-elite\\\/#breadcrumb\"},\"inLanguage\":\"fr-FR\",\"potentialAction\":[{\"@type\":\"ReadAction\",\"target\":[\"https:\\\/\\\/timberstoves.eu\\\/fr\\\/produit\\\/cage-de-securite-elite\\\/\"]}]},{\"@type\":\"ImageObject\",\"inLanguage\":\"fr-FR\",\"@id\":\"https:\\\/\\\/timberstoves.eu\\\/fr\\\/produit\\\/cage-de-securite-elite\\\/#primaryimage\",\"url\":\"https:\\\/\\\/timberstoves.eu\\\/wp-content\\\/uploads\\\/2022\\\/06\\\/big-timber-elite-revere-patio-heater.jpg\",\"contentUrl\":\"https:\\\/\\\/timberstoves.eu\\\/wp-content\\\/uploads\\\/2022\\\/06\\\/big-timber-elite-revere-patio-heater.jpg\",\"width\":2000,\"height\":2000},{\"@type\":\"BreadcrumbList\",\"@id\":\"https:\\\/\\\/timberstoves.eu\\\/fr\\\/produit\\\/cage-de-securite-elite\\\/#breadcrumb\",\"itemListElement\":[{\"@type\":\"ListItem\",\"position\":1,\"name\":\"Home\",\"item\":\"https:\\\/\\\/timberstoves.eu\\\/fr\\\/accueil\\\/\"},{\"@type\":\"ListItem\",\"position\":2,\"name\":\"Boutique\",\"item\":\"https:\\\/\\\/timberstoves.eu\\\/fr\\\/?page_id=259141\"},{\"@type\":\"ListItem\",\"position\":3,\"name\":\"Cage de s\u00e9curit\u00e9 Elite\"}]},{\"@type\":\"WebSite\",\"@id\":\"https:\\\/\\\/timberstoves.eu\\\/fr\\\/#website\",\"url\":\"https:\\\/\\\/timberstoves.eu\\\/fr\\\/\",\"name\":\"Timber Stoves Europe B.V. | Wood Pellet Fired Patio Heaters |\",\"description\":\"Wood Pellet Patio Heaters.\",\"publisher\":{\"@id\":\"https:\\\/\\\/timberstoves.eu\\\/fr\\\/#organization\"},\"potentialAction\":[{\"@type\":\"SearchAction\",\"target\":{\"@type\":\"EntryPoint\",\"urlTemplate\":\"https:\\\/\\\/timberstoves.eu\\\/fr\\\/?s={search_term_string}\"},\"query-input\":{\"@type\":\"PropertyValueSpecification\",\"valueRequired\":true,\"valueName\":\"search_term_string\"}}],\"inLanguage\":\"fr-FR\"},{\"@type\":\"Organization\",\"@id\":\"https:\\\/\\\/timberstoves.eu\\\/fr\\\/#organization\",\"name\":\"Timber Stoves Europe B.V.\",\"url\":\"https:\\\/\\\/timberstoves.eu\\\/fr\\\/\",\"logo\":{\"@type\":\"ImageObject\",\"inLanguage\":\"fr-FR\",\"@id\":\"https:\\\/\\\/timberstoves.eu\\\/fr\\\/#\\\/schema\\\/logo\\\/image\\\/\",\"url\":\"https:\\\/\\\/timberstoves.eu\\\/wp-content\\\/uploads\\\/2023\\\/10\\\/TIMBER2.jpg\",\"contentUrl\":\"https:\\\/\\\/timberstoves.eu\\\/wp-content\\\/uploads\\\/2023\\\/10\\\/TIMBER2.jpg\",\"width\":300,\"height\":268,\"caption\":\"Timber Stoves Europe B.V.\"},\"image\":{\"@id\":\"https:\\\/\\\/timberstoves.eu\\\/fr\\\/#\\\/schema\\\/logo\\\/image\\\/\"},\"sameAs\":[\"https:\\\/\\\/www.facebook.com\\\/Timberstoves\\\/\",\"https:\\\/\\\/x.com\\\/TimberstovesEU\",\"https:\\\/\\\/www.instagram.com\\\/timberstoves_europe\\\/\"]}]}<\/script>\n<!-- \/ Yoast SEO plugin. -->","yoast_head_json":{"title":"Cage de s\u00e9curit\u00e9 Elite - Timber Stoves Europe B.V. | Wood Pellet Fired Patio Heaters |","description":"Nouvelle cage de s\u00e9curit\u00e9 pour tuyau de po\u00eale pour votre chauffage de terrasse \u00e0 granul\u00e9s de bois. Parfait pour les restaurants lorsqu'il est combin\u00e9 avec notre \u00e9cran de chemin\u00e9e \u00e0 trois c\u00f4t\u00e9s.","robots":{"index":"index","follow":"follow","max-snippet":"max-snippet:-1","max-image-preview":"max-image-preview:large","max-video-preview":"max-video-preview:-1"},"canonical":"https:\/\/timberstoves.eu\/fr\/produit\/cage-de-securite-elite\/","og_locale":"fr_FR","og_type":"article","og_title":"Cage de s\u00e9curit\u00e9 Elite - Timber Stoves Europe B.V. | Wood Pellet Fired Patio Heaters |","og_description":"Nouvelle cage de s\u00e9curit\u00e9 pour tuyau de po\u00eale pour votre chauffage de terrasse \u00e0 granul\u00e9s de bois. Parfait pour les restaurants lorsqu'il est combin\u00e9 avec notre \u00e9cran de chemin\u00e9e \u00e0 trois c\u00f4t\u00e9s.","og_url":"https:\/\/timberstoves.eu\/fr\/produit\/cage-de-securite-elite\/","og_site_name":"Timber Stoves Europe B.V. | Wood Pellet Fired Patio Heaters |","article_publisher":"https:\/\/www.facebook.com\/Timberstoves\/","article_modified_time":"2026-03-27T08:50:30+00:00","og_image":[{"width":2000,"height":2000,"url":"https:\/\/timberstoves.eu\/wp-content\/uploads\/2022\/06\/big-timber-elite-revere-patio-heater.jpg","type":"image\/jpeg"}],"twitter_card":"summary_large_image","twitter_site":"@TimberstovesEU","twitter_misc":{"Dur\u00e9e de lecture estim\u00e9e":"2 minutes"},"schema":{"@context":"https:\/\/schema.org","@graph":[{"@type":"WebPage","@id":"https:\/\/timberstoves.eu\/fr\/produit\/cage-de-securite-elite\/","url":"https:\/\/timberstoves.eu\/fr\/produit\/cage-de-securite-elite\/","name":"Cage de s\u00e9curit\u00e9 Elite - Timber Stoves Europe B.V. | Wood Pellet Fired Patio Heaters |","isPartOf":{"@id":"https:\/\/timberstoves.eu\/fr\/#website"},"primaryImageOfPage":{"@id":"https:\/\/timberstoves.eu\/fr\/produit\/cage-de-securite-elite\/#primaryimage"},"image":{"@id":"https:\/\/timberstoves.eu\/fr\/produit\/cage-de-securite-elite\/#primaryimage"},"thumbnailUrl":"https:\/\/timberstoves.eu\/wp-content\/uploads\/2022\/06\/big-timber-elite-revere-patio-heater.jpg","datePublished":"2017-09-07T21:10:45+00:00","dateModified":"2026-03-27T08:50:30+00:00","description":"Nouvelle cage de s\u00e9curit\u00e9 pour tuyau de po\u00eale pour votre chauffage de terrasse \u00e0 granul\u00e9s de bois. Parfait pour les restaurants lorsqu'il est combin\u00e9 avec notre \u00e9cran de chemin\u00e9e \u00e0 trois c\u00f4t\u00e9s.","breadcrumb":{"@id":"https:\/\/timberstoves.eu\/fr\/produit\/cage-de-securite-elite\/#breadcrumb"},"inLanguage":"fr-FR","potentialAction":[{"@type":"ReadAction","target":["https:\/\/timberstoves.eu\/fr\/produit\/cage-de-securite-elite\/"]}]},{"@type":"ImageObject","inLanguage":"fr-FR","@id":"https:\/\/timberstoves.eu\/fr\/produit\/cage-de-securite-elite\/#primaryimage","url":"https:\/\/timberstoves.eu\/wp-content\/uploads\/2022\/06\/big-timber-elite-revere-patio-heater.jpg","contentUrl":"https:\/\/timberstoves.eu\/wp-content\/uploads\/2022\/06\/big-timber-elite-revere-patio-heater.jpg","width":2000,"height":2000},{"@type":"BreadcrumbList","@id":"https:\/\/timberstoves.eu\/fr\/produit\/cage-de-securite-elite\/#breadcrumb","itemListElement":[{"@type":"ListItem","position":1,"name":"Home","item":"https:\/\/timberstoves.eu\/fr\/accueil\/"},{"@type":"ListItem","position":2,"name":"Boutique","item":"https:\/\/timberstoves.eu\/fr\/?page_id=259141"},{"@type":"ListItem","position":3,"name":"Cage de s\u00e9curit\u00e9 Elite"}]},{"@type":"WebSite","@id":"https:\/\/timberstoves.eu\/fr\/#website","url":"https:\/\/timberstoves.eu\/fr\/","name":"Timber Stoves Europe B.V. | Wood Pellet Fired Patio Heaters |","description":"Wood Pellet Patio Heaters.","publisher":{"@id":"https:\/\/timberstoves.eu\/fr\/#organization"},"potentialAction":[{"@type":"SearchAction","target":{"@type":"EntryPoint","urlTemplate":"https:\/\/timberstoves.eu\/fr\/?s={search_term_string}"},"query-input":{"@type":"PropertyValueSpecification","valueRequired":true,"valueName":"search_term_string"}}],"inLanguage":"fr-FR"},{"@type":"Organization","@id":"https:\/\/timberstoves.eu\/fr\/#organization","name":"Timber Stoves Europe B.V.","url":"https:\/\/timberstoves.eu\/fr\/","logo":{"@type":"ImageObject","inLanguage":"fr-FR","@id":"https:\/\/timberstoves.eu\/fr\/#\/schema\/logo\/image\/","url":"https:\/\/timberstoves.eu\/wp-content\/uploads\/2023\/10\/TIMBER2.jpg","contentUrl":"https:\/\/timberstoves.eu\/wp-content\/uploads\/2023\/10\/TIMBER2.jpg","width":300,"height":268,"caption":"Timber Stoves Europe B.V."},"image":{"@id":"https:\/\/timberstoves.eu\/fr\/#\/schema\/logo\/image\/"},"sameAs":["https:\/\/www.facebook.com\/Timberstoves\/","https:\/\/x.com\/TimberstovesEU","https:\/\/www.instagram.com\/timberstoves_europe\/"]}]}},"_links":{"self":[{"href":"https:\/\/timberstoves.eu\/fr\/wp-json\/wp\/v2\/product\/259184","targetHints":{"allow":["GET"]}}],"collection":[{"href":"https:\/\/timberstoves.eu\/fr\/wp-json\/wp\/v2\/product"}],"about":[{"href":"https:\/\/timberstoves.eu\/fr\/wp-json\/wp\/v2\/types\/product"}],"replies":[{"embeddable":true,"href":"https:\/\/timberstoves.eu\/fr\/wp-json\/wp\/v2\/comments?post=259184"}],"wp:featuredmedia":[{"embeddable":true,"href":"https:\/\/timberstoves.eu\/fr\/wp-json\/wp\/v2\/media\/249192"}],"wp:attachment":[{"href":"https:\/\/timberstoves.eu\/fr\/wp-json\/wp\/v2\/media?parent=259184"}],"wp:term":[{"taxonomy":"product_brand","embeddable":true,"href":"https:\/\/timberstoves.eu\/fr\/wp-json\/wp\/v2\/product_brand?post=259184"},{"taxonomy":"product_cat","embeddable":true,"href":"https:\/\/timberstoves.eu\/fr\/wp-json\/wp\/v2\/product_cat?post=259184"},{"taxonomy":"product_tag","embeddable":true,"href":"https:\/\/timberstoves.eu\/fr\/wp-json\/wp\/v2\/product_tag?post=259184"}],"curies":[{"name":"wp","href":"https:\/\/api.w.org\/{rel}","templated":true}]}}